{"id":9857,"date":"2024-05-22T11:34:26","date_gmt":"2024-05-22T16:34:26","guid":{"rendered":"https:\/\/www.creavaltec.com\/inicio\/?post_type=product&#038;p=9857"},"modified":"2025-04-15T11:05:05","modified_gmt":"2025-04-15T16:05:05","slug":"auricular-profesional-para-radio-af-7000-tipo-t","status":"publish","type":"product","link":"https:\/\/www.creavaltec.com\/inicio\/tienda\/auricular-profesional-para-radio-af-7000-tipo-t\/","title":{"rendered":"Auricular profesional para radio AF 7000 Tipo T"},"content":{"rendered":"<div class=\"mt2 mb2 \">\n<h4 class=\"weight--small-300 weight--large-200 block-mini-banner__title h3\" style=\"text-align: center;\"><span style=\"color: #333333;\">Auriculares enchufables tipo \u201cC\u201d<\/span><\/h4>\n<\/div>\n<div class=\"text text--300\">\n<div class=\"block-template overflow-hidden\">\n<h6 style=\"text-align: center;\"><span style=\"color: #333333;\">Uso intrauditivo, con mayor aislamiento ac\u00fastico, fabricado en material confortable y tama\u00f1o anat\u00f3mico<\/span><\/h6>\n<div class=\"mt2 mb2 \" style=\"text-align: center;\">\n<h4 class=\"weight--small-300 weight--large-200 block-mini-banner__title h3\">Cable con alivio de tensi\u00f3n de Kevlar<\/h4>\n<\/div>\n<div class=\"text text--300\">\n<div class=\"block-template overflow-hidden\">\n<h6 style=\"text-align: center;\">Mayor protecci\u00f3n de los cables contra flexi\u00f3n y tracci\u00f3n excesivas, reforzando su resistencia y longevidad.<\/h6>\n<div class=\"mt2 mb2 \" style=\"text-align: center;\">\n<h4 class=\"weight--small-300 weight--large-200 block-mini-banner__title h3\"><span style=\"color: #333333;\">PTT resistente con clip de fijaci\u00f3n met\u00e1lico de 360\u00ba<\/span><\/h4>\n<\/div>\n<div class=\"text text--300\">\n<div class=\"block-template overflow-hidden\">\n<h6 style=\"text-align: center;\"><span style=\"color: #333333;\">Su PTT con micr\u00f3fono hace que la comunicaci\u00f3n sea a\u00fan m\u00e1s clara y discreta, facilitando tus operaciones rutinarias.<\/span><\/h6>\n<h4 class=\"mt2 mb2 \" style=\"text-align: center;\"><span style=\"color: #333333;\">Movilidad para utilizar<\/span><\/h4>\n<div class=\"text text--300\">\n<div class=\"block-template overflow-hidden\">\n<h6 style=\"text-align: center;\"><span style=\"color: #333333;\">Medidas: Auricular hasta PTT 40cm + PTT hasta conector de audio 86cm. 1,26 metros totales<\/span><\/h6>\n<div class=\"mt2 mb2 \" style=\"text-align: center;\">\n<h4 class=\"weight--small-300 weight--large-200 block-mini-banner__title h3\"><span style=\"color: #333333;\">Compatible con radio anal\u00f3gica y digital<\/span><\/h4>\n<\/div>\n<div class=\"text text--300\">\n<div class=\"block-template overflow-hidden\">\n<h6 style=\"text-align: center;\"><span style=\"color: #333333;\">Desarrollado para operaciones con radios anal\u00f3gicas o digitales.<\/span><\/h6>\n<\/div>\n<\/div>\n<\/div>\n<\/div>\n<\/div>\n<\/div>\n<\/div>\n<\/div>\n<\/div>\n<\/div>\n","protected":false},"excerpt":{"rendered":"<h4><span style=\"color: #008000;\">El auricular AF 7000 (Tipo T) tiene un ajuste c\u00f3modo para un uso bidireccional en modo digital o anal\u00f3gico, proporciona la discreci\u00f3n necesaria durante su uso y un clip met\u00e1lico para su fijaci\u00f3n. Su PTT con micr\u00f3fono hace que la comunicaci\u00f3n sea a\u00fan m\u00e1s clara y, por lo tanto, facilita sus operaciones rutinarias. Aliviadores de tensi\u00f3n moldeados para una mayor protecci\u00f3n de los cables contra la flexi\u00f3n y la tracci\u00f3n excesiva que se basan en Kevlar\u00ae, lo que refuerza su resistencia y longevidad.<\/span><\/h4>\n","protected":false},"featured_media":9858,"comment_status":"closed","ping_status":"closed","template":"","meta":{"site-sidebar-layout":"default","site-content-layout":"default","ast-site-content-layout":"","site-content-style":"default","site-sidebar-style":"default","ast-global-header-display":"","ast-banner-title-visibility":"","ast-main-header-display":"","ast-hfb-above-header-display":"","ast-hfb-below-header-display":"","ast-hfb-mobile-header-display":"","site-post-title":"","ast-breadcrumbs-content":"","ast-featured-img":"","footer-sml-layout":"","theme-transparent-header-meta":"default","adv-header-id-meta":"","stick-header-meta":"","header-above-stick-meta":"","header-main-stick-meta":"","header-below-stick-meta":"","astra-migrate-meta-layouts":"default","ast-page-background-enabled":"default","ast-page-background-meta":{"desktop":{"background-color":"","background-image":"","background-repeat":"repeat","background-position":"center center","background-size":"auto","background-attachment":"scroll","background-type":"","background-media":"","overlay-type":"","overlay-color":"","overlay-opacity":"","overlay-gradient":""},"tablet":{"background-color":"","background-image":"","background-repeat":"repeat","background-position":"center center","background-size":"auto","background-attachment":"scroll","background-type":"","background-media":"","overlay-type":"","overlay-color":"","overlay-opacity":"","overlay-gradient":""},"mobile":{"background-color":"","background-image":"","background-repeat":"repeat","background-position":"center center","background-size":"auto","background-attachment":"scroll","background-type":"","background-media":"","overlay-type":"","overlay-color":"","overlay-opacity":"","overlay-gradient":""}},"ast-content-background-meta":{"desktop":{"background-color":"var(--ast-global-color-5)","background-image":"","background-repeat":"repeat","background-position":"center center","background-size":"auto","background-attachment":"scroll","background-type":"","background-media":"","overlay-type":"","overlay-color":"","overlay-opacity":"","overlay-gradient":""},"tablet":{"background-color":"var(--ast-global-color-5)","background-image":"","background-repeat":"repeat","background-position":"center center","background-size":"auto","background-attachment":"scroll","background-type":"","background-media":"","overlay-type":"","overlay-color":"","overlay-opacity":"","overlay-gradient":""},"mobile":{"background-color":"var(--ast-global-color-5)","background-image":"","background-repeat":"repeat","background-position":"center center","background-size":"auto","background-attachment":"scroll","background-type":"","background-media":"","overlay-type":"","overlay-color":"","overlay-opacity":"","overlay-gradient":""}}},"product_brand":[],"product_cat":[226],"product_tag":[],"class_list":{"0":"post-9857","1":"product","2":"type-product","3":"status-publish","4":"has-post-thumbnail","6":"product_cat-radios","7":"desktop-align-left","8":"tablet-align-left","9":"mobile-align-left","11":"first","12":"instock","13":"taxable","14":"shipping-taxable","15":"purchasable","16":"product-type-simple"},"jetpack_sharing_enabled":true,"_links":{"self":[{"href":"https:\/\/www.creavaltec.com\/inicio\/wp-json\/wp\/v2\/product\/9857","targetHints":{"allow":["GET"]}}],"collection":[{"href":"https:\/\/www.creavaltec.com\/inicio\/wp-json\/wp\/v2\/product"}],"about":[{"href":"https:\/\/www.creavaltec.com\/inicio\/wp-json\/wp\/v2\/types\/product"}],"replies":[{"embeddable":true,"href":"https:\/\/www.creavaltec.com\/inicio\/wp-json\/wp\/v2\/comments?post=9857"}],"version-history":[{"count":3,"href":"https:\/\/www.creavaltec.com\/inicio\/wp-json\/wp\/v2\/product\/9857\/revisions"}],"predecessor-version":[{"id":9861,"href":"https:\/\/www.creavaltec.com\/inicio\/wp-json\/wp\/v2\/product\/9857\/revisions\/9861"}],"wp:featuredmedia":[{"embeddable":true,"href":"https:\/\/www.creavaltec.com\/inicio\/wp-json\/wp\/v2\/media\/9858"}],"wp:attachment":[{"href":"https:\/\/www.creavaltec.com\/inicio\/wp-json\/wp\/v2\/media?parent=9857"}],"wp:term":[{"taxonomy":"product_brand","embeddable":true,"href":"https:\/\/www.creavaltec.com\/inicio\/wp-json\/wp\/v2\/product_brand?post=9857"},{"taxonomy":"product_cat","embeddable":true,"href":"https:\/\/www.creavaltec.com\/inicio\/wp-json\/wp\/v2\/product_cat?post=9857"},{"taxonomy":"product_tag","embeddable":true,"href":"https:\/\/www.creavaltec.com\/inicio\/wp-json\/wp\/v2\/product_tag?post=9857"}],"curies":[{"name":"wp","href":"https:\/\/api.w.org\/{rel}","templated":true}]}}