{"id":8687,"date":"2023-08-28T08:58:07","date_gmt":"2023-08-28T13:58:07","guid":{"rendered":"https:\/\/www.creavaltec.com\/inicio\/?post_type=product&#038;p=8687"},"modified":"2025-04-11T09:30:59","modified_gmt":"2025-04-11T14:30:59","slug":"caja-plastica-vbox-1100-e-negra-para-cctv","status":"publish","type":"product","link":"https:\/\/www.creavaltec.com\/inicio\/tienda\/caja-plastica-vbox-1100-e-negra-para-cctv\/","title":{"rendered":"Caja plastica VBOX 1100 E negra para CCTV"},"content":{"rendered":"<div>\n<div class=\"z-index-4 internal-fixed-navigation\">\n<div class=\"grid-container \">\n<div class=\"navigation-sticky\">\n<div class=\"grid-x align-middle\">\n<div class=\"cell navigation__cell-first large-auto text-left\">\n<div class=\"overflow-x-auto start\">\n<div class=\"overflow-x-auto__wrapper\">\n<nav class=\"pr4\">\n<div class=\"mt2 mb2 \">\n<h6 class=\"weight--small-300 weight--large-200 h3\" style=\"text-align: center;\">Con la caja plastica el <strong style=\"font-size: 16px;\">VBOX 1100 E Black<\/strong><span style=\"font-size: 16px;\">\u00a0profesionaliza el sistema de monitorizaci\u00f3n y asegura un excelente acabado para instalaciones de c\u00e1maras CCTV.<\/span><\/h6>\n<\/div>\n<div class=\"text text--300\">\n<div class=\"block-template overflow-hidden\">\n<p><img decoding=\"async\" class=\"aligncenter\" src=\"https:\/\/backend.intelbras.com\/sites\/default\/files\/styles\/large\/public\/2022-04\/aplicacao-perfeita-com-uma-camera-vbox-1100-black%20.jpg\" alt=\"aplicaci\u00f3n-perfecta-con-c\u00e1mara-vbox-1100-negro .jpg\" \/><\/p>\n<\/div>\n<\/div>\n<\/nav>\n<\/div>\n<\/div>\n<\/div>\n<\/div>\n<\/div>\n<\/div>\n<\/div>\n<\/div>\n<div>\n<div class=\"grid-container \">\n<div class=\"mt2 mb2 \">\n<div class=\"grid-container \">\n<div class=\"block-mini-banner\" data-ga-name=\"section-mini-banner\">\n<div class=\"grid-x grid-margin-x align-middle\">\n<div class=\"cell medium-auto medium-order-1\">\n<div class=\"block-mini-banner__content\">\n<div class=\"text text--300\">\n<div class=\"block-template overflow-hidden\">\n<div class=\"mt2 mb2 \">\n<h6 class=\"weight--small-300 weight--large-200 h3\" style=\"text-align: center;\">Facilidad de instalaci\u00f3n tiene un gancho de soporte de la cubierta, que le permite sostenerla mientras instala la c\u00e1mara. Compru\u00e9balo al lado de la imagen.<\/h6>\n<\/div>\n<\/div>\n<\/div>\n<\/div>\n<\/div>\n<\/div>\n<\/div>\n<\/div>\n<\/div>\n<div class=\"mt2 mb2 \">\n<div class=\"grid-container \">\n<div class=\"block-mini-banner\" data-ga-name=\"section-mini-banner\">\n<div class=\"grid-x grid-margin-x align-middle\">\n<div class=\"cell medium-6\">\n<div class=\"block-mini-banner__media\">\n<figure class=\"text-center object-fit--contain\"><img decoding=\"async\" class=\"aligncenter\" src=\"https:\/\/backend.intelbras.com\/sites\/default\/files\/styles\/large\/public\/2022-04\/facilidade-na-instalacao-vbox-1100-black%20.jpg\" alt=\"facilidad-de-instalaci\u00f3n-vbox-1100-negro .jpg\" \/><\/figure>\n<p>&nbsp;<\/p>\n<div class=\"mt2 mb2 \">\n<h6 class=\"weight--small-300 weight--large-200 h3\">Aplicaci\u00f3n perfecta con c\u00e1mara fabricada con pl\u00e1stico resistente, puede instalar una c\u00e1mara en la caja de conexiones como desee, ya sea alrededor o encima de ella.<\/h6>\n<\/div>\n<p><img decoding=\"async\" class=\"aligncenter\" src=\"https:\/\/backend.intelbras.com\/sites\/default\/files\/styles\/large\/public\/2022-04\/garantia-de-qualidade-intelbras-vbox-1100-black%20.jpg\" alt=\"garant\u00eda-de-calidad-intelbras-vbox-1100-negro .jpg\" \/><\/p>\n<\/div>\n<\/div>\n<\/div>\n<\/div>\n<\/div>\n<\/div>\n<div class=\"mt2 mb2 \">\n<div class=\"grid-container \">\n<div class=\"block-mini-banner\" data-ga-name=\"section-mini-banner\">\n<div class=\"grid-x grid-margin-x align-middle\">\n<div class=\"cell medium-auto medium-order-1\">\n<div class=\"block-mini-banner__content\">\n<div class=\"mt2 mb2 \">\n<div class=\"mt2 mb2 \">\n<h6 class=\"weight--small-300 weight--large-200 h3\" style=\"text-align: center;\">El cierre es tu elecci\u00f3n es posible cerrarlo a trav\u00e9s de la tapa con un fuerte &#8220;clic&#8221; y\/o cerrarlo con dos tornillos. Instalar seg\u00fan sea necesario.<\/h6>\n<\/div>\n<\/div>\n<\/div>\n<\/div>\n<\/div>\n<\/div>\n<\/div>\n<\/div>\n<div class=\"mt2 mb2 \">\n<div class=\"grid-container \">\n<div class=\"block-mini-banner\" data-ga-name=\"section-mini-banner\">\n<div class=\"grid-x grid-margin-x align-middle\">\n<div class=\"cell medium-6\">\n<div class=\"block-mini-banner__media\">\n<figure class=\"text-center object-fit--contain\"><img decoding=\"async\" class=\"aligncenter\" src=\"https:\/\/backend.intelbras.com\/sites\/default\/files\/styles\/large\/public\/2022-04\/o-fechamento-e-voce-que-escolhe-vbox-1100-black%20.jpg\" alt=\"el-cierre-y-t\u00fa-eliges-vbox-1100-negro .jpg\" \/><\/figure>\n<p>&nbsp;<\/p>\n<\/div>\n<\/div>\n<div class=\"cell medium-auto\">\n<div class=\"block-mini-banner__content\">\n<div class=\"text text--300\">\n<div class=\"block-template overflow-hidden\">\n<div class=\"mt2 mb2 \">\n<h6 class=\"weight--small-300 weight--large-200 h3\" style=\"text-align: center;\">Facilidad para pasar cablese s posible pasar los cables a trav\u00e9s de una referencia en los cuatro lados del producto o por la parte trasera. Mira las im\u00e1genes al lado:<\/h6>\n<\/div>\n<\/div>\n<\/div>\n<\/div>\n<\/div>\n<\/div>\n<\/div>\n<\/div>\n<\/div>\n<div class=\"mt2 mb2 \">\n<div class=\"grid-container \">\n<div class=\"block-mini-banner\" data-ga-name=\"section-mini-banner\">\n<div class=\"grid-x grid-margin-x align-middle\">\n<div class=\"cell medium-6 medium-order-2 large-offset-1\">\n<div class=\"block-mini-banner__media\">\n<figure class=\"text-center object-fit--contain\"><img decoding=\"async\" class=\"aligncenter\" src=\"https:\/\/backend.intelbras.com\/sites\/default\/files\/styles\/large\/public\/2022-04\/facilidade-na-passagem-dos-fios-vbox-1100-black%20.jpg\" alt=\"facilidad-en-el-paso-de-cables-vbox-1100-negro .jpg\" \/><\/figure>\n<h6 style=\"text-align: center;\">Caja de paso CCTV<br \/>\n\u00bb. Material de plastico<br \/>\n\u00bb. 1 a\u00f1o de garant\u00eda<br \/>\n\u00bb. Montaje en pared o techo<\/h6>\n<h6 style=\"text-align: center;\">\u00bb. Dimensiones (An x Al x Pr) (Al x \u00f8) 102 x 101 x 53 mm<br \/>\n\u00bb. Peso 0,081 kilos<br \/>\n\u00bb. Peso m\u00e1ximo soportado 200 g ~ 300 g (se puede ampliar a 1 kg agregando pernos y tuercas m\u00e9tricos)<\/h6>\n<\/div>\n<\/div>\n<\/div>\n<\/div>\n<\/div>\n<\/div>\n<\/div>\n<\/div>\n","protected":false},"excerpt":{"rendered":"<h5><span style=\"color: #008000;\">Las cajas de paso para c\u00e1maras CCTV fueron desarrolladas para darle un mejor acabado a las instalaciones.<\/span><\/h5>\n<h5><span style=\"color: #008000;\">Dimensiones (An x Al x Pr) (Al x \u00f8) 102 x 101 x 53 mm<\/span><br \/>\n<span style=\"color: #008000;\">Peso 0,081 kilos<\/span><\/h5>\n","protected":false},"featured_media":8925,"comment_status":"closed","ping_status":"closed","template":"","meta":{"site-sidebar-layout":"default","site-content-layout":"default","ast-site-content-layout":"","site-content-style":"default","site-sidebar-style":"default","ast-global-header-display":"","ast-banner-title-visibility":"","ast-main-header-display":"","ast-hfb-above-header-display":"","ast-hfb-below-header-display":"","ast-hfb-mobile-header-display":"","site-post-title":"","ast-breadcrumbs-content":"","ast-featured-img":"","footer-sml-layout":"","theme-transparent-header-meta":"default","adv-header-id-meta":"","stick-header-meta":"","header-above-stick-meta":"","header-main-stick-meta":"","header-below-stick-meta":"","astra-migrate-meta-layouts":"default","ast-page-background-enabled":"default","ast-page-background-meta":{"desktop":{"background-color":"","background-image":"","background-repeat":"repeat","background-position":"center center","background-size":"auto","background-attachment":"scroll","background-type":"","background-media":"","overlay-type":"","overlay-color":"","overlay-opacity":"","overlay-gradient":""},"tablet":{"background-color":"","background-image":"","background-repeat":"repeat","background-position":"center center","background-size":"auto","background-attachment":"scroll","background-type":"","background-media":"","overlay-type":"","overlay-color":"","overlay-opacity":"","overlay-gradient":""},"mobile":{"background-color":"","background-image":"","background-repeat":"repeat","background-position":"center center","background-size":"auto","background-attachment":"scroll","background-type":"","background-media":"","overlay-type":"","overlay-color":"","overlay-opacity":"","overlay-gradient":""}},"ast-content-background-meta":{"desktop":{"background-color":"var(--ast-global-color-5)","background-image":"","background-repeat":"repeat","background-position":"center center","background-size":"auto","background-attachment":"scroll","background-type":"","background-media":"","overlay-type":"","overlay-color":"","overlay-opacity":"","overlay-gradient":""},"tablet":{"background-color":"var(--ast-global-color-5)","background-image":"","background-repeat":"repeat","background-position":"center center","background-size":"auto","background-attachment":"scroll","background-type":"","background-media":"","overlay-type":"","overlay-color":"","overlay-opacity":"","overlay-gradient":""},"mobile":{"background-color":"var(--ast-global-color-5)","background-image":"","background-repeat":"repeat","background-position":"center center","background-size":"auto","background-attachment":"scroll","background-type":"","background-media":"","overlay-type":"","overlay-color":"","overlay-opacity":"","overlay-gradient":""}}},"product_brand":[],"product_cat":[223],"product_tag":[],"class_list":{"0":"post-8687","1":"product","2":"type-product","3":"status-publish","4":"has-post-thumbnail","6":"product_cat-camara_dvr_inteligentes","7":"desktop-align-left","8":"tablet-align-left","9":"mobile-align-left","11":"first","12":"outofstock","13":"taxable","14":"shipping-taxable","15":"purchasable","16":"product-type-simple"},"jetpack_sharing_enabled":true,"_links":{"self":[{"href":"https:\/\/www.creavaltec.com\/inicio\/wp-json\/wp\/v2\/product\/8687","targetHints":{"allow":["GET"]}}],"collection":[{"href":"https:\/\/www.creavaltec.com\/inicio\/wp-json\/wp\/v2\/product"}],"about":[{"href":"https:\/\/www.creavaltec.com\/inicio\/wp-json\/wp\/v2\/types\/product"}],"replies":[{"embeddable":true,"href":"https:\/\/www.creavaltec.com\/inicio\/wp-json\/wp\/v2\/comments?post=8687"}],"version-history":[{"count":2,"href":"https:\/\/www.creavaltec.com\/inicio\/wp-json\/wp\/v2\/product\/8687\/revisions"}],"predecessor-version":[{"id":8690,"href":"https:\/\/www.creavaltec.com\/inicio\/wp-json\/wp\/v2\/product\/8687\/revisions\/8690"}],"wp:featuredmedia":[{"embeddable":true,"href":"https:\/\/www.creavaltec.com\/inicio\/wp-json\/wp\/v2\/media\/8925"}],"wp:attachment":[{"href":"https:\/\/www.creavaltec.com\/inicio\/wp-json\/wp\/v2\/media?parent=8687"}],"wp:term":[{"taxonomy":"product_brand","embeddable":true,"href":"https:\/\/www.creavaltec.com\/inicio\/wp-json\/wp\/v2\/product_brand?post=8687"},{"taxonomy":"product_cat","embeddable":true,"href":"https:\/\/www.creavaltec.com\/inicio\/wp-json\/wp\/v2\/product_cat?post=8687"},{"taxonomy":"product_tag","embeddable":true,"href":"https:\/\/www.creavaltec.com\/inicio\/wp-json\/wp\/v2\/product_tag?post=8687"}],"curies":[{"name":"wp","href":"https:\/\/api.w.org\/{rel}","templated":true}]}}