{"id":8079,"date":"2025-09-01T11:38:29","date_gmt":"2025-09-01T16:38:29","guid":{"rendered":"https:\/\/www.creavaltec.com\/inicio\/?post_type=product&#038;p=8079"},"modified":"2025-09-01T11:38:30","modified_gmt":"2025-09-01T16:38:30","slug":"camara-de-tv-para-sistema-de-seguridad-vhd-1220-d-g7-black","status":"publish","type":"product","link":"https:\/\/www.creavaltec.com\/inicio\/tienda\/camara-de-tv-para-sistema-de-seguridad-vhd-1220-d-g7-black\/","title":{"rendered":"C\u00e1mara de Tv para Sistema de Seguridad VHD 1220 D G7 BLACK"},"content":{"rendered":"<h6 class=\"mt2 mb2 \" style=\"text-align: center;\">Funciones m\u00faltiples con men\u00fa OSD realice configuraciones y ajustes a las im\u00e1genes a trav\u00e9s del propio DVR, a trav\u00e9s de un cable de video, lo que garantiza una mayor practicidad en diferentes escenarios de instalaci\u00f3n.<\/h6>\n<div class=\"text text--300\">\n<h6 style=\"text-align: center;\"><\/h6>\n<h6 class=\"weight--small-300 weight--large-200 h3\" style=\"text-align: center;\">Imagen perfecta en resoluci\u00f3n Full HD presenta im\u00e1genes en definici\u00f3n Full HD (1080p) y una instalaci\u00f3n simplificada para aprovechar las estructuras de sistemas anal\u00f3gicos existentes.<\/h6>\n<div class=\"text text--300\">\n<div class=\"block-template overflow-hidden\">\n<h6 style=\"text-align: center;\"><\/h6>\n<h6 style=\"text-align: center;\"><\/h6>\n<h6 class=\"weight--small-300 weight--large-200 h3\" style=\"text-align: center;\">Amplio \u00e1ngulo de visi\u00f3n con un \u00e1ngulo de apertura de 109\u00b0, es capaz de adaptarse a diferentes ambientes, asegurando una mayor apertura de imagen para monitorear grandes localizaciones.<\/h6>\n<div class=\"text text--300\">\n<div class=\"block-template overflow-hidden\">\n<h6 style=\"text-align: center;\"><\/h6>\n<h6 class=\"weight--small-300 weight--large-200 h3\" style=\"text-align: center;\">Ver en completa oscuridad: rango IR el iluminador infrarrojo presente en el modelo, aunque invisible al ojo humano, tiene un alcance de 20 metros, ideal para ambientes oscuros.<\/h6>\n<div class=\"text text--300\">\n<div class=\"block-template overflow-hidden\">\n<h6 class=\"mt2 mb2 \" style=\"text-align: center;\">M\u00e1s protecci\u00f3n, m\u00e1s durabilidad la c\u00e1mara tiene un circuito adicional de protecci\u00f3n contra sobretensiones y una carcasa de pl\u00e1stico con protecci\u00f3n anti-UV.<\/h6>\n<\/div>\n<\/div>\n<\/div>\n<\/div>\n<\/div>\n<\/div>\n<\/div>\n","protected":false},"excerpt":{"rendered":"<h4><span style=\"color: #339966;\">Ofrece im\u00e1genes en Full HD (1080p) e instalaci\u00f3n simplificada para reutilizar la estructura del sistema anal\u00f3gico existente.<\/span><\/h4>\n","protected":false},"featured_media":0,"comment_status":"closed","ping_status":"closed","template":"","meta":{"site-sidebar-layout":"default","site-content-layout":"default","ast-site-content-layout":"default","site-content-style":"default","site-sidebar-style":"default","ast-global-header-display":"","ast-banner-title-visibility":"","ast-main-header-display":"","ast-hfb-above-header-display":"","ast-hfb-below-header-display":"","ast-hfb-mobile-header-display":"","site-post-title":"","ast-breadcrumbs-content":"","ast-featured-img":"","footer-sml-layout":"","theme-transparent-header-meta":"default","adv-header-id-meta":"","stick-header-meta":"","header-above-stick-meta":"","header-main-stick-meta":"","header-below-stick-meta":"","astra-migrate-meta-layouts":"set","ast-page-background-enabled":"default","ast-page-background-meta":{"desktop":{"background-color":"","background-image":"","background-repeat":"repeat","background-position":"center center","background-size":"auto","background-attachment":"scroll","background-type":"","background-media":"","overlay-type":"","overlay-color":"","overlay-opacity":"","overlay-gradient":""},"tablet":{"background-color":"","background-image":"","background-repeat":"repeat","background-position":"center center","background-size":"auto","background-attachment":"scroll","background-type":"","background-media":"","overlay-type":"","overlay-color":"","overlay-opacity":"","overlay-gradient":""},"mobile":{"background-color":"","background-image":"","background-repeat":"repeat","background-position":"center center","background-size":"auto","background-attachment":"scroll","background-type":"","background-media":"","overlay-type":"","overlay-color":"","overlay-opacity":"","overlay-gradient":""}},"ast-content-background-meta":{"desktop":{"background-color":"var(--ast-global-color-5)","background-image":"","background-repeat":"repeat","background-position":"center center","background-size":"auto","background-attachment":"scroll","background-type":"","background-media":"","overlay-type":"","overlay-color":"","overlay-opacity":"","overlay-gradient":""},"tablet":{"background-color":"var(--ast-global-color-5)","background-image":"","background-repeat":"repeat","background-position":"center center","background-size":"auto","background-attachment":"scroll","background-type":"","background-media":"","overlay-type":"","overlay-color":"","overlay-opacity":"","overlay-gradient":""},"mobile":{"background-color":"var(--ast-global-color-5)","background-image":"","background-repeat":"repeat","background-position":"center center","background-size":"auto","background-attachment":"scroll","background-type":"","background-media":"","overlay-type":"","overlay-color":"","overlay-opacity":"","overlay-gradient":""}}},"product_brand":[],"product_cat":[223],"product_tag":[],"class_list":{"0":"post-8079","1":"product","2":"type-product","3":"status-publish","5":"product_cat-camara_dvr_inteligentes","6":"desktop-align-left","7":"tablet-align-left","8":"mobile-align-left","10":"first","11":"instock","12":"taxable","13":"shipping-taxable","14":"product-type-simple"},"jetpack_sharing_enabled":true,"_links":{"self":[{"href":"https:\/\/www.creavaltec.com\/inicio\/wp-json\/wp\/v2\/product\/8079","targetHints":{"allow":["GET"]}}],"collection":[{"href":"https:\/\/www.creavaltec.com\/inicio\/wp-json\/wp\/v2\/product"}],"about":[{"href":"https:\/\/www.creavaltec.com\/inicio\/wp-json\/wp\/v2\/types\/product"}],"replies":[{"embeddable":true,"href":"https:\/\/www.creavaltec.com\/inicio\/wp-json\/wp\/v2\/comments?post=8079"}],"version-history":[{"count":2,"href":"https:\/\/www.creavaltec.com\/inicio\/wp-json\/wp\/v2\/product\/8079\/revisions"}],"predecessor-version":[{"id":12764,"href":"https:\/\/www.creavaltec.com\/inicio\/wp-json\/wp\/v2\/product\/8079\/revisions\/12764"}],"wp:attachment":[{"href":"https:\/\/www.creavaltec.com\/inicio\/wp-json\/wp\/v2\/media?parent=8079"}],"wp:term":[{"taxonomy":"product_brand","embeddable":true,"href":"https:\/\/www.creavaltec.com\/inicio\/wp-json\/wp\/v2\/product_brand?post=8079"},{"taxonomy":"product_cat","embeddable":true,"href":"https:\/\/www.creavaltec.com\/inicio\/wp-json\/wp\/v2\/product_cat?post=8079"},{"taxonomy":"product_tag","embeddable":true,"href":"https:\/\/www.creavaltec.com\/inicio\/wp-json\/wp\/v2\/product_tag?post=8079"}],"curies":[{"name":"wp","href":"https:\/\/api.w.org\/{rel}","templated":true}]}}