{"id":7646,"date":"2023-03-30T12:58:20","date_gmt":"2023-03-30T17:58:20","guid":{"rendered":"https:\/\/www.creavaltec.com\/inicio\/?post_type=product&#038;p=7646"},"modified":"2023-08-01T10:31:46","modified_gmt":"2023-08-01T15:31:46","slug":"sensor-pasivo-inalambrico-ivp-8000-pet-cam","status":"publish","type":"product","link":"https:\/\/www.creavaltec.com\/inicio\/tienda\/sensor-pasivo-inalambrico-ivp-8000-pet-cam\/","title":{"rendered":"Sensor pasivo inal\u00e1mbrico IVP 8000 PET CAM"},"content":{"rendered":"<div>\n<div class=\"z-index-4 internal-fixed-navigation\">\n<div class=\"grid-container \">\n<div class=\"navigation-sticky\">\n<div class=\"grid-x align-middle\">\n<div class=\"cell large-shrink navigation__cell-second\">\n<div>\n<div class=\"mt2 mb2 \">\n<h6 class=\"weight--small-300 weight--large-200 h3\" style=\"text-align: center;\">Identificaci\u00f3n de disparadores en tiempo real<\/h6>\n<\/div>\n<div class=\"text text--300\">\n<div class=\"block-template overflow-hidden\">\n<h6 style=\"text-align: center;\">A trav\u00e9s de la c\u00e1mara, el sensor registra la toma y la env\u00eda a la aplicaci\u00f3n Guardian.\u00a0La tecnolog\u00eda Photocheck comprueba inmediatamente si hay intrusiones.<\/h6>\n<h6 style=\"text-align: center;\">Este producto cuenta con encriptaci\u00f3n en la transmisi\u00f3n de datos personales.<\/h6>\n<\/div>\n<\/div>\n<\/div>\n<div class=\"navigation__cell-second-container\"><img decoding=\"async\" class=\"aligncenter\" style=\"font-style: inherit; font-weight: inherit;\" src=\"https:\/\/backend.intelbras.com\/sites\/default\/files\/styles\/large\/public\/2020-06\/2662-A-Novo-Flyer-Digital-IVP-8000-PET-CAM_bloco-01.jpg\" alt=\"Folleto-Digital-IVP-8000-PET-CAM_bloco-01\" \/><\/div>\n<\/div>\n<\/div>\n<\/div>\n<\/div>\n<\/div>\n<\/div>\n<div>\n<div class=\"grid-container \">\n<div class=\"mt2 mb2 \">\n<div class=\"grid-container \">\n<div class=\"block-mini-banner\" data-ga-name=\"section-mini-banner\">\n<div class=\"grid-x grid-margin-x align-middle\">\n<div class=\"cell medium-6 medium-order-2 large-offset-1\">\n<h6><\/h6>\n<h6 class=\"block-mini-banner__media\" style=\"text-align: center;\">Mas seguridad para tus mascotas<\/h6>\n<\/div>\n<div class=\"cell medium-auto medium-order-1\">\n<div class=\"block-mini-banner__content\">\n<div class=\"text text--300\">\n<div class=\"block-template overflow-hidden\">\n<div class=\"text text--300\">\n<div class=\"block-template overflow-hidden\">\n<h6 style=\"text-align: center;\">Desarrollado con tecnolog\u00eda PET Immunity hasta 20 kg, el dispositivo es capaz de identificar amenazas reales y distinguir peque\u00f1os animales.<\/h6>\n<\/div>\n<\/div>\n<\/div>\n<\/div>\n<\/div>\n<\/div>\n<\/div>\n<\/div>\n<\/div>\n<\/div>\n<div class=\"mt2 mb2 \">\n<div class=\"grid-container \">\n<div class=\"block-mini-banner\" data-ga-name=\"section-mini-banner\">\n<div class=\"grid-x grid-margin-x align-middle\">\n<div class=\"cell medium-6\">\n<div class=\"block-mini-banner__media\" style=\"text-align: center;\">\n<figure class=\"text-center object-fit--contain\"><img decoding=\"async\" class=\"aligncenter\" src=\"https:\/\/backend.intelbras.com\/sites\/default\/files\/styles\/large\/public\/2020-06\/2662-A-Novo-Flyer-Digital-IVP-8000-PET-CAM_bloco-02.jpg\" alt=\"Folleto-Digital-IVP-8000-PET-CAM_bloco-02\" \/><\/figure>\n<\/div>\n<\/div>\n<div class=\"cell medium-auto\">\n<div class=\"block-mini-banner__content\">\n<div class=\"mt2 mb2 \">\n<div class=\"mt2 mb2 \" style=\"text-align: center;\">\n<h6 class=\"weight--small-300 weight--large-200 h3\">Configuraci\u00f3n v\u00eda software remoto<\/h6>\n<\/div>\n<div class=\"text text--300\">\n<div class=\"block-template overflow-hidden\">\n<h6 style=\"text-align: center;\">A trav\u00e9s de la aplicaci\u00f3n AMT Remote Mobile, es posible configurar de forma remota los niveles de sensibilidad del sensor adapt\u00e1ndose al lugar de instalaci\u00f3n.<\/h6>\n<\/div>\n<\/div>\n<\/div>\n<div class=\"text text--300\">\n<div class=\"block-template overflow-hidden\">\n<p>&nbsp;<\/p>\n<\/div>\n<\/div>\n<\/div>\n<\/div>\n<\/div>\n<\/div>\n<\/div>\n<\/div>\n<div class=\"mt2 mb2 \">\n<div class=\"grid-container \">\n<div class=\"block-mini-banner\" data-ga-name=\"section-mini-banner\">\n<div class=\"grid-x grid-margin-x align-middle\">\n<div class=\"cell medium-6 medium-order-2 large-offset-1\">\n<figure class=\"text-center object-fit--contain\"><img decoding=\"async\" class=\"aligncenter\" src=\"https:\/\/backend.intelbras.com\/sites\/default\/files\/styles\/large\/public\/2020-06\/2662-A-Novo-Flyer-Digital-IVP-8000-PET-CAM_bloco-03.jpg\" alt=\"Folleto-Digital-IVP-8000-PET-CAM_bloco-03\" \/><\/figure>\n<\/div>\n<div class=\"cell medium-auto medium-order-1\">\n<div class=\"block-mini-banner__content\">\n<div class=\"text text--300\">\n<div class=\"block-template overflow-hidden\">\n<div class=\"text text--300\">\n<div class=\"block-template overflow-hidden\">\n<h6 style=\"text-align: center;\">El Sistema 8000 de alarmas y sensores es completamente inal\u00e1mbrico y tiene alta eficiencia de comunicaci\u00f3n, garantizando practicidad y mayor alcance de cobertura.<\/h6>\n<\/div>\n<\/div>\n<\/div>\n<\/div>\n<\/div>\n<\/div>\n<\/div>\n<\/div>\n<\/div>\n<\/div>\n<div class=\"mt2 mb2 \">\n<div class=\"grid-container \">\n<div class=\"block-mini-banner\" data-ga-name=\"section-mini-banner\">\n<div class=\"grid-x grid-margin-x align-middle\">\n<div class=\"cell medium-6\">\n<div class=\"block-mini-banner__media\">\n<figure class=\"text-center object-fit--contain\"><img decoding=\"async\" class=\"aligncenter\" src=\"https:\/\/backend.intelbras.com\/sites\/default\/files\/styles\/large\/public\/2020-06\/2662-A-Novo-Flyer-Digital-IVP-8000-PET-CAM_bloco-04.jpg\" alt=\"Folleto-Digital-IVP-8000-PET-CAM_bloco-04\" \/><\/figure>\n<\/div>\n<\/div>\n<div class=\"cell medium-auto\">\n<div class=\"block-mini-banner__content\">\n<div class=\"mt2 mb2 \">\n<div class=\"mt2 mb2 \">\n<h6 class=\"weight--small-300 weight--large-200 h3\" style=\"text-align: center;\">De largo alcance<\/h6>\n<\/div>\n<div class=\"text text--300\" style=\"text-align: center;\">\n<div class=\"block-template overflow-hidden\">\n<h6>Con un alcance de transmisi\u00f3n de hasta 600 metros, se puede aplicar en puntos alejados del posicionamiento de la central de alarma.<\/h6>\n<\/div>\n<\/div>\n<\/div>\n<\/div>\n<\/div>\n<\/div>\n<\/div>\n<\/div>\n<\/div>\n<div class=\"mt2 mb2 \">\n<div class=\"grid-container \">\n<div class=\"block-mini-banner\" data-ga-name=\"section-mini-banner\">\n<div class=\"grid-x grid-margin-x align-middle\">\n<div class=\"cell medium-6 medium-order-2 large-offset-1\">\n<div class=\"block-mini-banner__media\">\n<figure class=\"text-center object-fit--contain\"><img decoding=\"async\" class=\"aligncenter\" src=\"https:\/\/backend.intelbras.com\/sites\/default\/files\/styles\/large\/public\/2020-06\/2662-A-Novo-Flyer-Digital-IVP-8000-PET-CAM_bloco-05.jpg\" alt=\"Folleto-Digital-IVP-8000-PET-CAM_bloco-05\" \/><\/figure>\n<h6 style=\"text-align: center;\">En el momento de la intrusi\u00f3n, el sensor graba la foto del entorno y la env\u00eda a el panel de control AMT 8000. Por lo tanto, es posible hacer una evaluaci\u00f3n precisa del evento al ver la imagen por la aplicaci\u00f3n de monitoreo.<br \/>\nEste producto tiene encriptaci\u00f3n en la transmisi\u00f3n de datos.<\/h6>\n<h6 style=\"text-align: center;\">&#8221; F\u00e1cil instalaci\u00f3n<br \/>\n\u00bb C\u00e1mara con visi\u00f3n nocturna<br \/>\n\u00bb \u00c1ngulo de detecci\u00f3n PIR de 90\u00b0<br \/>\n\u00bb \u00c1ngulo de captura de c\u00e1mara de 110\u00b0<br \/>\n\u00bb Configuraci\u00f3n simple a trav\u00e9s de la aplicaci\u00f3n AMT Remote Mobile<br \/>\n\u00bb Inmunidad a animales dom\u00e9sticos hasta 20 kg, evitando<br \/>\ndisparos accidentales<br \/>\n\u00bb Alcance de detecci\u00f3n hasta 12 m<br \/>\n\u00bb Comunicaci\u00f3n inal\u00e1mbrica supervisada bidireccional y<br \/>\nencriptado<br \/>\n\u00bb Interruptor anti-sabotaje delantero y trasero<br \/>\n\u00bb LED para comprobar el estado de la comunicaci\u00f3n<br \/>\n\u00bb Bater\u00eda de larga duraci\u00f3n<br \/>\n\u00bb Alcance de transmisi\u00f3n de 600 metros sin obst\u00e1culos<\/h6>\n<\/div>\n<\/div>\n<\/div>\n<\/div>\n<\/div>\n<\/div>\n<\/div>\n<\/div>\n","protected":false},"excerpt":{"rendered":"<h4><span style=\"color: #008000;\">CAM PET IVP 8000 sensor de movimiento infrarrojo pasivo con c\u00e1mara integrada inal\u00e1mbrico con una c\u00e1mara integrada en el circuito de detecci\u00f3n, el sensor de movimiento infrarrojo pasivo IVP 8000 PET CAM es la soluci\u00f3n perfecta para la verificaci\u00f3n vista de disparos.<\/span><\/h4>\n<h4><span style=\"color: #008000;\">Entorno de aplicaci\u00f3n interna<\/span><br \/>\n<span style=\"color: #008000;\">C\u00e1mara de visi\u00f3n nocturna S\u00ed<\/span><br \/>\n<span style=\"color: #008000;\">Formato de imagen QVGA<\/span><br \/>\n<span style=\"color: #008000;\">Rango de detecci\u00f3n PIR Hasta 12 metros<\/span><br \/>\n<span style=\"color: #008000;\">Modulaci\u00f3n DSSS BPSK 40 kbps<\/span><br \/>\n<span style=\"color: #008000;\">Sensor supervisado S\u00ed<\/span><br \/>\n<span style=\"color: #008000;\">Inmunidad a mascotas Hasta 20 kg<\/span><br \/>\n<span style=\"color: #008000;\">Comunicaci\u00f3n encriptada (m\u00e1s seguridad) S\u00ed<\/span><br \/>\n<span style=\"color: #008000;\">Ajuste facilitado por la aplicaci\u00f3n A trav\u00e9s de AMT remoto m\u00f3vil<\/span><br \/>\n<span style=\"color: #008000;\">Compatibilidad del panel de control de alarma AMT 8000<\/span><\/h4>\n","protected":false},"featured_media":5712,"comment_status":"closed","ping_status":"closed","template":"","meta":{"site-sidebar-layout":"default","site-content-layout":"default","ast-site-content-layout":"","site-content-style":"default","site-sidebar-style":"default","ast-global-header-display":"","ast-banner-title-visibility":"","ast-main-header-display":"","ast-hfb-above-header-display":"","ast-hfb-below-header-display":"","ast-hfb-mobile-header-display":"","site-post-title":"","ast-breadcrumbs-content":"","ast-featured-img":"","footer-sml-layout":"","theme-transparent-header-meta":"default","adv-header-id-meta":"","stick-header-meta":"","header-above-stick-meta":"","header-main-stick-meta":"","header-below-stick-meta":"","astra-migrate-meta-layouts":"default","ast-page-background-enabled":"default","ast-page-background-meta":{"desktop":{"background-color":"","background-image":"","background-repeat":"repeat","background-position":"center center","background-size":"auto","background-attachment":"scroll","background-type":"","background-media":"","overlay-type":"","overlay-color":"","overlay-opacity":"","overlay-gradient":""},"tablet":{"background-color":"","background-image":"","background-repeat":"repeat","background-position":"center center","background-size":"auto","background-attachment":"scroll","background-type":"","background-media":"","overlay-type":"","overlay-color":"","overlay-opacity":"","overlay-gradient":""},"mobile":{"background-color":"","background-image":"","background-repeat":"repeat","background-position":"center center","background-size":"auto","background-attachment":"scroll","background-type":"","background-media":"","overlay-type":"","overlay-color":"","overlay-opacity":"","overlay-gradient":""}},"ast-content-background-meta":{"desktop":{"background-color":"var(--ast-global-color-5)","background-image":"","background-repeat":"repeat","background-position":"center center","background-size":"auto","background-attachment":"scroll","background-type":"","background-media":"","overlay-type":"","overlay-color":"","overlay-opacity":"","overlay-gradient":""},"tablet":{"background-color":"var(--ast-global-color-5)","background-image":"","background-repeat":"repeat","background-position":"center center","background-size":"auto","background-attachment":"scroll","background-type":"","background-media":"","overlay-type":"","overlay-color":"","overlay-opacity":"","overlay-gradient":""},"mobile":{"background-color":"var(--ast-global-color-5)","background-image":"","background-repeat":"repeat","background-position":"center center","background-size":"auto","background-attachment":"scroll","background-type":"","background-media":"","overlay-type":"","overlay-color":"","overlay-opacity":"","overlay-gradient":""}}},"product_brand":[],"product_cat":[75],"product_tag":[],"class_list":{"0":"post-7646","1":"product","2":"type-product","3":"status-publish","4":"has-post-thumbnail","6":"product_cat-alarmas-y-cercos","7":"desktop-align-left","8":"tablet-align-left","9":"mobile-align-left","11":"first","12":"instock","13":"taxable","14":"shipping-taxable","15":"purchasable","16":"product-type-simple"},"jetpack_sharing_enabled":true,"_links":{"self":[{"href":"https:\/\/www.creavaltec.com\/inicio\/wp-json\/wp\/v2\/product\/7646","targetHints":{"allow":["GET"]}}],"collection":[{"href":"https:\/\/www.creavaltec.com\/inicio\/wp-json\/wp\/v2\/product"}],"about":[{"href":"https:\/\/www.creavaltec.com\/inicio\/wp-json\/wp\/v2\/types\/product"}],"replies":[{"embeddable":true,"href":"https:\/\/www.creavaltec.com\/inicio\/wp-json\/wp\/v2\/comments?post=7646"}],"version-history":[{"count":1,"href":"https:\/\/www.creavaltec.com\/inicio\/wp-json\/wp\/v2\/product\/7646\/revisions"}],"predecessor-version":[{"id":7647,"href":"https:\/\/www.creavaltec.com\/inicio\/wp-json\/wp\/v2\/product\/7646\/revisions\/7647"}],"wp:featuredmedia":[{"embeddable":true,"href":"https:\/\/www.creavaltec.com\/inicio\/wp-json\/wp\/v2\/media\/5712"}],"wp:attachment":[{"href":"https:\/\/www.creavaltec.com\/inicio\/wp-json\/wp\/v2\/media?parent=7646"}],"wp:term":[{"taxonomy":"product_brand","embeddable":true,"href":"https:\/\/www.creavaltec.com\/inicio\/wp-json\/wp\/v2\/product_brand?post=7646"},{"taxonomy":"product_cat","embeddable":true,"href":"https:\/\/www.creavaltec.com\/inicio\/wp-json\/wp\/v2\/product_cat?post=7646"},{"taxonomy":"product_tag","embeddable":true,"href":"https:\/\/www.creavaltec.com\/inicio\/wp-json\/wp\/v2\/product_tag?post=7646"}],"curies":[{"name":"wp","href":"https:\/\/api.w.org\/{rel}","templated":true}]}}