{"id":6960,"date":"2023-01-31T13:36:25","date_gmt":"2023-01-31T18:36:25","guid":{"rendered":"https:\/\/www.creavaltec.com\/inicio\/?post_type=product&#038;p=6960"},"modified":"2026-02-06T08:25:52","modified_gmt":"2026-02-06T13:25:52","slug":"sensor-de-presencia-para-iluminacion-esp-180","status":"publish","type":"product","link":"https:\/\/www.creavaltec.com\/inicio\/tienda\/sensor-de-presencia-para-iluminacion-esp-180\/","title":{"rendered":"Sensor de presencia para iluminaci\u00f3n ESP 180"},"content":{"rendered":"<div class=\"z-index-4 internal-fixed-navigation\">\n<div class=\"grid-container \">\n<div class=\"navigation-sticky\">\n<div class=\"grid-x align-middle\">\n<div class=\"cell large-shrink navigation__cell-second\">\n<div class=\"mt2 mb2 \">\n<div class=\"grid-container \">\n<div class=\"mt2 mb2 \">\n<div class=\"grid-container \">\n<div class=\"mt2 mb2 \">\n<div class=\"grid-container \">\n<div class=\"mt2 mb2 \">\n<div class=\"grid-container \">\n<div class=\"mt2 mb2 \">\n<div class=\"grid-container \">\n<h6 class=\"block-template overflow-hidden\" style=\"text-align: center;\">El sensor de presencia ESP 180 fue desarrollado para instalaci\u00f3n en pared y tiene funci\u00f3n Fotoc\u00e9lula. \u00c9l puede instalarse al aire libre con protecci\u00f3n contra impermeabilizaci\u00f3n como garajes, marquesinas y balcones.<\/h6>\n<\/div>\n<\/div>\n<div class=\"mt2 mb2 \">\n<div class=\"grid-container \">\n<div class=\"block-mini-banner\" data-ga-name=\"section-mini-banner\">\n<div class=\"grid-x grid-margin-x align-middle\">\n<div class=\"cell medium-6 medium-order-2 large-offset-1\">\n<div class=\"block-mini-banner__media\">\n<figure class=\"text-center object-fit--contain\"><img decoding=\"async\" class=\"aligncenter\" src=\"https:\/\/backend.intelbras.com\/sites\/default\/files\/styles\/large\/public\/2020-01\/FlyerDigital_ESP_180_02-19_01.jpg\" alt=\"FlyerDigital_ESP_180_02-19_01\" \/><\/figure>\n<\/div>\n<\/div>\n<div class=\"cell medium-auto medium-order-1\">\n<div class=\"block-mini-banner__content\">\n<div class=\"mt2 mb2 \">\n<h6 class=\"weight--small-300 weight--large-200 h3\" style=\"text-align: center;\">Luces encendidas y apagadas inmediatamente el ESP 180 es un sensor de presencia para iluminaci\u00f3n, que enciende y apaga las luces autom\u00e1ticamente al detectar movimiento, compatible con cualquier tipo de l\u00e1mpara.<\/h6>\n<\/div>\n<\/div>\n<\/div>\n<\/div>\n<\/div>\n<\/div>\n<\/div>\n<div class=\"mt2 mb2 \">\n<div class=\"grid-container \">\n<div class=\"block-mini-banner\" data-ga-name=\"section-mini-banner\">\n<div class=\"grid-x grid-margin-x align-middle\">\n<div class=\"cell medium-6\">\n<div class=\"block-mini-banner__media\">\n<figure class=\"text-center object-fit--contain\"><img decoding=\"async\" class=\"aligncenter\" src=\"https:\/\/backend.intelbras.com\/sites\/default\/files\/styles\/large\/public\/2020-01\/FlyerDigital_ESP_180_02-19_02.jpg\" alt=\"FlyerDigital_ESP_180_02-19_02\" \/><\/figure>\n<\/div>\n<\/div>\n<div class=\"cell medium-auto\">\n<div class=\"block-mini-banner__content\">\n<div class=\"mt2 mb2 \">\n<h6 class=\"weight--small-300 weight--large-200 h3\" style=\"text-align: center;\">Funci\u00f3n de fotoc\u00e9lula ajusta el sensor para que active la l\u00e1mpara las 24 horas del d\u00eda o solo por la noche cuando detecte movimiento.<\/h6>\n<\/div>\n<\/div>\n<\/div>\n<\/div>\n<\/div>\n<\/div>\n<\/div>\n<div class=\"mt2 mb2 \">\n<div class=\"grid-container \">\n<div class=\"block-mini-banner\" data-ga-name=\"section-mini-banner\">\n<div class=\"grid-x grid-margin-x align-middle\">\n<div class=\"cell medium-6 medium-order-2 large-offset-1\">\n<div class=\"block-mini-banner__media\">\n<figure class=\"text-center object-fit--contain\"><img decoding=\"async\" class=\"aligncenter\" src=\"https:\/\/backend.intelbras.com\/sites\/default\/files\/styles\/large\/public\/2020-01\/FlyerDigital_ESP_180_02-19_03.jpg\" alt=\"FlyerDigital_ESP_180_02-19_03\" \/><\/figure>\n<p>&nbsp;<\/p>\n<\/div>\n<\/div>\n<div class=\"cell medium-auto medium-order-1\">\n<div class=\"block-mini-banner__content\">\n<div class=\"mt2 mb2 \">\n<h6 class=\"weight--small-300 weight--large-200 h3\" style=\"text-align: center;\">Control del tiempo puede configurar cu\u00e1nto tiempo permanece encendida la l\u00e1mpara despu\u00e9s de que el dispositivo detecta movimiento el tiempo puede variar de 10 segundos a 7 minutos.<\/h6>\n<\/div>\n<\/div>\n<\/div>\n<\/div>\n<\/div>\n<\/div>\n<\/div>\n<div class=\"mt2 mb2 \">\n<div class=\"grid-container \">\n<div class=\"block-mini-banner\" data-ga-name=\"section-mini-banner\">\n<div class=\"grid-x grid-margin-x align-middle\">\n<div class=\"cell medium-6\">\n<div class=\"block-mini-banner__media\">\n<figure class=\"text-center object-fit--contain\"><img decoding=\"async\" class=\"aligncenter\" src=\"https:\/\/backend.intelbras.com\/sites\/default\/files\/styles\/large\/public\/2020-01\/FlyerDigital_ESP_180_02-19_04.jpg\" alt=\"FlyerDigital_ESP_180_02-19_04\" \/><\/figure>\n<\/div>\n<\/div>\n<div class=\"cell medium-auto\">\n<div class=\"block-mini-banner__content\">\n<div class=\"mt2 mb2 \">\n<h6 class=\"weight--small-300 weight--large-200 h3\" style=\"text-align: center;\">Rango de detecci\u00f3n el sensor debe instalarse a una altura m\u00ednima de 1,8 metros y una altura m\u00e1xima de 2,5 metros tiene un \u00e1ngulo de detecci\u00f3n de 180\u00b0 y tiene un alcance de hasta 12 metros.<\/h6>\n<\/div>\n<div class=\"text text--300\">\n<div class=\"block-template overflow-hidden\">\n<h6 style=\"text-align: center;\">\u00bb \u00c1ngulo de detecci\u00f3n 180\u00b0<br \/>\n\u00bb Distancia m\u00e1xima de detecci\u00f3n de hasta 12 metros<br \/>\n(perpendicular a 24\u00b0C)<br \/>\n\u00bb Altura de instalaci\u00f3n de 1,8 a 2,5 m<br \/>\n\u00bb Ajuste de tiempo de 10s \u00b13s a 7min \u00b12min<br \/>\n\u00bb Voltaje Autom\u00e1tico bivolt (100 a 240 Vac)<br \/>\n\u00bb Frecuencia de red 50\/60 Hz<br \/>\n\u00bb Consumo m\u00e1ximo &lt;0.9W<br \/>\n\u00bb Regulaci\u00f3n de luminosidad (fotoc\u00e9lula) &lt;10 hasta 2.000 lux<br \/>\n\u00bb Potencia m\u00e1xima a conectar a 120V L\u00e1mparas incandescentes: 1.000 W<br \/>\nL\u00e1mparas econ\u00f3micas: 500 W<br \/>\n\u00bb Potencia m\u00e1xima a conectar a 220V<br \/>\n\u00bb Bombillas incandescentes: 2000 W<br \/>\n\u00bb Bombillas econ\u00f3micas: 1.000 W<br \/>\n\u00bb Tipos de l\u00e1mparas compatibles Fluorescente, LED e incandescente<br \/>\n\u00bb Grado de protecci\u00f3n IP44 (ambientes exteriores protegidos de la intemperie)<\/h6>\n<\/div>\n<\/div>\n<\/div>\n<\/div>\n<\/div>\n<\/div>\n<\/div>\n<\/div>\n<\/div>\n<\/div>\n<\/div>\n<\/div>\n<\/div>\n<\/div>\n<\/div>\n<\/div>\n<\/div>\n<\/div>\n<\/div>\n<\/div>\n<\/div>\n","protected":false},"excerpt":{"rendered":"<h4><span style=\"color: #008000;\">El sensor de presencia Intelbras ESP 180 de pared, externo y con fotoc\u00e9lula, se utiliza en la activaci\u00f3n autom\u00e1tica de l\u00e1mparas en ambientes residenciales y comerciales. El ESP 180 detecta el movimiento de los cuerpos calientes \u2013personas, animales y objetos medianos y grandes\u2013, mediante un sensor de infrarrojos que reconoce las fuentes de calor.<\/span><\/h4>\n","protected":false},"featured_media":7196,"comment_status":"closed","ping_status":"closed","template":"","meta":{"site-sidebar-layout":"default","site-content-layout":"default","ast-site-content-layout":"","site-content-style":"default","site-sidebar-style":"default","ast-global-header-display":"","ast-banner-title-visibility":"","ast-main-header-display":"","ast-hfb-above-header-display":"","ast-hfb-below-header-display":"","ast-hfb-mobile-header-display":"","site-post-title":"","ast-breadcrumbs-content":"","ast-featured-img":"","footer-sml-layout":"","theme-transparent-header-meta":"default","adv-header-id-meta":"","stick-header-meta":"","header-above-stick-meta":"","header-main-stick-meta":"","header-below-stick-meta":"","astra-migrate-meta-layouts":"default","ast-page-background-enabled":"default","ast-page-background-meta":{"desktop":{"background-color":"","background-image":"","background-repeat":"repeat","background-position":"center center","background-size":"auto","background-attachment":"scroll","background-type":"","background-media":"","overlay-type":"","overlay-color":"","overlay-opacity":"","overlay-gradient":""},"tablet":{"background-color":"","background-image":"","background-repeat":"repeat","background-position":"center center","background-size":"auto","background-attachment":"scroll","background-type":"","background-media":"","overlay-type":"","overlay-color":"","overlay-opacity":"","overlay-gradient":""},"mobile":{"background-color":"","background-image":"","background-repeat":"repeat","background-position":"center center","background-size":"auto","background-attachment":"scroll","background-type":"","background-media":"","overlay-type":"","overlay-color":"","overlay-opacity":"","overlay-gradient":""}},"ast-content-background-meta":{"desktop":{"background-color":"var(--ast-global-color-5)","background-image":"","background-repeat":"repeat","background-position":"center center","background-size":"auto","background-attachment":"scroll","background-type":"","background-media":"","overlay-type":"","overlay-color":"","overlay-opacity":"","overlay-gradient":""},"tablet":{"background-color":"var(--ast-global-color-5)","background-image":"","background-repeat":"repeat","background-position":"center center","background-size":"auto","background-attachment":"scroll","background-type":"","background-media":"","overlay-type":"","overlay-color":"","overlay-opacity":"","overlay-gradient":""},"mobile":{"background-color":"var(--ast-global-color-5)","background-image":"","background-repeat":"repeat","background-position":"center center","background-size":"auto","background-attachment":"scroll","background-type":"","background-media":"","overlay-type":"","overlay-color":"","overlay-opacity":"","overlay-gradient":""}}},"product_brand":[],"product_cat":[221],"product_tag":[],"class_list":{"0":"post-6960","1":"product","2":"type-product","3":"status-publish","4":"has-post-thumbnail","6":"product_cat-iluminacion-fuentes-cerraduras","7":"desktop-align-left","8":"tablet-align-left","9":"mobile-align-left","11":"first","12":"instock","13":"taxable","14":"shipping-taxable","15":"purchasable","16":"product-type-simple"},"jetpack_sharing_enabled":true,"_links":{"self":[{"href":"https:\/\/www.creavaltec.com\/inicio\/wp-json\/wp\/v2\/product\/6960","targetHints":{"allow":["GET"]}}],"collection":[{"href":"https:\/\/www.creavaltec.com\/inicio\/wp-json\/wp\/v2\/product"}],"about":[{"href":"https:\/\/www.creavaltec.com\/inicio\/wp-json\/wp\/v2\/types\/product"}],"replies":[{"embeddable":true,"href":"https:\/\/www.creavaltec.com\/inicio\/wp-json\/wp\/v2\/comments?post=6960"}],"version-history":[{"count":4,"href":"https:\/\/www.creavaltec.com\/inicio\/wp-json\/wp\/v2\/product\/6960\/revisions"}],"predecessor-version":[{"id":7201,"href":"https:\/\/www.creavaltec.com\/inicio\/wp-json\/wp\/v2\/product\/6960\/revisions\/7201"}],"wp:featuredmedia":[{"embeddable":true,"href":"https:\/\/www.creavaltec.com\/inicio\/wp-json\/wp\/v2\/media\/7196"}],"wp:attachment":[{"href":"https:\/\/www.creavaltec.com\/inicio\/wp-json\/wp\/v2\/media?parent=6960"}],"wp:term":[{"taxonomy":"product_brand","embeddable":true,"href":"https:\/\/www.creavaltec.com\/inicio\/wp-json\/wp\/v2\/product_brand?post=6960"},{"taxonomy":"product_cat","embeddable":true,"href":"https:\/\/www.creavaltec.com\/inicio\/wp-json\/wp\/v2\/product_cat?post=6960"},{"taxonomy":"product_tag","embeddable":true,"href":"https:\/\/www.creavaltec.com\/inicio\/wp-json\/wp\/v2\/product_tag?post=6960"}],"curies":[{"name":"wp","href":"https:\/\/api.w.org\/{rel}","templated":true}]}}