{"id":6790,"date":"2023-01-24T09:52:33","date_gmt":"2023-01-24T14:52:33","guid":{"rendered":"https:\/\/www.creavaltec.com\/inicio\/?post_type=product&#038;p=6790"},"modified":"2025-05-08T14:54:55","modified_gmt":"2025-05-08T19:54:55","slug":"fuente-de-alimentacion-ac-dc-colmena-12v-10a-efm-1210","status":"publish","type":"product","link":"https:\/\/www.creavaltec.com\/inicio\/tienda\/fuente-de-alimentacion-ac-dc-colmena-12v-10a-efm-1210\/","title":{"rendered":"Fuente de alimentaci\u00f3n AC\/DC colmena 12V &#8211; 10A EFM 1210"},"content":{"rendered":"<div class=\"mt2 mb2 \">\n<div class=\"grid-container \">\n<div class=\"block-mini-banner\" data-ga-name=\"section-mini-banner\">\n<div class=\"grid-x grid-margin-x align-middle\">\n<div class=\"cell medium-auto medium-order-1\">\n<div class=\"block-mini-banner__content\">\n<div class=\"mt2 mb2 \">\n<div class=\"z-index-4 internal-fixed-navigation\">\n<div class=\"grid-container \">\n<div class=\"navigation-sticky\">\n<div class=\"grid-x align-middle\">\n<div class=\"cell large-shrink navigation__cell-second\">\n<div class=\"navigation__cell-second-container\">\n<div class=\"mt2 mb2 \">\n<div class=\"mt2 mb2 \">\n<div class=\"grid-container \">\n<div class=\"calculator__external\">\n<div class=\"pt2 pb2 pl3 pr3\">\n<div class=\"grid-x align-middle\">\n<div class=\"cell small-12 large-2\">\n<div class=\"mt2 mb2 \">\n<div class=\"grid-container \">\n<div class=\"calculator__external\">\n<div class=\"pt2 pb2 pl3 pr3\">\n<div class=\"grid-x align-middle\">\n<div class=\"mt2 mb2 \">\n<div class=\"grid-container \">\n<div class=\"calculator__external\">\n<div class=\"pt2 pb2 pl3 pr3\">\n<div class=\"grid-x align-middle\">\n<div class=\"mt2 mb2 \">\n<div class=\"grid-container \">\n<div class=\"calculator__external\">\n<div class=\"pt2 pb2 pl3 pr3\">\n<div class=\"grid-x align-middle\">\n<div class=\"mt2 mb2 \">\n<div class=\"grid-container \">\n<div class=\"calculator__external\">\n<div class=\"pt2 pb2 pl3 pr3\">\n<div class=\"grid-x align-middle\">\n<div class=\"cell small-12 large-2\">\n<h6 style=\"text-align: center;\">La fuente de alimentaci\u00f3n AC\/DC Intelbras modelo EFM 1210 posee entrada autom\u00e1tica de 100 a 240 Vac, no requiriendo selecci\u00f3n por interruptor de tensi\u00f3n entrada, filtro especial contra ruido y protecci\u00f3n contra sobretensiones y sobrecorriente de la red el\u00e9ctrica.<\/h6>\n<h6 style=\"text-align: center;\">Su tensi\u00f3n de salida Vdc est\u00e1 regulada a 12,8 V y permite su regulaci\u00f3n. a trav\u00e9s de trimpot, para necesidades donde la distancia de instalaci\u00f3n entre el producto y los dispositivos alimentados por \u00e9l es grande, lo que compensa posibles p\u00e9rdidas de tensi\u00f3n en la instalaci\u00f3n<\/h6>\n<\/div>\n<\/div>\n<\/div>\n<\/div>\n<\/div>\n<\/div>\n<div class=\"mt2 mb2 \">\n<div class=\"grid-container \">\n<div class=\"block-mini-banner\" data-ga-name=\"section-mini-banner\">\n<div class=\"grid-x grid-margin-x align-middle\">\n<div class=\"cell medium-6 medium-order-2 large-offset-1\">\n<div class=\"block-mini-banner__media\">\n<figure class=\"text-center object-fit--contain\"><img decoding=\"async\" class=\"aligncenter\" src=\"https:\/\/backend.intelbras.com\/sites\/default\/files\/styles\/large\/public\/2019-12\/FlyerDigital_EFM_1210_01-19_01.jpg\" alt=\"Fonte de alimenta\u00e7\u00e3o EFM 1210\" \/><\/figure>\n<\/div>\n<\/div>\n<div class=\"cell medium-auto medium-order-1\">\n<div class=\"block-mini-banner__content\">\n<div class=\"mt2 mb2 \">\n<h6 class=\"weight--small-300 weight--large-200 h3\" style=\"text-align: center;\">Protecci\u00f3n total contra cortocircuito y sobrecarga.<\/h6>\n<\/div>\n<div class=\"text text--300\">\n<div class=\"block-template overflow-hidden\">\n<h6 style=\"text-align: center;\">Previene da\u00f1os, protege contra sobretensiones y posee filtro contra ruidos e interferencias, brindando calidad de imagen. Tambi\u00e9n dispone de LED de indicativos y protecciones.<br \/>\ncontra cortocircuito, sobretensi\u00f3n y sobrecarga de la salida Vdc. Su caja met\u00e1lica,<br \/>\nadem\u00e1s de disipar mejor el calor, permite varias posiciones de fijaci\u00f3n.<\/h6>\n<\/div>\n<\/div>\n<\/div>\n<\/div>\n<\/div>\n<\/div>\n<\/div>\n<\/div>\n<div class=\"mt2 mb2 \">\n<div class=\"grid-container \">\n<div class=\"block-mini-banner\" data-ga-name=\"section-mini-banner\">\n<div class=\"grid-x grid-margin-x align-middle\">\n<div class=\"cell medium-6\">\n<div class=\"block-mini-banner__media\">\n<figure class=\"text-center object-fit--contain\"><img decoding=\"async\" class=\"aligncenter\" src=\"https:\/\/backend.intelbras.com\/sites\/default\/files\/styles\/large\/public\/2019-12\/FlyerDigital_EFM_1210_01-19_02.jpg\" alt=\"Fonte de alimenta\u00e7\u00e3o EFM 1210 fornece energia at\u00e9 32 c\u00e2meras\" \/><\/figure>\n<\/div>\n<\/div>\n<div class=\"cell medium-auto\">\n<div class=\"block-mini-banner__content\">\n<div class=\"mt2 mb2 \">\n<h6 class=\"weight--small-300 weight--large-200 h3\" style=\"text-align: center;\">Proporciona energ\u00eda para hasta 32 c\u00e1maras HD<\/h6>\n<\/div>\n<div class=\"text text--300\">\n<div class=\"block-template overflow-hidden\">\n<h6 style=\"text-align: center;\">La fuente EFM 1210 alimenta hasta 32 c\u00e1maras HD\u00b9 y las salidas con terminales le permiten conectar m\u00e1s de un dispositivo directamente a la fuente.<\/h6>\n<h6 style=\"text-align: center;\">\u00b9 Considerando la c\u00e1mara con un consumo de 250 mA.<\/h6>\n<\/div>\n<\/div>\n<\/div>\n<\/div>\n<\/div>\n<\/div>\n<\/div>\n<\/div>\n<div class=\"mt2 mb2 \">\n<div class=\"grid-container \">\n<div class=\"block-mini-banner\" data-ga-name=\"section-mini-banner\">\n<div class=\"grid-x grid-margin-x align-middle\">\n<div class=\"cell medium-6 medium-order-2 large-offset-1\">\n<div class=\"block-mini-banner__media\">\n<figure class=\"text-center object-fit--contain\"><img decoding=\"async\" class=\"aligncenter\" src=\"https:\/\/backend.intelbras.com\/sites\/default\/files\/styles\/large\/public\/2019-12\/FlyerDigital_EFM_1210_01-19_03.jpg\" alt=\"Fonte de alimenta\u00e7\u00e3o EFM 1210\" \/><\/figure>\n<\/div>\n<\/div>\n<div class=\"cell medium-auto medium-order-1\">\n<div class=\"block-mini-banner__content\">\n<div class=\"mt2 mb2 \">\n<h6 class=\"weight--small-300 weight--large-200 h3\" style=\"text-align: center;\">La p\u00e9rdida de voltaje ya no es un problema<\/h6>\n<\/div>\n<div class=\"text text--300\">\n<div class=\"block-template overflow-hidden\">\n<h6 style=\"text-align: center;\">Con voltaje de salida ajustable de 11,5 a 13,8 Vdc, el EFM 1210 fue especialmente desarrollado para alimentar equipos instalados a mayores distancias.<\/h6>\n<\/div>\n<\/div>\n<\/div>\n<\/div>\n<\/div>\n<\/div>\n<\/div>\n<\/div>\n<div class=\"mt2 mb2 \">\n<div class=\"grid-container \">\n<div class=\"block-mini-banner\" data-ga-name=\"section-mini-banner\">\n<div class=\"grid-x grid-margin-x align-middle\">\n<div class=\"cell medium-6\">\n<div class=\"block-mini-banner__media\">\n<figure class=\"text-center object-fit--contain\"><img decoding=\"async\" class=\"aligncenter\" src=\"https:\/\/backend.intelbras.com\/sites\/default\/files\/styles\/large\/public\/2019-12\/FlyerDigital_EFM_1210_01-19_04.jpg\" alt=\"Fonte de alimenta\u00e7\u00e3o EFM 1210\" \/><\/figure>\n<\/div>\n<\/div>\n<div class=\"cell medium-auto\">\n<div class=\"block-mini-banner__content\">\n<div class=\"mt2 mb2 \">\n<h6 class=\"weight--small-300 weight--large-200 h3\" style=\"text-align: center;\">Instalaci\u00f3n sin problemas<\/h6>\n<\/div>\n<div class=\"text text--300\">\n<div class=\"block-template overflow-hidden\">\n<h6 style=\"text-align: center;\">El EFM 1210 permite la conexi\u00f3n de c\u00e1maras directamente a la fuente y puede fijarse a la pared o carril DIN en racks.<\/h6>\n<\/div>\n<\/div>\n<\/div>\n<\/div>\n<\/div>\n<\/div>\n<\/div>\n<\/div>\n<h6 class=\"cell small-12 large-2\" style=\"text-align: center;\"><span style=\"font-size: 1.1em; font-weight: bold;\"><br \/>\n<\/span><span style=\"font-size: 1.1em;\">\u00bb Filtro anti-ruido para im\u00e1genes m\u00e1s claras y sin ruido<\/span><span style=\"font-size: 1.1em;\"><br \/>\n<\/span><span style=\"font-size: 1.1em;\">interferencias<\/span><span style=\"font-size: 1.1em; font-weight: bold;\"><br \/>\n<\/span><span style=\"font-size: 1.1em;\">\u00bb Alimenta hasta 32 c\u00e1maras HD*<\/span><span style=\"font-size: 1.1em;\"><br \/>\n\u00bb Multiprop\u00f3sito: CCTV, redes, control de acceso, automatizaci\u00f3n, cintas<br \/>\nLED, sonido automotriz, entre otras aplicaciones de 12V<br \/>\n\u00bb Tensi\u00f3n de salida ajustable entre 11,5 y 13,8 Vdc para<br \/>\ncompensar la p\u00e9rdida de cableado y distancias m\u00e1s largas<br \/>\n\u00bb Protecci\u00f3n total contra sobretensiones, sobrecargas y sobrecorrientes<br \/>\n\u00bb Salida con terminales para<\/span><\/h6>\n<\/div>\n<\/div>\n<\/div>\n<\/div>\n<\/div>\n<\/div>\n<\/div>\n<\/div>\n<\/div>\n<\/div>\n<\/div>\n<\/div>\n<\/div>\n<\/div>\n<\/div>\n<\/div>\n<\/div>\n<\/div>\n<\/div>\n<\/div>\n<\/div>\n<\/div>\n<\/div>\n<\/div>\n<\/div>\n<\/div>\n<\/div>\n<\/div>\n<\/div>\n<\/div>\n<\/div>\n<\/div>\n<\/div>\n<\/div>\n<\/div>\n","protected":false},"excerpt":{"rendered":"<h5><span style=\"color: #008000;\">La fuente EFM 1210 est\u00e1 dise\u00f1ada para dispositivos 12V con consumo de hasta 10 A. Dispone de protecci\u00f3n contra cortocircuito y sobrecarga, previniendo da\u00f1os resultantes de fallas el\u00e9ctricas, y contra sobretensi\u00f3n, para evitar o minimizar problemas causados \u200b\u200bpor rayos o maniobras de la red de distribuci\u00f3n el\u00e9ctrica. Adem\u00e1s, tiene filtro contra ruido e interferencias en la imagen.<\/span><br \/>\n<span style=\"color: #333333;\"><strong>Multiprop\u00f3sito:<\/strong> CCTV, redes, control de acceso, automatizaci\u00f3n, cintas LED, sonido automotriz, entre otras aplicaciones de 12V<\/span><\/h5>\n<h5 style=\"text-align: left;\"><\/h5>\n","protected":false},"featured_media":7342,"comment_status":"closed","ping_status":"closed","template":"","meta":{"site-sidebar-layout":"default","site-content-layout":"default","ast-site-content-layout":"","site-content-style":"default","site-sidebar-style":"default","ast-global-header-display":"","ast-banner-title-visibility":"","ast-main-header-display":"","ast-hfb-above-header-display":"","ast-hfb-below-header-display":"","ast-hfb-mobile-header-display":"","site-post-title":"","ast-breadcrumbs-content":"","ast-featured-img":"","footer-sml-layout":"","theme-transparent-header-meta":"default","adv-header-id-meta":"","stick-header-meta":"","header-above-stick-meta":"","header-main-stick-meta":"","header-below-stick-meta":"","astra-migrate-meta-layouts":"default","ast-page-background-enabled":"default","ast-page-background-meta":{"desktop":{"background-color":"","background-image":"","background-repeat":"repeat","background-position":"center center","background-size":"auto","background-attachment":"scroll","background-type":"","background-media":"","overlay-type":"","overlay-color":"","overlay-opacity":"","overlay-gradient":""},"tablet":{"background-color":"","background-image":"","background-repeat":"repeat","background-position":"center center","background-size":"auto","background-attachment":"scroll","background-type":"","background-media":"","overlay-type":"","overlay-color":"","overlay-opacity":"","overlay-gradient":""},"mobile":{"background-color":"","background-image":"","background-repeat":"repeat","background-position":"center center","background-size":"auto","background-attachment":"scroll","background-type":"","background-media":"","overlay-type":"","overlay-color":"","overlay-opacity":"","overlay-gradient":""}},"ast-content-background-meta":{"desktop":{"background-color":"var(--ast-global-color-5)","background-image":"","background-repeat":"repeat","background-position":"center center","background-size":"auto","background-attachment":"scroll","background-type":"","background-media":"","overlay-type":"","overlay-color":"","overlay-opacity":"","overlay-gradient":""},"tablet":{"background-color":"var(--ast-global-color-5)","background-image":"","background-repeat":"repeat","background-position":"center center","background-size":"auto","background-attachment":"scroll","background-type":"","background-media":"","overlay-type":"","overlay-color":"","overlay-opacity":"","overlay-gradient":""},"mobile":{"background-color":"var(--ast-global-color-5)","background-image":"","background-repeat":"repeat","background-position":"center center","background-size":"auto","background-attachment":"scroll","background-type":"","background-media":"","overlay-type":"","overlay-color":"","overlay-opacity":"","overlay-gradient":""}}},"product_brand":[],"product_cat":[69,221,66,65],"product_tag":[],"class_list":{"0":"post-6790","1":"product","2":"type-product","3":"status-publish","4":"has-post-thumbnail","6":"product_cat-centrales-telefonicas","7":"product_cat-iluminacion-fuentes-cerraduras","8":"product_cat-acceso","9":"product_cat-alambricasgranescala","10":"desktop-align-left","11":"tablet-align-left","12":"mobile-align-left","14":"first","15":"instock","16":"taxable","17":"shipping-taxable","18":"purchasable","19":"product-type-simple"},"jetpack_sharing_enabled":true,"_links":{"self":[{"href":"https:\/\/www.creavaltec.com\/inicio\/wp-json\/wp\/v2\/product\/6790","targetHints":{"allow":["GET"]}}],"collection":[{"href":"https:\/\/www.creavaltec.com\/inicio\/wp-json\/wp\/v2\/product"}],"about":[{"href":"https:\/\/www.creavaltec.com\/inicio\/wp-json\/wp\/v2\/types\/product"}],"replies":[{"embeddable":true,"href":"https:\/\/www.creavaltec.com\/inicio\/wp-json\/wp\/v2\/comments?post=6790"}],"version-history":[{"count":6,"href":"https:\/\/www.creavaltec.com\/inicio\/wp-json\/wp\/v2\/product\/6790\/revisions"}],"predecessor-version":[{"id":7397,"href":"https:\/\/www.creavaltec.com\/inicio\/wp-json\/wp\/v2\/product\/6790\/revisions\/7397"}],"wp:featuredmedia":[{"embeddable":true,"href":"https:\/\/www.creavaltec.com\/inicio\/wp-json\/wp\/v2\/media\/7342"}],"wp:attachment":[{"href":"https:\/\/www.creavaltec.com\/inicio\/wp-json\/wp\/v2\/media?parent=6790"}],"wp:term":[{"taxonomy":"product_brand","embeddable":true,"href":"https:\/\/www.creavaltec.com\/inicio\/wp-json\/wp\/v2\/product_brand?post=6790"},{"taxonomy":"product_cat","embeddable":true,"href":"https:\/\/www.creavaltec.com\/inicio\/wp-json\/wp\/v2\/product_cat?post=6790"},{"taxonomy":"product_tag","embeddable":true,"href":"https:\/\/www.creavaltec.com\/inicio\/wp-json\/wp\/v2\/product_tag?post=6790"}],"curies":[{"name":"wp","href":"https:\/\/api.w.org\/{rel}","templated":true}]}}