{"id":6751,"date":"2023-01-12T15:45:52","date_gmt":"2023-01-12T20:45:52","guid":{"rendered":"https:\/\/www.creavaltec.com\/inicio\/?post_type=product&#038;p=6751"},"modified":"2026-04-23T09:57:22","modified_gmt":"2026-04-23T14:57:22","slug":"fuente-de-alimentacion-ac-dc-ininterrumpida-fa-1220-s-sin-bateria-12-v-7-ah","status":"publish","type":"product","link":"https:\/\/www.creavaltec.com\/inicio\/tienda\/fuente-de-alimentacion-ac-dc-ininterrumpida-fa-1220-s-sin-bateria-12-v-7-ah\/","title":{"rendered":"Fuente de alimentaci\u00f3n AC\/DC ininterrumpida FA 1220 Con corriente de salida de 2 A y tensi\u00f3n de 12 V"},"content":{"rendered":"<div class=\"mt2 mb2 \">\n<div class=\"grid-container \">\n<div class=\"block-mini-banner\" data-ga-name=\"section-mini-banner\">\n<div class=\"grid-x grid-margin-x align-middle\">\n<div class=\"cell medium-auto medium-order-1\">\n<div class=\"block-mini-banner__content\">\n<div class=\"mt2 mb2 \">\n<div class=\"z-index-4 internal-fixed-navigation\">\n<div class=\"grid-container \">\n<div class=\"navigation-sticky\">\n<div class=\"grid-x align-middle\">\n<div class=\"cell large-shrink navigation__cell-second\">\n<div class=\"navigation__cell-second-container\">\n<div class=\"mt2 mb2 \">\n<div class=\"mt2 mb2 \">\n<div class=\"grid-container \">\n<div class=\"calculator__external\">\n<div class=\"pt2 pb2 pl3 pr3\">\n<div class=\"grid-x align-middle\">\n<div class=\"cell small-12 large-2\">\n<h6 style=\"text-align: center\">La FA 1220S tiene un temporizador incorporado para accionamiento de cerraduras electromagn\u00e9ticas. Ideal para control de acceso, CCTV, redes y Automatizaci\u00f3n. Es capaz de realizar una carga inteligente de la bater\u00eda, asegurando una mayor vida \u00fatil.<br \/>\nEl gabinete de pl\u00e1stico blanco, adaptable a cualquier ambiente, dispone de leds indicadores carga, bater\u00eda, salida y red.<\/h6>\n<\/div>\n<\/div>\n<\/div>\n<\/div>\n<\/div>\n<\/div>\n<div class=\"mt2 mb2 \">\n<div class=\"grid-container \">\n<div class=\"block-mini-banner\" data-ga-name=\"section-mini-banner\">\n<div class=\"grid-x grid-margin-x align-middle\">\n<div class=\"cell medium-6 medium-order-2 large-offset-1\">\n<div class=\"block-mini-banner__media\">\n<h6 class=\"text-center object-fit--contain\"><img decoding=\"async\" class=\"aligncenter\" src=\"https:\/\/backend.intelbras.com\/sites\/default\/files\/styles\/large\/public\/2019-07\/FlyerDigital_FA_1220_S_01.jpg\" alt=\"FlyerDigital_FA_1220_S_01\" \/><\/h6>\n<\/div>\n<\/div>\n<div class=\"block-mini-banner__content\">\n<div class=\"mt2 mb2 \">\n<h2 class=\"weight--small-300 weight--large-200 h3\"><\/h2>\n<\/div>\n<div class=\"text text--300\">\n<div class=\"block-template overflow-hidden\">\n<h6 style=\"text-align: center\">Con una corriente de salida de 2 A y un voltaje de 12 V, el FA 1220S es capaz de alimentar cerraduras y controles de acceso al mismo tiempo, incluso cuando hay un corte de energ\u00eda.<\/h6>\n<\/div>\n<\/div>\n<\/div>\n<\/div>\n<\/div>\n<\/div>\n<\/div>\n<div class=\"grid-container \">\n<div class=\"block-mini-banner\" data-ga-name=\"section-mini-banner\">\n<div class=\"grid-x grid-margin-x align-middle\">\n<div class=\"cell medium-6\">\n<div class=\"block-mini-banner__media\">\n<figure class=\"text-center object-fit--contain\"><img decoding=\"async\" class=\"aligncenter\" src=\"https:\/\/backend.intelbras.com\/sites\/default\/files\/styles\/large\/public\/2019-07\/FlyerDigital_FA_1220_S_02.jpg\" alt=\"FlyerDigital_FA_1220_S_02\" \/><\/figure>\n<p>&nbsp;<\/p>\n<\/div>\n<\/div>\n<div class=\"cell medium-auto\">\n<div class=\"block-mini-banner__content\">\n<div class=\"mt2 mb2 \">\n<h6 class=\"weight--small-300 weight--large-200 h3\" style=\"text-align: center\">Temporizador incorporado permite ajustar el tiempo de activaci\u00f3n de las cerraduras electromagn\u00e9ticas, sin necesidad de adquirir la placa temporizadora por separado.<\/h6>\n<\/div>\n<\/div>\n<\/div>\n<\/div>\n<\/div>\n<\/div>\n<div class=\"grid-container \">\n<div class=\"block-mini-banner\" data-ga-name=\"section-mini-banner\">\n<div class=\"grid-x grid-margin-x align-middle\">\n<div class=\"cell medium-6 medium-order-2 large-offset-1\">\n<div class=\"block-mini-banner__media\">\n<figure class=\"text-center object-fit--contain\"><img decoding=\"async\" class=\"aligncenter\" src=\"https:\/\/backend.intelbras.com\/sites\/default\/files\/styles\/large\/public\/2019-07\/FlyerDigital_FA_1220_S_03.jpg\" alt=\"FlyerDigital_FA_1220_S_03\" \/><\/figure>\n<\/div>\n<\/div>\n<div class=\"cell medium-auto medium-order-1\">\n<div class=\"block-mini-banner__content\">\n<div class=\"mt2 mb2 \">\n<h6 class=\"weight--small-300 weight--large-200 h3\" style=\"text-align: center\">Mayor durabilidad la\u00a0FA 1220S tiene capacidad para albergar una bater\u00eda de 12 V 7 Ah y funci\u00f3n de carga inteligente.<\/h6>\n<\/div>\n<\/div>\n<\/div>\n<\/div>\n<\/div>\n<\/div>\n<div class=\"mt2 mb2 \">\n<div class=\"grid-container \">\n<div class=\"block-mini-banner\" data-ga-name=\"section-mini-banner\">\n<div class=\"grid-x grid-margin-x align-middle\">\n<div class=\"block-mini-banner__media\">\n<figure class=\"text-center object-fit--contain\"><img decoding=\"async\" class=\"aligncenter\" src=\"https:\/\/backend.intelbras.com\/sites\/default\/files\/styles\/large\/public\/2019-07\/FlyerDigital_FA_1220_S_04.jpg\" alt=\"FlyerDigital_FA_1220_S_04\" \/><\/figure>\n<\/div>\n<div class=\"cell medium-auto\">\n<div class=\"block-mini-banner__content\">\n<h6 class=\"weight--small-300 weight--large-200 h3\" style=\"text-align: center\">Dise\u00f1o discreto el mueble est\u00e1 revestido en pl\u00e1stico blanco, con un acabado perfecto y un dise\u00f1o discreto, adapt\u00e1ndose a cualquier ambiente.<\/h6>\n<div class=\"text text--300\">\n<div class=\"block-template overflow-hidden\">\n<h6 style=\"text-align: center\">Tensi\u00f3n nominal 100 &#8211; 240 Vca<br \/>\nVariaci\u00f3n m\u00e1xima de tensi\u00f3n 90 &#8211; 264 Vac<br \/>\nCorriente 0,8 Aac m\u00e1ximo (con tensi\u00f3n y carga en<br \/>\nCorriente m\u00ednima: 0,0 A, M\u00e1xima: 2,0 A<br \/>\nIndicaci\u00f3n de voltaje de bater\u00eda bajo, bater\u00eda faltante o da\u00f1ada<br \/>\nEstado de potencia de salida<br \/>\nIndicaci\u00f3n de red el\u00e9ctrica<\/h6>\n<\/div>\n<\/div>\n<\/div>\n<\/div>\n<\/div>\n<\/div>\n<\/div>\n<\/div>\n<\/div>\n<\/div>\n<\/div>\n<\/div>\n<\/div>\n<\/div>\n<\/div>\n<\/div>\n<\/div>\n<\/div>\n<\/div>\n<\/div>\n<\/div>\n<\/div>\n","protected":false},"excerpt":{"rendered":"<h4><span style=\"color: #008000\">La FA 1220 S es una fuente de alimentaci\u00f3n compuesta por una placa cargadora dentro de una caja de pl\u00e1stico con espacio para alojar una bater\u00eda de 7 Ah\u00a0 fuente de poder interrumpible, mantenga su seguridad y control de acceso siempre activos.<\/span><\/h4>\n<ul>\n<li>\n<h4><span style=\"color: #008000\">El borne para bot\u00f3n se puede conectar un pulsador tipo NA que, al ser presionado, abre el bloquear durante el tiempo determinado en la configuraci\u00f3n del temporizador.<\/span><\/h4>\n<\/li>\n<li>\n<h4><span style=\"color: #008000\">Salida auxiliar (14,4 Vcc) se utiliza para alimentar accesorios como equipos de control de acceso, CCTV.<\/span><\/h4>\n<\/li>\n<\/ul>\n","protected":false},"featured_media":6835,"comment_status":"closed","ping_status":"closed","template":"","meta":{"site-sidebar-layout":"default","site-content-layout":"default","ast-site-content-layout":"default","site-content-style":"default","site-sidebar-style":"default","ast-global-header-display":"","ast-banner-title-visibility":"","ast-main-header-display":"","ast-hfb-above-header-display":"","ast-hfb-below-header-display":"","ast-hfb-mobile-header-display":"","site-post-title":"","ast-breadcrumbs-content":"","ast-featured-img":"","footer-sml-layout":"","theme-transparent-header-meta":"default","adv-header-id-meta":"","stick-header-meta":"","header-above-stick-meta":"","header-main-stick-meta":"","header-below-stick-meta":"","astra-migrate-meta-layouts":"set","ast-page-background-enabled":"default","ast-page-background-meta":{"desktop":{"background-color":"","background-image":"","background-repeat":"repeat","background-position":"center center","background-size":"auto","background-attachment":"scroll","background-type":"","background-media":"","overlay-type":"","overlay-color":"","overlay-opacity":"","overlay-gradient":""},"tablet":{"background-color":"","background-image":"","background-repeat":"repeat","background-position":"center center","background-size":"auto","background-attachment":"scroll","background-type":"","background-media":"","overlay-type":"","overlay-color":"","overlay-opacity":"","overlay-gradient":""},"mobile":{"background-color":"","background-image":"","background-repeat":"repeat","background-position":"center center","background-size":"auto","background-attachment":"scroll","background-type":"","background-media":"","overlay-type":"","overlay-color":"","overlay-opacity":"","overlay-gradient":""}},"ast-content-background-meta":{"desktop":{"background-color":"var(--ast-global-color-5)","background-image":"","background-repeat":"repeat","background-position":"center center","background-size":"auto","background-attachment":"scroll","background-type":"","background-media":"","overlay-type":"","overlay-color":"","overlay-opacity":"","overlay-gradient":""},"tablet":{"background-color":"var(--ast-global-color-5)","background-image":"","background-repeat":"repeat","background-position":"center center","background-size":"auto","background-attachment":"scroll","background-type":"","background-media":"","overlay-type":"","overlay-color":"","overlay-opacity":"","overlay-gradient":""},"mobile":{"background-color":"var(--ast-global-color-5)","background-image":"","background-repeat":"repeat","background-position":"center center","background-size":"auto","background-attachment":"scroll","background-type":"","background-media":"","overlay-type":"","overlay-color":"","overlay-opacity":"","overlay-gradient":""}}},"product_brand":[],"product_cat":[69,70,221,66,65,67,73,71,52],"product_tag":[],"class_list":{"0":"post-6751","1":"product","2":"type-product","3":"status-publish","4":"has-post-thumbnail","6":"product_cat-centrales-telefonicas","7":"product_cat-acceso-citofonia_y_acceso","8":"product_cat-iluminacion-fuentes-cerraduras","9":"product_cat-acceso","10":"product_cat-alambricasgranescala","11":"product_cat-inalambricas","12":"product_cat-videoporteria-ip","13":"product_cat-linea-allo","14":"product_cat-videoporteros_porteros","15":"desktop-align-left","16":"tablet-align-left","17":"mobile-align-left","19":"first","20":"instock","21":"taxable","22":"shipping-taxable","23":"purchasable","24":"product-type-simple"},"jetpack_sharing_enabled":true,"_links":{"self":[{"href":"https:\/\/www.creavaltec.com\/inicio\/wp-json\/wp\/v2\/product\/6751","targetHints":{"allow":["GET"]}}],"collection":[{"href":"https:\/\/www.creavaltec.com\/inicio\/wp-json\/wp\/v2\/product"}],"about":[{"href":"https:\/\/www.creavaltec.com\/inicio\/wp-json\/wp\/v2\/types\/product"}],"replies":[{"embeddable":true,"href":"https:\/\/www.creavaltec.com\/inicio\/wp-json\/wp\/v2\/comments?post=6751"}],"version-history":[{"count":10,"href":"https:\/\/www.creavaltec.com\/inicio\/wp-json\/wp\/v2\/product\/6751\/revisions"}],"predecessor-version":[{"id":13748,"href":"https:\/\/www.creavaltec.com\/inicio\/wp-json\/wp\/v2\/product\/6751\/revisions\/13748"}],"wp:featuredmedia":[{"embeddable":true,"href":"https:\/\/www.creavaltec.com\/inicio\/wp-json\/wp\/v2\/media\/6835"}],"wp:attachment":[{"href":"https:\/\/www.creavaltec.com\/inicio\/wp-json\/wp\/v2\/media?parent=6751"}],"wp:term":[{"taxonomy":"product_brand","embeddable":true,"href":"https:\/\/www.creavaltec.com\/inicio\/wp-json\/wp\/v2\/product_brand?post=6751"},{"taxonomy":"product_cat","embeddable":true,"href":"https:\/\/www.creavaltec.com\/inicio\/wp-json\/wp\/v2\/product_cat?post=6751"},{"taxonomy":"product_tag","embeddable":true,"href":"https:\/\/www.creavaltec.com\/inicio\/wp-json\/wp\/v2\/product_tag?post=6751"}],"curies":[{"name":"wp","href":"https:\/\/api.w.org\/{rel}","templated":true}]}}