{"id":5769,"date":"2022-08-16T09:19:22","date_gmt":"2022-08-16T14:19:22","guid":{"rendered":"https:\/\/www.creavaltec.com\/inicio\/?post_type=product&#038;p=5769"},"modified":"2026-03-31T11:05:43","modified_gmt":"2026-03-31T16:05:43","slug":"sirena-inalambrica-xss-8000-exp","status":"publish","type":"product","link":"https:\/\/www.creavaltec.com\/inicio\/tienda\/sirena-inalambrica-xss-8000-exp\/","title":{"rendered":"Sirena inal\u00e1mbrica XSS 8000 EXP"},"content":{"rendered":"<h6 style=\"text-align: center;\">La sirena inal\u00e1mbrica XSS 8000 est\u00e1 dise\u00f1ada para estados audibles, instrucciones e indicaciones de la central AMT 8000.<\/h6>\n<p><img fetchpriority=\"high\" decoding=\"async\" class=\"size-medium wp-image-5755 aligncenter\" src=\"https:\/\/www.creavaltec.com\/inicio\/wp-content\/uploads\/2022\/08\/PGM-8000-frontal-300x300.png\" alt=\"\" width=\"300\" height=\"300\" srcset=\"https:\/\/www.creavaltec.com\/inicio\/wp-content\/uploads\/2022\/08\/PGM-8000-frontal-300x300.png 300w, https:\/\/www.creavaltec.com\/inicio\/wp-content\/uploads\/2022\/08\/PGM-8000-frontal-1024x1024.png 1024w, https:\/\/www.creavaltec.com\/inicio\/wp-content\/uploads\/2022\/08\/PGM-8000-frontal-150x150.png 150w, https:\/\/www.creavaltec.com\/inicio\/wp-content\/uploads\/2022\/08\/PGM-8000-frontal-768x768.png 768w, https:\/\/www.creavaltec.com\/inicio\/wp-content\/uploads\/2022\/08\/PGM-8000-frontal-570x570.png 570w, https:\/\/www.creavaltec.com\/inicio\/wp-content\/uploads\/2022\/08\/PGM-8000-frontal-100x100.png 100w, https:\/\/www.creavaltec.com\/inicio\/wp-content\/uploads\/2022\/08\/PGM-8000-frontal-64x64.png 64w, https:\/\/www.creavaltec.com\/inicio\/wp-content\/uploads\/2022\/08\/PGM-8000-frontal.png 1080w\" sizes=\"(max-width: 300px) 100vw, 300px\" \/><\/p>\n<h6 style=\"text-align: center;\">La comunicaci\u00f3n entre la sirena y la central es<br \/>\nrealiza a trav\u00e9s de una se\u00f1al inal\u00e1mbrica, proporcionando una instalaci\u00f3n m\u00e1s sencilla y logrando una distancia m\u00e1xima de hasta 600 metros.<\/h6>\n<h6 style=\"text-align: center;\">Se pueden agregar hasta 16 sirenas XSS 8000 a<br \/>\ncada conmutador AMT 8000.<\/h6>\n<h6 style=\"text-align: center;\"><img decoding=\"async\" class=\"aligncenter\" src=\"https:\/\/backend.intelbras.com\/sites\/default\/files\/styles\/large\/public\/2019-07\/Flyer_digital_Serie_8000_portugues_01-18_07_3.jpg\" alt=\"Flyer_digital_Serie_8000_portugues_01-18_07\" \/><\/h6>\n<h6 style=\"text-align: center;\">Los sistemas inal\u00e1mbricos de Intelbras se prueban con los m\u00e1s altos est\u00e1ndares y brindan un alto<br \/>\nconfiabilidad, sin embargo, debido al uso\/instalaci\u00f3n en escenarios variados, algunas consideraciones<br \/>\ndebe al ser instalado.<\/h6>\n<h6 style=\"text-align: center;\">Potencia audible generada 100 decibelios a 1 (un) metro<br \/>\nFrecuencia de funcionamiento Se\u00f1al RF de 915 a 928 MHz<br \/>\nModulaci\u00f3n DSSS BPSK 40 kbps<br \/>\nPotencia m\u00e1xima de transmisi\u00f3n 11 dBm<br \/>\nRango de transmisi\u00f3n1 hasta 600 m con vista directa en campo abierto<br \/>\nFuente de alimentaci\u00f3n Li-SoCl2 3,6 V 14 A con cable\/conector<br \/>\nTemperatura de funcionamiento \u201310 a 50 \u00b0C a 90 % de humedad<br \/>\nCompatibilidad del panel de control de alarma AMT 8000<br \/>\nHomologaci\u00f3n ANATEL S\u00ed<br \/>\nProtecci\u00f3n contra manipulaciones de llaves<br \/>\nAnti-interferencias Contra se\u00f1ales intrusivas<\/h6>\n","protected":false},"excerpt":{"rendered":"<h4><span style=\"color: #008000;\">La sirena inal\u00e1mbrica XSS 8000 es ideal para hacer a\u00fan m\u00e1s completo su sistema de seguridad. Mediante aviso sonoro alimentaci\u00f3n, avisa de cambios de estado, intrusiones o indicaciones de emergencia. La comunicaci\u00f3n entre la sirena y la centralita es remota, alcanzando hasta 1000 metros de distancia, lo que proporciona una instalaci\u00f3n sencilla y pr\u00e1ctica. <\/span><span style=\"color: #008000;\">Usando el panel de control AMT 8000, puede configurar hasta 16 sirenas XSS 8000.<\/span><\/h4>\n","protected":false},"featured_media":5755,"comment_status":"closed","ping_status":"closed","template":"","meta":{"site-sidebar-layout":"default","site-content-layout":"default","ast-site-content-layout":"default","site-content-style":"default","site-sidebar-style":"default","ast-global-header-display":"","ast-banner-title-visibility":"","ast-main-header-display":"","ast-hfb-above-header-display":"","ast-hfb-below-header-display":"","ast-hfb-mobile-header-display":"","site-post-title":"","ast-breadcrumbs-content":"","ast-featured-img":"","footer-sml-layout":"","theme-transparent-header-meta":"default","adv-header-id-meta":"","stick-header-meta":"","header-above-stick-meta":"","header-main-stick-meta":"","header-below-stick-meta":"","astra-migrate-meta-layouts":"set","ast-page-background-enabled":"default","ast-page-background-meta":{"desktop":{"background-color":"","background-image":"","background-repeat":"repeat","background-position":"center center","background-size":"auto","background-attachment":"scroll","background-type":"","background-media":"","overlay-type":"","overlay-color":"","overlay-opacity":"","overlay-gradient":""},"tablet":{"background-color":"","background-image":"","background-repeat":"repeat","background-position":"center center","background-size":"auto","background-attachment":"scroll","background-type":"","background-media":"","overlay-type":"","overlay-color":"","overlay-opacity":"","overlay-gradient":""},"mobile":{"background-color":"","background-image":"","background-repeat":"repeat","background-position":"center center","background-size":"auto","background-attachment":"scroll","background-type":"","background-media":"","overlay-type":"","overlay-color":"","overlay-opacity":"","overlay-gradient":""}},"ast-content-background-meta":{"desktop":{"background-color":"var(--ast-global-color-5)","background-image":"","background-repeat":"repeat","background-position":"center center","background-size":"auto","background-attachment":"scroll","background-type":"","background-media":"","overlay-type":"","overlay-color":"","overlay-opacity":"","overlay-gradient":""},"tablet":{"background-color":"var(--ast-global-color-5)","background-image":"","background-repeat":"repeat","background-position":"center center","background-size":"auto","background-attachment":"scroll","background-type":"","background-media":"","overlay-type":"","overlay-color":"","overlay-opacity":"","overlay-gradient":""},"mobile":{"background-color":"var(--ast-global-color-5)","background-image":"","background-repeat":"repeat","background-position":"center center","background-size":"auto","background-attachment":"scroll","background-type":"","background-media":"","overlay-type":"","overlay-color":"","overlay-opacity":"","overlay-gradient":""}}},"product_brand":[],"product_cat":[75],"product_tag":[],"class_list":{"0":"post-5769","1":"product","2":"type-product","3":"status-publish","4":"has-post-thumbnail","6":"product_cat-alarmas-y-cercos","7":"desktop-align-left","8":"tablet-align-left","9":"mobile-align-left","11":"first","12":"instock","13":"sale","14":"taxable","15":"shipping-taxable","16":"purchasable","17":"product-type-simple"},"jetpack_sharing_enabled":true,"_links":{"self":[{"href":"https:\/\/www.creavaltec.com\/inicio\/wp-json\/wp\/v2\/product\/5769","targetHints":{"allow":["GET"]}}],"collection":[{"href":"https:\/\/www.creavaltec.com\/inicio\/wp-json\/wp\/v2\/product"}],"about":[{"href":"https:\/\/www.creavaltec.com\/inicio\/wp-json\/wp\/v2\/types\/product"}],"replies":[{"embeddable":true,"href":"https:\/\/www.creavaltec.com\/inicio\/wp-json\/wp\/v2\/comments?post=5769"}],"version-history":[{"count":6,"href":"https:\/\/www.creavaltec.com\/inicio\/wp-json\/wp\/v2\/product\/5769\/revisions"}],"predecessor-version":[{"id":7527,"href":"https:\/\/www.creavaltec.com\/inicio\/wp-json\/wp\/v2\/product\/5769\/revisions\/7527"}],"wp:featuredmedia":[{"embeddable":true,"href":"https:\/\/www.creavaltec.com\/inicio\/wp-json\/wp\/v2\/media\/5755"}],"wp:attachment":[{"href":"https:\/\/www.creavaltec.com\/inicio\/wp-json\/wp\/v2\/media?parent=5769"}],"wp:term":[{"taxonomy":"product_brand","embeddable":true,"href":"https:\/\/www.creavaltec.com\/inicio\/wp-json\/wp\/v2\/product_brand?post=5769"},{"taxonomy":"product_cat","embeddable":true,"href":"https:\/\/www.creavaltec.com\/inicio\/wp-json\/wp\/v2\/product_cat?post=5769"},{"taxonomy":"product_tag","embeddable":true,"href":"https:\/\/www.creavaltec.com\/inicio\/wp-json\/wp\/v2\/product_tag?post=5769"}],"curies":[{"name":"wp","href":"https:\/\/api.w.org\/{rel}","templated":true}]}}