{"id":5748,"date":"2022-08-08T11:51:32","date_gmt":"2022-08-08T16:51:32","guid":{"rendered":"https:\/\/www.creavaltec.com\/inicio\/?post_type=product&#038;p=5748"},"modified":"2025-09-04T11:37:38","modified_gmt":"2025-09-04T16:37:38","slug":"trasmisor-universal-tx-8000-exp","status":"publish","type":"product","link":"https:\/\/www.creavaltec.com\/inicio\/tienda\/trasmisor-universal-tx-8000-exp\/","title":{"rendered":"Trasmisor universal TX 8000 EXP"},"content":{"rendered":"<div>\n<div class=\"z-index-4 internal-fixed-navigation\">\n<div class=\"grid-container \">\n<div class=\"navigation-sticky\">\n<div class=\"grid-x align-middle\">\n<div class=\"cell large-shrink navigation__cell-second\">\n<div class=\"navigation__cell-second-container\">\n<h6 class=\"mt2 mb2 \" style=\"text-align: center;\">Transforma la comunicaci\u00f3n por cable en inal\u00e1mbrica<\/h6>\n<div class=\"text text--300\">\n<h6 class=\"block-template overflow-hidden\" style=\"text-align: center;\">Permite que otros dispositivos se comuniquen con el Sistema 8000. Ideal para instalar sensores de barrera, tecnolog\u00edas de comunicaci\u00f3n externas y por cable.<\/h6>\n<\/div>\n<\/div>\n<\/div>\n<\/div>\n<\/div>\n<\/div>\n<\/div>\n<\/div>\n<div>\n<div class=\"grid-container \">\n<div class=\"mt2 mb2 \">\n<div class=\"grid-container \">\n<div class=\"block-mini-banner\" data-ga-name=\"section-mini-banner\">\n<div class=\"grid-x grid-margin-x align-middle\">\n<div class=\"cell medium-6 medium-order-2 large-offset-1\">\n<div class=\"block-mini-banner__media\">\n<figure class=\"text-center object-fit--contain\"><img decoding=\"async\" class=\"aligncenter\" src=\"https:\/\/backend.intelbras.com\/sites\/default\/files\/styles\/large\/public\/2020-06\/Flyer-Digital-TX-8000_PT_02.jpg\" alt=\"Flyer-Digital-TX-8000_PT_02\" \/><\/figure>\n<\/div>\n<\/div>\n<div class=\"cell medium-auto medium-order-1\">\n<div class=\"block-mini-banner__content\">\n<div class=\"text text--300\">\n<div class=\"block-template overflow-hidden\">\n<div class=\"text text--300\">\n<div class=\"block-template overflow-hidden\">\n<h6 style=\"text-align: center;\">Protecci\u00f3n anti-interferencias contra se\u00f1ales intrusivas<\/h6>\n<h6 style=\"text-align: center;\">Garantiza la comunicaci\u00f3n estable del transmisor con el panel de control, eliminando la interferencia por se\u00f1ales RF maliciosas.<\/h6>\n<\/div>\n<\/div>\n<\/div>\n<\/div>\n<\/div>\n<\/div>\n<\/div>\n<\/div>\n<\/div>\n<\/div>\n<div class=\"mt2 mb2 \">\n<div class=\"grid-container \">\n<div class=\"block-mini-banner\" data-ga-name=\"section-mini-banner\">\n<div class=\"grid-x grid-margin-x align-middle\">\n<div class=\"cell medium-6\">\n<div class=\"block-mini-banner__media\">\n<figure class=\"text-center object-fit--contain\"><img decoding=\"async\" class=\"aligncenter\" src=\"https:\/\/backend.intelbras.com\/sites\/default\/files\/styles\/large\/public\/2020-06\/Flyer-Digital-TX-8000_PT_03.jpg\" alt=\"Flyer-Digital-TX-8000_PT_03\" \/><\/figure>\n<\/div>\n<\/div>\n<div class=\"cell medium-auto\">\n<div class=\"block-mini-banner__content\">\n<div class=\"mt2 mb2 \"><\/div>\n<div class=\"text text--300\">\n<div class=\"block-template overflow-hidden\">\n<div class=\"mt2 mb2 \">\n<h6 class=\"weight--small-300 weight--large-200 h3\" style=\"text-align: center;\">Sistema 8000<\/h6>\n<\/div>\n<div class=\"text text--300\">\n<div class=\"block-template overflow-hidden\">\n<h6 style=\"text-align: center;\">El Sistema 8000 de alarmas y sensores es completamente inal\u00e1mbrico y tiene alta eficiencia de comunicaci\u00f3n, garantizando practicidad y mayor alcance de cobertura.<\/h6>\n<\/div>\n<\/div>\n<\/div>\n<\/div>\n<\/div>\n<\/div>\n<\/div>\n<\/div>\n<\/div>\n<\/div>\n<div class=\"mt2 mb2 \">\n<div class=\"grid-container \">\n<div class=\"block-mini-banner\" data-ga-name=\"section-mini-banner\">\n<div class=\"grid-x grid-margin-x align-middle\">\n<div class=\"cell medium-6 medium-order-2 large-offset-1\">\n<div class=\"block-mini-banner__media\">\n<figure class=\"text-center object-fit--contain\"><img decoding=\"async\" class=\"aligncenter\" src=\"https:\/\/backend.intelbras.com\/sites\/default\/files\/styles\/large\/public\/2020-06\/Flyer-Digital-TX-8000_PT_04.jpg\" alt=\"Flyer-Digital-TX-8000_PT_04\" \/><\/figure>\n<\/div>\n<\/div>\n<div class=\"cell medium-auto medium-order-1\">\n<div class=\"block-mini-banner__content\">\n<div class=\"mt2 mb2 \">\n<div class=\"mt2 mb2 \">\n<h6 class=\"weight--small-300 weight--large-200 h3\" style=\"text-align: center;\">Llave de sabotaje<\/h6>\n<\/div>\n<div class=\"text text--300\">\n<div class=\"block-template overflow-hidden\">\n<h6 style=\"text-align: center;\">Identifica la violaci\u00f3n de la caja del transmisor en caso de vandalismo, incluso cuando la unidad de control est\u00e1 desarmada.<\/h6>\n<\/div>\n<\/div>\n<\/div>\n<\/div>\n<\/div>\n<\/div>\n<\/div>\n<\/div>\n<\/div>\n<div class=\"mt2 mb2 \">\n<div class=\"grid-container \">\n<div class=\"block-mini-banner\" data-ga-name=\"section-mini-banner\">\n<div class=\"grid-x grid-margin-x align-middle\">\n<div class=\"cell medium-6\">\n<div class=\"block-mini-banner__media\">\n<figure class=\"text-center object-fit--contain\"><img decoding=\"async\" class=\"aligncenter\" src=\"https:\/\/backend.intelbras.com\/sites\/default\/files\/styles\/large\/public\/2020-06\/Flyer-Digital-TX-8000_PT_05.jpg\" alt=\"Flyer-Digital-TX-8000_PT_05\" \/><\/figure>\n<\/div>\n<\/div>\n<div class=\"cell medium-auto\">\n<div class=\"block-mini-banner__content\">\n<div class=\"mt2 mb2 \"><\/div>\n<div class=\"text text--300\">\n<div class=\"block-template overflow-hidden\">\n<div class=\"mt2 mb2 \">\n<h6 class=\"weight--small-300 weight--large-200 h3\" style=\"text-align: center;\">De largo alcance<\/h6>\n<\/div>\n<div class=\"text text--300\">\n<div class=\"block-template overflow-hidden\">\n<h6 style=\"text-align: center;\">Con un alcance de transmisi\u00f3n de hasta 600 metros con el panel de control, se puede aplicar en puntos distantes del posicionamiento del panel de control.<\/h6>\n<\/div>\n<\/div>\n<\/div>\n<\/div>\n<\/div>\n<\/div>\n<\/div>\n<\/div>\n<\/div>\n<\/div>\n<div class=\"mt2 mb2 \">\n<div class=\"grid-container \">\n<div class=\"block-mini-banner\" data-ga-name=\"section-mini-banner\">\n<div class=\"grid-x grid-margin-x align-middle\">\n<div class=\"cell medium-6 medium-order-2 large-offset-1\">\n<div class=\"block-mini-banner__media\">\n<figure class=\"text-center object-fit--contain\"><img decoding=\"async\" class=\"aligncenter\" src=\"https:\/\/backend.intelbras.com\/sites\/default\/files\/styles\/large\/public\/2020-06\/Flyer-Digital-TX-8000_PT_06.jpg\" alt=\"Flyer-Digital-TX-8000_PT_06\" \/><\/figure>\n<h6 style=\"text-align: center;\">F\u00e1cil instalaci\u00f3n<br \/>\n\u00bb Entrada para conectar sensores cableados<br \/>\n\u00bb Alcance de transmisi\u00f3n de 600 metros sin obst\u00e1culos<br \/>\n\u00bb Interruptor anti-sabotaje<br \/>\n\u00bb Protecci\u00f3n contra intrusi\u00f3n de se\u00f1al<br \/>\n\u00bb LED para comprobar el estado de la comunicaci\u00f3n<br \/>\n\u00bb Bater\u00eda de larga duraci\u00f3n<br \/>\n\u00bb Comunicaci\u00f3n inal\u00e1mbrica supervisada bidireccional y encriptado<\/h6>\n<h6 style=\"text-align: center;\">\u00bb Entorno de aplicaci\u00f3n interna<br \/>\n\u00bb Entrada para conectar sensores cableados S\u00ed<br \/>\n\u00bb Modulaci\u00f3n DSSS BPSK 40 kbps<br \/>\n\u00bb Transmisor supervisado S\u00ed<br \/>\n\u00bb Compatibilidad del panel de control de alarma AMT 8000<\/h6>\n<\/div>\n<\/div>\n<\/div>\n<\/div>\n<\/div>\n<\/div>\n<\/div>\n<\/div>\n","protected":false},"excerpt":{"rendered":"<h4><span style=\"color: #008000;\">La facilidad de la comunicaci\u00f3n inal\u00e1mbrica en los sensores cableado el transmisor universal TX 8000 disminuye o incluso elimina el paso de cables entre sensores y el centro Es ideal para instalaciones a largo plazo, distancias y sensores compatibles Infrarrojos pasivos y activos.<\/span><\/h4>\n","protected":false},"featured_media":5749,"comment_status":"closed","ping_status":"closed","template":"","meta":{"site-sidebar-layout":"default","site-content-layout":"default","ast-site-content-layout":"default","site-content-style":"default","site-sidebar-style":"default","ast-global-header-display":"","ast-banner-title-visibility":"","ast-main-header-display":"","ast-hfb-above-header-display":"","ast-hfb-below-header-display":"","ast-hfb-mobile-header-display":"","site-post-title":"","ast-breadcrumbs-content":"","ast-featured-img":"","footer-sml-layout":"","theme-transparent-header-meta":"default","adv-header-id-meta":"","stick-header-meta":"","header-above-stick-meta":"","header-main-stick-meta":"","header-below-stick-meta":"","astra-migrate-meta-layouts":"set","ast-page-background-enabled":"default","ast-page-background-meta":{"desktop":{"background-color":"","background-image":"","background-repeat":"repeat","background-position":"center center","background-size":"auto","background-attachment":"scroll","background-type":"","background-media":"","overlay-type":"","overlay-color":"","overlay-opacity":"","overlay-gradient":""},"tablet":{"background-color":"","background-image":"","background-repeat":"repeat","background-position":"center center","background-size":"auto","background-attachment":"scroll","background-type":"","background-media":"","overlay-type":"","overlay-color":"","overlay-opacity":"","overlay-gradient":""},"mobile":{"background-color":"","background-image":"","background-repeat":"repeat","background-position":"center center","background-size":"auto","background-attachment":"scroll","background-type":"","background-media":"","overlay-type":"","overlay-color":"","overlay-opacity":"","overlay-gradient":""}},"ast-content-background-meta":{"desktop":{"background-color":"var(--ast-global-color-5)","background-image":"","background-repeat":"repeat","background-position":"center center","background-size":"auto","background-attachment":"scroll","background-type":"","background-media":"","overlay-type":"","overlay-color":"","overlay-opacity":"","overlay-gradient":""},"tablet":{"background-color":"var(--ast-global-color-5)","background-image":"","background-repeat":"repeat","background-position":"center center","background-size":"auto","background-attachment":"scroll","background-type":"","background-media":"","overlay-type":"","overlay-color":"","overlay-opacity":"","overlay-gradient":""},"mobile":{"background-color":"var(--ast-global-color-5)","background-image":"","background-repeat":"repeat","background-position":"center center","background-size":"auto","background-attachment":"scroll","background-type":"","background-media":"","overlay-type":"","overlay-color":"","overlay-opacity":"","overlay-gradient":""}}},"product_brand":[],"product_cat":[75],"product_tag":[],"class_list":{"0":"post-5748","1":"product","2":"type-product","3":"status-publish","4":"has-post-thumbnail","6":"product_cat-alarmas-y-cercos","7":"desktop-align-left","8":"tablet-align-left","9":"mobile-align-left","11":"first","12":"instock","13":"taxable","14":"shipping-taxable","15":"purchasable","16":"product-type-simple"},"jetpack_sharing_enabled":true,"_links":{"self":[{"href":"https:\/\/www.creavaltec.com\/inicio\/wp-json\/wp\/v2\/product\/5748","targetHints":{"allow":["GET"]}}],"collection":[{"href":"https:\/\/www.creavaltec.com\/inicio\/wp-json\/wp\/v2\/product"}],"about":[{"href":"https:\/\/www.creavaltec.com\/inicio\/wp-json\/wp\/v2\/types\/product"}],"replies":[{"embeddable":true,"href":"https:\/\/www.creavaltec.com\/inicio\/wp-json\/wp\/v2\/comments?post=5748"}],"version-history":[{"count":5,"href":"https:\/\/www.creavaltec.com\/inicio\/wp-json\/wp\/v2\/product\/5748\/revisions"}],"predecessor-version":[{"id":7526,"href":"https:\/\/www.creavaltec.com\/inicio\/wp-json\/wp\/v2\/product\/5748\/revisions\/7526"}],"wp:featuredmedia":[{"embeddable":true,"href":"https:\/\/www.creavaltec.com\/inicio\/wp-json\/wp\/v2\/media\/5749"}],"wp:attachment":[{"href":"https:\/\/www.creavaltec.com\/inicio\/wp-json\/wp\/v2\/media?parent=5748"}],"wp:term":[{"taxonomy":"product_brand","embeddable":true,"href":"https:\/\/www.creavaltec.com\/inicio\/wp-json\/wp\/v2\/product_brand?post=5748"},{"taxonomy":"product_cat","embeddable":true,"href":"https:\/\/www.creavaltec.com\/inicio\/wp-json\/wp\/v2\/product_cat?post=5748"},{"taxonomy":"product_tag","embeddable":true,"href":"https:\/\/www.creavaltec.com\/inicio\/wp-json\/wp\/v2\/product_tag?post=5748"}],"curies":[{"name":"wp","href":"https:\/\/api.w.org\/{rel}","templated":true}]}}