{"id":5705,"date":"2022-08-08T08:43:28","date_gmt":"2022-08-08T13:43:28","guid":{"rendered":"https:\/\/www.creavaltec.com\/inicio\/?post_type=product&#038;p=5705"},"modified":"2025-09-01T12:09:23","modified_gmt":"2025-09-01T17:09:23","slug":"sensor-pasivo-inalambrico-ivp-8000-pet-exp","status":"publish","type":"product","link":"https:\/\/www.creavaltec.com\/inicio\/tienda\/sensor-pasivo-inalambrico-ivp-8000-pet-exp\/","title":{"rendered":"Sensor  pasivo inal\u00e1mbrico IVP 8000 PET"},"content":{"rendered":"<div>\n<div class=\"grid-container \">\n<div class=\"mt2 mb2 \">\n<div class=\"grid-container \">\n<div class=\"block-mini-banner\" data-ga-name=\"section-mini-banner\">\n<div class=\"grid-x grid-margin-x align-middle\">\n<div class=\"cell medium-6 medium-order-2 large-offset-1\">\n<div class=\"block-mini-banner__media\">\n<figure class=\"text-center object-fit--contain\">\n<div>\n<div class=\"z-index-4 internal-fixed-navigation\">\n<div class=\"grid-container \">\n<div class=\"navigation-sticky\">\n<div class=\"grid-x align-middle\">\n<div class=\"cell large-shrink navigation__cell-second\">\n<div class=\"navigation__cell-second-container\">\n<div class=\"text text--300\">\n<div class=\"block-template overflow-hidden\">\n<h6 style=\"text-align: center;\">Mas seguridad para tu mascota<\/h6>\n<h6 style=\"text-align: center;\">Desarrollado con tecnolog\u00eda PET Immunity hasta 20 kg, el dispositivo es capaz de identificar amenazas reales y distinguir peque\u00f1os animales.<\/h6>\n<\/div>\n<\/div>\n<\/div>\n<\/div>\n<\/div>\n<\/div>\n<\/div>\n<\/div>\n<\/div>\n<div>\n<div class=\"grid-container \">\n<div class=\"mt2 mb2 \">\n<div class=\"grid-container \">\n<div class=\"block-mini-banner\" data-ga-name=\"section-mini-banner\">\n<div class=\"grid-x grid-margin-x align-middle\">\n<div class=\"cell medium-6 medium-order-2 large-offset-1\">\n<div class=\"block-mini-banner__media\">\n<figure class=\"text-center object-fit--contain\"><img decoding=\"async\" class=\"aligncenter\" src=\"https:\/\/backend.intelbras.com\/sites\/default\/files\/styles\/large\/public\/2020-06\/Flyer-Digital---IVP-8000-PET_PT_02.jpg\" alt=\"Folleto-Digital---IVP-8000-PET_PT_02\" \/><\/figure>\n<\/div>\n<\/div>\n<div class=\"cell medium-auto medium-order-1\">\n<div class=\"block-mini-banner__content\">\n<div class=\"mt2 mb2 \"><\/div>\n<div class=\"text text--300\">\n<div class=\"block-template overflow-hidden\">\n<div class=\"mt2 mb2 \">\n<h6 class=\"weight--small-300 weight--large-200 h3\" style=\"text-align: center;\">Configuraci\u00f3n v\u00eda software remoto<\/h6>\n<\/div>\n<div class=\"text text--300\">\n<div class=\"block-template overflow-hidden\">\n<h6 style=\"text-align: center;\">A trav\u00e9s de la aplicaci\u00f3n AMT Remote Mobile, es posible configurar de forma remota los niveles de sensibilidad del sensor adapt\u00e1ndose al lugar de instalaci\u00f3n.<\/h6>\n<\/div>\n<\/div>\n<\/div>\n<\/div>\n<\/div>\n<\/div>\n<\/div>\n<\/div>\n<\/div>\n<\/div>\n<div class=\"mt2 mb2 \">\n<div class=\"grid-container \">\n<div class=\"block-mini-banner\" data-ga-name=\"section-mini-banner\">\n<div class=\"grid-x grid-margin-x align-middle\">\n<div class=\"cell medium-6\">\n<div class=\"block-mini-banner__media\">\n<figure class=\"text-center object-fit--contain\"><img decoding=\"async\" class=\"aligncenter\" src=\"https:\/\/backend.intelbras.com\/sites\/default\/files\/styles\/large\/public\/2020-06\/Flyer-Digital---IVP-8000-PET_PT_03.jpg\" alt=\"Folleto-Digital---IVP-8000-PET_PT_03\" \/><\/figure>\n<\/div>\n<\/div>\n<div class=\"cell medium-auto\">\n<div class=\"block-mini-banner__content\">\n<div class=\"text text--300\">\n<div class=\"block-template overflow-hidden\">\n<div class=\"mt2 mb2 \">\n<h6 class=\"weight--small-300 weight--large-200 h3\" style=\"text-align: center;\">Sistema 8000<\/h6>\n<\/div>\n<div class=\"text text--300\">\n<div class=\"block-template overflow-hidden\">\n<h6 style=\"text-align: center;\">El Sistema 8000 de alarmas y sensores es completamente inal\u00e1mbrico y tiene alta eficiencia de comunicaci\u00f3n, garantizando practicidad y mayor alcance de cobertura.<\/h6>\n<\/div>\n<\/div>\n<\/div>\n<\/div>\n<\/div>\n<\/div>\n<\/div>\n<\/div>\n<\/div>\n<\/div>\n<div class=\"mt2 mb2 \">\n<div class=\"grid-container \">\n<div class=\"block-mini-banner\" data-ga-name=\"section-mini-banner\">\n<div class=\"grid-x grid-margin-x align-middle\">\n<div class=\"cell medium-6 medium-order-2 large-offset-1\">\n<div class=\"block-mini-banner__media\">\n<figure class=\"text-center object-fit--contain\"><img decoding=\"async\" class=\"aligncenter\" src=\"https:\/\/backend.intelbras.com\/sites\/default\/files\/styles\/large\/public\/2020-06\/Flyer-Digital---IVP-8000-PET_PT_04.jpg\" alt=\"Folleto-Digital---IVP-8000-PET_PT_04\" \/><\/figure>\n<\/div>\n<\/div>\n<div class=\"cell medium-auto medium-order-1\">\n<div class=\"block-mini-banner__content\">\n<div class=\"mt2 mb2 \"><\/div>\n<div class=\"text text--300\">\n<div class=\"block-template overflow-hidden\">\n<div class=\"mt2 mb2 \">\n<h6 class=\"weight--small-300 weight--large-200 h3\" style=\"text-align: center;\">Interruptor anti-sabotaje delantero y trasero<\/h6>\n<\/div>\n<div class=\"text text--300\" style=\"text-align: center;\">\n<div class=\"block-template overflow-hidden\">\n<h6>Identifica la violaci\u00f3n del caso y la eliminaci\u00f3n de la pared en caso de vandalismo, incluso cuando la unidad de control est\u00e1 desarmada.<\/h6>\n<\/div>\n<\/div>\n<\/div>\n<\/div>\n<\/div>\n<\/div>\n<\/div>\n<\/div>\n<\/div>\n<\/div>\n<div class=\"mt2 mb2 \">\n<div class=\"grid-container \">\n<div class=\"block-mini-banner\" data-ga-name=\"section-mini-banner\">\n<div class=\"grid-x grid-margin-x align-middle\">\n<div class=\"cell medium-6\">\n<div class=\"block-mini-banner__media\" style=\"text-align: center;\">\n<figure class=\"text-center object-fit--contain\"><img decoding=\"async\" src=\"https:\/\/backend.intelbras.com\/sites\/default\/files\/styles\/large\/public\/2020-06\/Flyer-Digital---IVP-8000-PET_PT_05.jpg\" alt=\"Folleto-Digital---IVP-8000-PET_PT_05\" \/><\/figure>\n<\/div>\n<\/div>\n<div class=\"cell medium-auto\">\n<div class=\"block-mini-banner__content\">\n<div class=\"mt2 mb2 \">\n<div class=\"mt2 mb2 \">\n<h2 class=\"weight--small-300 weight--large-200 h3\"><\/h2>\n<\/div>\n<div class=\"text text--300\">\n<div class=\"block-template overflow-hidden\">\n<h6 style=\"text-align: center;\">Largo Alcance<\/h6>\n<h6 style=\"text-align: center;\">Con un alcance de transmisi\u00f3n de hasta 600 metros, se puede aplicar en puntos alejados del posicionamiento de la central de alarma.<\/h6>\n<\/div>\n<\/div>\n<\/div>\n<\/div>\n<\/div>\n<\/div>\n<\/div>\n<\/div>\n<\/div>\n<div class=\"mt2 mb2 \">\n<div class=\"grid-container \">\n<div class=\"block-mini-banner\" data-ga-name=\"section-mini-banner\">\n<div class=\"grid-x grid-margin-x align-middle\">\n<div class=\"cell medium-6 medium-order-2 large-offset-1\">\n<div class=\"block-mini-banner__media\">\n<figure class=\"text-center object-fit--contain\"><img decoding=\"async\" class=\"aligncenter\" src=\"https:\/\/backend.intelbras.com\/sites\/default\/files\/styles\/large\/public\/2020-06\/Flyer-Digital---IVP-8000-PET_PT_06.jpg\" alt=\"Folleto-Digital---IVP-8000-PET_PT_06\" \/><\/figure>\n<\/div>\n<h6 style=\"text-align: center;\">Entorno de aplicaci\u00f3n interna Rango de detecci\u00f3n PIR Hasta 12 metros<\/h6>\n<h6 style=\"text-align: center;\">Modulaci\u00f3n DSSS BPSK 40 kbps<\/h6>\n<h6 style=\"text-align: center;\">Rango de comunicaci\u00f3n 1000 metros (sin barreras)<\/h6>\n<h6 style=\"text-align: center;\">Inmunidad a mascotas Hasta 20 kg<\/h6>\n<h6 style=\"text-align: center;\">Ajuste facilitado por la aplicaci\u00f3n A trav\u00e9s de AMT remoto m\u00f3vil<\/h6>\n<h6 style=\"text-align: center;\">Compatibilidad del panel de control de alarma AMT 8000<\/h6>\n<\/div>\n<\/div>\n<\/div>\n<\/div>\n<\/div>\n<\/div>\n<\/div>\n<\/figure>\n<\/div>\n<\/div>\n<\/div>\n<\/div>\n<\/div>\n<\/div>\n<\/div>\n<\/div>\n","protected":false},"excerpt":{"rendered":"<h4><span style=\"color: #008000;\">IVP 8000 PET sensor de movimiento infrarrojo<\/span><br \/>\n<span style=\"color: #008000;\">pasiva inal\u00e1mbrica, con programaci\u00f3n<\/span><br \/>\n<span style=\"color: #008000;\">control remoto para ajustar la sensibilidad de detecci\u00f3n y inmunidad para mascotas de hasta 20 kg, puede ser utilizado en varios ambientes interiores con animales dom\u00e9sticos.<\/span><\/h4>\n<h4><span style=\"color: #008000;\">&#8221; F\u00e1cil instalaci\u00f3n<\/span><br \/>\n<span style=\"color: #008000;\">\u00bb \u00c1ngulo de detecci\u00f3n de 90\u00b0<\/span><br \/>\n<span style=\"color: #008000;\">\u00bb Configuraci\u00f3n simple a trav\u00e9s de la aplicaci\u00f3n AMT Remote Mobile<\/span><br \/>\n<span style=\"color: #008000;\">\u00bb Central de alarma con comunicaci\u00f3n inal\u00e1mbrica de larga distancia<\/span><br \/>\n<span style=\"color: #008000;\">alcanzar<\/span><br \/>\n<span style=\"color: #008000;\">\u00bb Inmunidad a animales dom\u00e9sticos hasta 20 kg, evitando<\/span><br \/>\n<span style=\"color: #008000;\">disparos accidentales<\/span><br \/>\n<span style=\"color: #008000;\">\u00bb Alcance de detecci\u00f3n hasta 12 m<\/span><br \/>\n<span style=\"color: #008000;\">\u00bb Comunicaci\u00f3n inal\u00e1mbrica supervisada bidireccional y<\/span><br \/>\n<span style=\"color: #008000;\">encriptado<\/span><br \/>\n<span style=\"color: #008000;\">\u00bb Interruptor anti-sabotaje delantero y trasero<\/span><br \/>\n<span style=\"color: #008000;\">\u00bb LED para comprobar el estado de la comunicaci\u00f3n<\/span><br \/>\n<span style=\"color: #008000;\">\u00bb Bater\u00eda de larga duraci\u00f3n<\/span><\/h4>\n","protected":false},"featured_media":5706,"comment_status":"closed","ping_status":"closed","template":"","meta":{"site-sidebar-layout":"default","site-content-layout":"default","ast-site-content-layout":"default","site-content-style":"default","site-sidebar-style":"default","ast-global-header-display":"","ast-banner-title-visibility":"","ast-main-header-display":"","ast-hfb-above-header-display":"","ast-hfb-below-header-display":"","ast-hfb-mobile-header-display":"","site-post-title":"","ast-breadcrumbs-content":"","ast-featured-img":"","footer-sml-layout":"","theme-transparent-header-meta":"default","adv-header-id-meta":"","stick-header-meta":"","header-above-stick-meta":"","header-main-stick-meta":"","header-below-stick-meta":"","astra-migrate-meta-layouts":"set","ast-page-background-enabled":"default","ast-page-background-meta":{"desktop":{"background-color":"","background-image":"","background-repeat":"repeat","background-position":"center center","background-size":"auto","background-attachment":"scroll","background-type":"","background-media":"","overlay-type":"","overlay-color":"","overlay-opacity":"","overlay-gradient":""},"tablet":{"background-color":"","background-image":"","background-repeat":"repeat","background-position":"center center","background-size":"auto","background-attachment":"scroll","background-type":"","background-media":"","overlay-type":"","overlay-color":"","overlay-opacity":"","overlay-gradient":""},"mobile":{"background-color":"","background-image":"","background-repeat":"repeat","background-position":"center center","background-size":"auto","background-attachment":"scroll","background-type":"","background-media":"","overlay-type":"","overlay-color":"","overlay-opacity":"","overlay-gradient":""}},"ast-content-background-meta":{"desktop":{"background-color":"var(--ast-global-color-5)","background-image":"","background-repeat":"repeat","background-position":"center center","background-size":"auto","background-attachment":"scroll","background-type":"","background-media":"","overlay-type":"","overlay-color":"","overlay-opacity":"","overlay-gradient":""},"tablet":{"background-color":"var(--ast-global-color-5)","background-image":"","background-repeat":"repeat","background-position":"center center","background-size":"auto","background-attachment":"scroll","background-type":"","background-media":"","overlay-type":"","overlay-color":"","overlay-opacity":"","overlay-gradient":""},"mobile":{"background-color":"var(--ast-global-color-5)","background-image":"","background-repeat":"repeat","background-position":"center center","background-size":"auto","background-attachment":"scroll","background-type":"","background-media":"","overlay-type":"","overlay-color":"","overlay-opacity":"","overlay-gradient":""}}},"product_brand":[],"product_cat":[75],"product_tag":[],"class_list":{"0":"post-5705","1":"product","2":"type-product","3":"status-publish","4":"has-post-thumbnail","6":"product_cat-alarmas-y-cercos","7":"desktop-align-left","8":"tablet-align-left","9":"mobile-align-left","11":"first","12":"instock","13":"taxable","14":"shipping-taxable","15":"purchasable","16":"product-type-simple"},"jetpack_sharing_enabled":true,"_links":{"self":[{"href":"https:\/\/www.creavaltec.com\/inicio\/wp-json\/wp\/v2\/product\/5705","targetHints":{"allow":["GET"]}}],"collection":[{"href":"https:\/\/www.creavaltec.com\/inicio\/wp-json\/wp\/v2\/product"}],"about":[{"href":"https:\/\/www.creavaltec.com\/inicio\/wp-json\/wp\/v2\/types\/product"}],"replies":[{"embeddable":true,"href":"https:\/\/www.creavaltec.com\/inicio\/wp-json\/wp\/v2\/comments?post=5705"}],"version-history":[{"count":7,"href":"https:\/\/www.creavaltec.com\/inicio\/wp-json\/wp\/v2\/product\/5705\/revisions"}],"predecessor-version":[{"id":7545,"href":"https:\/\/www.creavaltec.com\/inicio\/wp-json\/wp\/v2\/product\/5705\/revisions\/7545"}],"wp:featuredmedia":[{"embeddable":true,"href":"https:\/\/www.creavaltec.com\/inicio\/wp-json\/wp\/v2\/media\/5706"}],"wp:attachment":[{"href":"https:\/\/www.creavaltec.com\/inicio\/wp-json\/wp\/v2\/media?parent=5705"}],"wp:term":[{"taxonomy":"product_brand","embeddable":true,"href":"https:\/\/www.creavaltec.com\/inicio\/wp-json\/wp\/v2\/product_brand?post=5705"},{"taxonomy":"product_cat","embeddable":true,"href":"https:\/\/www.creavaltec.com\/inicio\/wp-json\/wp\/v2\/product_cat?post=5705"},{"taxonomy":"product_tag","embeddable":true,"href":"https:\/\/www.creavaltec.com\/inicio\/wp-json\/wp\/v2\/product_tag?post=5705"}],"curies":[{"name":"wp","href":"https:\/\/api.w.org\/{rel}","templated":true}]}}