{"id":5698,"date":"2022-08-05T16:09:13","date_gmt":"2022-08-05T21:09:13","guid":{"rendered":"https:\/\/www.creavaltec.com\/inicio\/?post_type=product&#038;p=5698"},"modified":"2025-09-01T12:09:09","modified_gmt":"2025-09-01T17:09:09","slug":"sensor-de-movimiento-infrarrojo-pasivo-inalambrico-ivp8000-ex","status":"publish","type":"product","link":"https:\/\/www.creavaltec.com\/inicio\/tienda\/sensor-de-movimiento-infrarrojo-pasivo-inalambrico-ivp8000-ex\/","title":{"rendered":"Sensor de movimiento infrarrojo pasivo inal\u00e1mbrico IVP8000 EX"},"content":{"rendered":"<div>\n<div class=\"z-index-4 internal-fixed-navigation\">\n<div class=\"grid-container \">\n<div class=\"navigation-sticky\">\n<div class=\"grid-x align-middle\">\n<div class=\"cell large-shrink navigation__cell-second\">\n<div>\n<div class=\"mt2 mb2 \">\n<h6 class=\"weight--small-300 weight--large-200 h3\" style=\"text-align: center;\">Sensor para zona exterior<\/h6>\n<\/div>\n<div class=\"text text--300\">\n<div class=\"block-template overflow-hidden\">\n<h6 style=\"text-align: center;\">Puede aplicarse en instalaciones externas, sin que se produzcan falsos disparos.<\/h6>\n<\/div>\n<\/div>\n<\/div>\n<div class=\"navigation__cell-second-container\"><img decoding=\"async\" class=\"aligncenter\" style=\"font-style: inherit; font-weight: inherit;\" src=\"https:\/\/backend.intelbras.com\/sites\/default\/files\/styles\/large\/public\/2019-05\/426-A-Flyer-Digital-IVP-8000-EX_06.jpg\" alt=\"sensor-para-area-externa-ivp-8000-ex\" \/><\/div>\n<div><\/div>\n<\/div>\n<\/div>\n<\/div>\n<\/div>\n<\/div>\n<\/div>\n<div>\n<div class=\"grid-container \">\n<div class=\"mt2 mb2 \">\n<div class=\"grid-container \">\n<div class=\"block-mini-banner\" data-ga-name=\"section-mini-banner\">\n<div class=\"grid-x grid-margin-x align-middle\">\n<div class=\"cell medium-auto medium-order-1\">\n<div class=\"block-mini-banner__content\">\n<h6 class=\"mt2 mb2 \" style=\"text-align: center;\">Funci\u00f3n anti-sabotaje<\/h6>\n<div class=\"text text--300\">\n<div class=\"block-template overflow-hidden\">\n<div class=\"text text--300\">\n<div class=\"block-template overflow-hidden\">\n<h6 style=\"text-align: center;\">Identifica la pendiente horizontal\/vertical de la instalaci\u00f3n.\u00a0Si se produce un sabotaje de posicionamiento, se env\u00eda una se\u00f1al de manipulaci\u00f3n al panel de control.<\/h6>\n<\/div>\n<\/div>\n<\/div>\n<\/div>\n<\/div>\n<\/div>\n<\/div>\n<\/div>\n<\/div>\n<\/div>\n<div class=\"mt2 mb2 \">\n<div class=\"grid-container \">\n<div class=\"block-mini-banner\" data-ga-name=\"section-mini-banner\">\n<div class=\"grid-x grid-margin-x align-middle\">\n<div class=\"cell medium-6\">\n<div class=\"block-mini-banner__media\">\n<figure class=\"text-center object-fit--contain\"><img decoding=\"async\" class=\"aligncenter\" src=\"https:\/\/backend.intelbras.com\/sites\/default\/files\/styles\/large\/public\/2020-06\/funcao-antisabotagem-sensor-externo-ivp-8000-ex.jpg\" alt=\"funcao-antisabotagem-sensor-externo-ivp-8000-ex\" \/><\/figure>\n<\/div>\n<\/div>\n<div class=\"cell medium-auto\">\n<div class=\"block-mini-banner__content\">\n<div class=\"mt2 mb2 \">\n<div class=\"mt2 mb2 \">\n<h6 class=\"weight--small-300 weight--large-200 h3\" style=\"text-align: center;\">Funci\u00f3n de inmunidad PET<\/h6>\n<\/div>\n<div class=\"text text--300\">\n<div class=\"block-template overflow-hidden\">\n<h6 style=\"text-align: center;\">Permite la instalaci\u00f3n en lugares con animales rastreros de hasta 30 kg.<\/h6>\n<\/div>\n<\/div>\n<\/div>\n<\/div>\n<\/div>\n<\/div>\n<\/div>\n<\/div>\n<\/div>\n<div class=\"mt2 mb2 \">\n<div class=\"grid-container \">\n<div class=\"block-mini-banner\" data-ga-name=\"section-mini-banner\">\n<div class=\"grid-x grid-margin-x align-middle\">\n<div class=\"cell medium-6 medium-order-2 large-offset-1\">\n<div class=\"block-mini-banner__media\">\n<figure class=\"text-center object-fit--contain\"><img decoding=\"async\" class=\"aligncenter\" src=\"https:\/\/backend.intelbras.com\/sites\/default\/files\/styles\/large\/public\/2019-05\/426-A-Flyer-Digital-IVP-8000-EX_12.jpg\" alt=\"funcao-pet-immunity-sensor-externo-ivp-8000-ex\" \/><\/figure>\n<\/div>\n<\/div>\n<div class=\"cell medium-auto medium-order-1\">\n<div class=\"block-mini-banner__content\">\n<div class=\"mt2 mb2 \">\n<h6 class=\"weight--small-300 weight--large-200 h3\" style=\"text-align: center;\">Funci\u00f3n de inmunidad PET<\/h6>\n<\/div>\n<div class=\"text text--300\">\n<div class=\"block-template overflow-hidden\">\n<div class=\"mt2 mb2 \" style=\"text-align: center;\">\n<h6 class=\"weight--small-300 weight--large-200 h3\">Comunicaci\u00f3n inal\u00e1mbrica bidireccional supervisada<\/h6>\n<\/div>\n<div class=\"text text--300\">\n<div class=\"block-template overflow-hidden\">\n<h6 style=\"text-align: center;\">El sensor IVP 8000 EX se comunica constantemente con el panel de control, realizando una supervisi\u00f3n en tiempo real del estado de funcionamiento.<\/h6>\n<\/div>\n<\/div>\n<\/div>\n<\/div>\n<\/div>\n<\/div>\n<\/div>\n<\/div>\n<\/div>\n<\/div>\n<div class=\"mt2 mb2 \">\n<div class=\"grid-container \">\n<div class=\"block-mini-banner\" data-ga-name=\"section-mini-banner\">\n<div class=\"grid-x grid-margin-x align-middle\">\n<div class=\"cell medium-6\">\n<figure class=\"text-center object-fit--contain\"><img decoding=\"async\" class=\"aligncenter\" src=\"https:\/\/backend.intelbras.com\/sites\/default\/files\/styles\/large\/public\/2019-05\/426-A-Flyer-Digital-IVP-8000-EX_14.jpg\" alt=\"comunicacao-sem-fio-bidirecional-supervisionada-sensor-externo-ivp-8000-ex\" \/><\/figure>\n<\/div>\n<div class=\"cell medium-auto\">\n<div class=\"block-mini-banner__content\">\n<h6 class=\"mt2 mb2 \" style=\"text-align: center;\">Entorno de aplicaci\u00f3n interior, semiabierto y exterior.<br \/>\nRango de detecci\u00f3n 12 metros<br \/>\n\u00c1ngulo de detecci\u00f3n 110\u00b0<br \/>\nInmunidad a mascotas 30 kg<br \/>\nAlcance de transmisi\u00f3n 1000 metros sin obst\u00e1culos<br \/>\nModulaci\u00f3n BPSK-40-kbps DSSS<br \/>\nGrado de protecci\u00f3n IP X4<\/h6>\n<div class=\"text text--300\">\n<div class=\"block-template overflow-hidden\">\n<p>&nbsp;<\/p>\n<\/div>\n<\/div>\n<\/div>\n<\/div>\n<\/div>\n<\/div>\n<\/div>\n<\/div>\n<\/div>\n<\/div>\n","protected":false},"excerpt":{"rendered":"<h4><span style=\"color: #008000;\">El IVP 8000 EX forma parte de la serie 8000, siendo el<\/span><br \/>\n<span style=\"color: #008000;\">soluci\u00f3n inal\u00e1mbrica al aire libre. Con<\/span><br \/>\n<span style=\"color: #008000;\">funci\u00f3n y comunicaci\u00f3n bidireccional supervisada<\/span><br \/>\n<span style=\"color: #008000;\">Pet Immunity, se puede instalar en lugares con<\/span><br \/>\n<span style=\"color: #008000;\">variaciones clim\u00e1ticas y la presencia de animales de hasta<\/span><br \/>\n<span style=\"color: #008000;\">30 kg.<\/span><\/h4>\n<h4><span style=\"color: #008000;\">\u00bb Inmunidad a mascotas de hasta 30 kg<\/span><br \/>\n<span style=\"color: #008000;\">\u00bb Funci\u00f3n anti-sabotaje contra cambios maliciosos<\/span><br \/>\n<span style=\"color: #008000;\">en la posici\u00f3n del sensor<\/span><br \/>\n<span style=\"color: #008000;\">\u00bb Detecci\u00f3n mediante doble PIR<\/span><br \/>\n<span style=\"color: #008000;\">\u00bb Sensibilidad PIR ajustable<\/span><br \/>\n<span style=\"color: #008000;\">\u00bb Verificaci\u00f3n del estado de comunicaci\u00f3n por LED<\/span><br \/>\n<span style=\"color: #008000;\">\u00bb Interruptor anti-sabotaje frontal<\/span><br \/>\n<span style=\"color: #008000;\">\u00bb Soporte articulado para fijaci\u00f3n<\/span><\/h4>\n","protected":false},"featured_media":5700,"comment_status":"closed","ping_status":"closed","template":"","meta":{"site-sidebar-layout":"default","site-content-layout":"default","ast-site-content-layout":"default","site-content-style":"default","site-sidebar-style":"default","ast-global-header-display":"","ast-banner-title-visibility":"","ast-main-header-display":"","ast-hfb-above-header-display":"","ast-hfb-below-header-display":"","ast-hfb-mobile-header-display":"","site-post-title":"","ast-breadcrumbs-content":"","ast-featured-img":"","footer-sml-layout":"","theme-transparent-header-meta":"default","adv-header-id-meta":"","stick-header-meta":"","header-above-stick-meta":"","header-main-stick-meta":"","header-below-stick-meta":"","astra-migrate-meta-layouts":"set","ast-page-background-enabled":"default","ast-page-background-meta":{"desktop":{"background-color":"","background-image":"","background-repeat":"repeat","background-position":"center center","background-size":"auto","background-attachment":"scroll","background-type":"","background-media":"","overlay-type":"","overlay-color":"","overlay-opacity":"","overlay-gradient":""},"tablet":{"background-color":"","background-image":"","background-repeat":"repeat","background-position":"center center","background-size":"auto","background-attachment":"scroll","background-type":"","background-media":"","overlay-type":"","overlay-color":"","overlay-opacity":"","overlay-gradient":""},"mobile":{"background-color":"","background-image":"","background-repeat":"repeat","background-position":"center center","background-size":"auto","background-attachment":"scroll","background-type":"","background-media":"","overlay-type":"","overlay-color":"","overlay-opacity":"","overlay-gradient":""}},"ast-content-background-meta":{"desktop":{"background-color":"var(--ast-global-color-5)","background-image":"","background-repeat":"repeat","background-position":"center center","background-size":"auto","background-attachment":"scroll","background-type":"","background-media":"","overlay-type":"","overlay-color":"","overlay-opacity":"","overlay-gradient":""},"tablet":{"background-color":"var(--ast-global-color-5)","background-image":"","background-repeat":"repeat","background-position":"center center","background-size":"auto","background-attachment":"scroll","background-type":"","background-media":"","overlay-type":"","overlay-color":"","overlay-opacity":"","overlay-gradient":""},"mobile":{"background-color":"var(--ast-global-color-5)","background-image":"","background-repeat":"repeat","background-position":"center center","background-size":"auto","background-attachment":"scroll","background-type":"","background-media":"","overlay-type":"","overlay-color":"","overlay-opacity":"","overlay-gradient":""}}},"product_brand":[],"product_cat":[75],"product_tag":[],"class_list":{"0":"post-5698","1":"product","2":"type-product","3":"status-publish","4":"has-post-thumbnail","6":"product_cat-alarmas-y-cercos","7":"desktop-align-left","8":"tablet-align-left","9":"mobile-align-left","11":"first","12":"instock","13":"taxable","14":"shipping-taxable","15":"purchasable","16":"product-type-simple"},"jetpack_sharing_enabled":true,"_links":{"self":[{"href":"https:\/\/www.creavaltec.com\/inicio\/wp-json\/wp\/v2\/product\/5698","targetHints":{"allow":["GET"]}}],"collection":[{"href":"https:\/\/www.creavaltec.com\/inicio\/wp-json\/wp\/v2\/product"}],"about":[{"href":"https:\/\/www.creavaltec.com\/inicio\/wp-json\/wp\/v2\/types\/product"}],"replies":[{"embeddable":true,"href":"https:\/\/www.creavaltec.com\/inicio\/wp-json\/wp\/v2\/comments?post=5698"}],"version-history":[{"count":4,"href":"https:\/\/www.creavaltec.com\/inicio\/wp-json\/wp\/v2\/product\/5698\/revisions"}],"predecessor-version":[{"id":7520,"href":"https:\/\/www.creavaltec.com\/inicio\/wp-json\/wp\/v2\/product\/5698\/revisions\/7520"}],"wp:featuredmedia":[{"embeddable":true,"href":"https:\/\/www.creavaltec.com\/inicio\/wp-json\/wp\/v2\/media\/5700"}],"wp:attachment":[{"href":"https:\/\/www.creavaltec.com\/inicio\/wp-json\/wp\/v2\/media?parent=5698"}],"wp:term":[{"taxonomy":"product_brand","embeddable":true,"href":"https:\/\/www.creavaltec.com\/inicio\/wp-json\/wp\/v2\/product_brand?post=5698"},{"taxonomy":"product_cat","embeddable":true,"href":"https:\/\/www.creavaltec.com\/inicio\/wp-json\/wp\/v2\/product_cat?post=5698"},{"taxonomy":"product_tag","embeddable":true,"href":"https:\/\/www.creavaltec.com\/inicio\/wp-json\/wp\/v2\/product_tag?post=5698"}],"curies":[{"name":"wp","href":"https:\/\/api.w.org\/{rel}","templated":true}]}}