{"id":5490,"date":"2022-06-17T11:18:57","date_gmt":"2022-06-17T16:18:57","guid":{"rendered":"https:\/\/www.creavaltec.com\/inicio\/?post_type=product&#038;p=5490"},"modified":"2026-04-23T10:43:16","modified_gmt":"2026-04-23T15:43:16","slug":"luminaria-solar-integrada-sli-4800","status":"publish","type":"product","link":"https:\/\/www.creavaltec.com\/inicio\/tienda\/luminaria-solar-integrada-sli-4800\/","title":{"rendered":"Lumin\u00e1ria solar integrada LSI 4800"},"content":{"rendered":"<div class=\"mt2 mb2 \">\n<h2>\u00a1Todo en un solo producto!<\/h2>\n<h2>La LSI 4800 consta de un m\u00f3dulo solar, bater\u00eda y LED integrados.<\/h2>\n<p>&nbsp;<\/p>\n<h2 class=\"weight--small-300 weight--large-200 h3\">Instalaci\u00f3n sencilla<\/h2>\n<\/div>\n<div class=\"text text--300\">\n<div class=\"block-template overflow-hidden\">\n<p>F\u00e1cil y r\u00e1pida instalaci\u00f3n en postes o paredes. Elimina el uso de cables, tuber\u00edas y conexi\u00f3n a la red el\u00e9ctrica convencional.<\/p>\n<\/div>\n<div class=\"mt2 mb2 \">\n<h2 class=\"weight--small-300 weight--large-200 h3\">Operaci\u00f3n inteligente<\/h2>\n<\/div>\n<div class=\"text text--300\">\n<div class=\"block-template overflow-hidden\">\n<p>Con los modos econ\u00f3mico y sensor, usted tiene m\u00e1s autonom\u00eda en el d\u00eda a d\u00eda.<\/p>\n<div class=\"mt2 mb2 \">\n<h2 class=\"weight--small-300 weight--large-200 h3\">Activaci\u00f3n autom\u00e1tica<\/h2>\n<\/div>\n<div class=\"text text--300\">\n<div class=\"block-template overflow-hidden\">\n<p>Al anochecer, la luminaria se apaga y se enciende durante el d\u00eda, proporcionando m\u00e1s ahorro.<\/p>\n<\/div>\n<p>&nbsp;<\/p>\n<\/div>\n<p>*Panel solar 21W, silicio monocristalino<br \/>\n*Bater\u00eda 9,6 V, 12000 mAh, LiFePO4 recargable1<br \/>\n*N\u00famero de LED 90<br \/>\n*Potencia m\u00e1xima 40W<br \/>\n*Flujo luminoso m\u00e1ximo 4.800 lm<br \/>\n*Temperatura de color blanco 6500K<br \/>\n*\u00c1ngulo de apertura 140&#215;70\u00b0, tipo III<br \/>\n*Eficiencia luminosa 120 lm\/W<br \/>\n*Tiempo de carga 8 horas de luz solar<br \/>\n*Autonom\u00eda Hasta 3 noches2<br \/>\n*Grado de protecci\u00f3n IP65<br \/>\n*Sensor de presencia \u00c1ngulo de 120\u00b0, detecta movimiento hasta 12 metros<br \/>\nde distancia<br \/>\n*Altura de instalaci\u00f3n Entre 3 a 6 metros de altura<br \/>\n*Distancia entre luminarias Entre 18 a 20 metros<br \/>\n*Dimensiones del producto (An. x Al. x Pr.) 706,1 \u00d7 289,7 \u00d7 73,6 mm<br \/>\n*Temperatura de funcionamiento -10 \u00b0C a 50 \u00b0C<br \/>\n*Instalaci\u00f3n en poste recto, poste curvo y pared<\/p>\n<div class=\"text text--300\">\n<p>\u00b9La luminaria operando en modo sensor 100% (hasta 100 detecciones por noche), la bater\u00eda mantendr\u00e1 la capacidad de carga m\u00e1xima por hasta 3 a\u00f1os, despu\u00e9s de este per\u00edodo, la luminaria seguir\u00e1 funcionando, pero la capacidad de carga de la bater\u00eda se reducir\u00e1.<br \/>\n\u00b2La bater\u00eda debe estar completamente cargada y la cantidad m\u00e1xima ser\u00e1 de 270 detecci\u00f3n de movimiento para este per\u00edodo de hasta 3 noches.<\/p>\n<\/div>\n<\/div>\n<\/div>\n<\/div>\n","protected":false},"excerpt":{"rendered":"<p>Ideal para instalaciones al aire libre como estacionamientos, condominios y parques, que no requieren conexi\u00f3n a energ\u00eda convencional.<\/p>\n<p>\u00bb Alta eficiencia en la conversi\u00f3n de energ\u00eda<br \/>\n\u00bb 4800 lm de flujo luminoso<br \/>\n\u00bb Mando a distancia para configurar diferentes modos<br \/>\noperando.<br \/>\n\u00bb Bater\u00eda de litio (LiFePO4)<\/p>\n","protected":false},"featured_media":5494,"comment_status":"closed","ping_status":"closed","template":"","meta":{"site-sidebar-layout":"default","site-content-layout":"default","ast-site-content-layout":"","site-content-style":"default","site-sidebar-style":"default","ast-global-header-display":"","ast-banner-title-visibility":"","ast-main-header-display":"","ast-hfb-above-header-display":"","ast-hfb-below-header-display":"","ast-hfb-mobile-header-display":"","site-post-title":"","ast-breadcrumbs-content":"","ast-featured-img":"","footer-sml-layout":"","theme-transparent-header-meta":"default","adv-header-id-meta":"","stick-header-meta":"","header-above-stick-meta":"","header-main-stick-meta":"","header-below-stick-meta":"","astra-migrate-meta-layouts":"default","ast-page-background-enabled":"default","ast-page-background-meta":{"desktop":{"background-color":"","background-image":"","background-repeat":"repeat","background-position":"center center","background-size":"auto","background-attachment":"scroll","background-type":"","background-media":"","overlay-type":"","overlay-color":"","overlay-opacity":"","overlay-gradient":""},"tablet":{"background-color":"","background-image":"","background-repeat":"repeat","background-position":"center center","background-size":"auto","background-attachment":"scroll","background-type":"","background-media":"","overlay-type":"","overlay-color":"","overlay-opacity":"","overlay-gradient":""},"mobile":{"background-color":"","background-image":"","background-repeat":"repeat","background-position":"center center","background-size":"auto","background-attachment":"scroll","background-type":"","background-media":"","overlay-type":"","overlay-color":"","overlay-opacity":"","overlay-gradient":""}},"ast-content-background-meta":{"desktop":{"background-color":"var(--ast-global-color-5)","background-image":"","background-repeat":"repeat","background-position":"center center","background-size":"auto","background-attachment":"scroll","background-type":"","background-media":"","overlay-type":"","overlay-color":"","overlay-opacity":"","overlay-gradient":""},"tablet":{"background-color":"var(--ast-global-color-5)","background-image":"","background-repeat":"repeat","background-position":"center center","background-size":"auto","background-attachment":"scroll","background-type":"","background-media":"","overlay-type":"","overlay-color":"","overlay-opacity":"","overlay-gradient":""},"mobile":{"background-color":"var(--ast-global-color-5)","background-image":"","background-repeat":"repeat","background-position":"center center","background-size":"auto","background-attachment":"scroll","background-type":"","background-media":"","overlay-type":"","overlay-color":"","overlay-opacity":"","overlay-gradient":""}}},"product_brand":[],"product_cat":[135],"product_tag":[],"class_list":{"0":"post-5490","1":"product","2":"type-product","3":"status-publish","4":"has-post-thumbnail","6":"product_cat-luminaria-solar","7":"desktop-align-left","8":"tablet-align-left","9":"mobile-align-left","11":"first","12":"instock","13":"taxable","14":"shipping-taxable","15":"purchasable","16":"product-type-simple"},"jetpack_sharing_enabled":true,"_links":{"self":[{"href":"https:\/\/www.creavaltec.com\/inicio\/wp-json\/wp\/v2\/product\/5490","targetHints":{"allow":["GET"]}}],"collection":[{"href":"https:\/\/www.creavaltec.com\/inicio\/wp-json\/wp\/v2\/product"}],"about":[{"href":"https:\/\/www.creavaltec.com\/inicio\/wp-json\/wp\/v2\/types\/product"}],"replies":[{"embeddable":true,"href":"https:\/\/www.creavaltec.com\/inicio\/wp-json\/wp\/v2\/comments?post=5490"}],"version-history":[{"count":4,"href":"https:\/\/www.creavaltec.com\/inicio\/wp-json\/wp\/v2\/product\/5490\/revisions"}],"predecessor-version":[{"id":5818,"href":"https:\/\/www.creavaltec.com\/inicio\/wp-json\/wp\/v2\/product\/5490\/revisions\/5818"}],"wp:featuredmedia":[{"embeddable":true,"href":"https:\/\/www.creavaltec.com\/inicio\/wp-json\/wp\/v2\/media\/5494"}],"wp:attachment":[{"href":"https:\/\/www.creavaltec.com\/inicio\/wp-json\/wp\/v2\/media?parent=5490"}],"wp:term":[{"taxonomy":"product_brand","embeddable":true,"href":"https:\/\/www.creavaltec.com\/inicio\/wp-json\/wp\/v2\/product_brand?post=5490"},{"taxonomy":"product_cat","embeddable":true,"href":"https:\/\/www.creavaltec.com\/inicio\/wp-json\/wp\/v2\/product_cat?post=5490"},{"taxonomy":"product_tag","embeddable":true,"href":"https:\/\/www.creavaltec.com\/inicio\/wp-json\/wp\/v2\/product_tag?post=5490"}],"curies":[{"name":"wp","href":"https:\/\/api.w.org\/{rel}","templated":true}]}}