{"id":5418,"date":"2022-06-09T16:24:13","date_gmt":"2022-06-09T21:24:13","guid":{"rendered":"https:\/\/www.creavaltec.com\/inicio\/?post_type=product&#038;p=5418"},"modified":"2025-09-17T16:50:39","modified_gmt":"2025-09-17T21:50:39","slug":"receptor-xar-4000-smart","status":"publish","type":"product","link":"https:\/\/www.creavaltec.com\/inicio\/tienda\/receptor-xar-4000-smart\/","title":{"rendered":"Receptor XAR 4000 SMART"},"content":{"rendered":"<h6 style=\"text-align: center;\">El XAR 4000 SMART es un receptor RF con tecnolog\u00eda dual (FSK y OOK), que conectado a la central de alarma AMT 4010 Smart \/ AMT 4010 Smart NET y utilizando modulaci\u00f3n FSK, permite el registro de dispositivos inal\u00e1mbricos como el sensor magn\u00e9tico XAS 4010 INTELIGENTE.\u00a0El sensor de presencia IVP 4000 SMART y el mando a distancia XAC 4000 SMART tambi\u00e9n disponen de modulaci\u00f3n FSK, por lo que se puede monitorizar la supervisi\u00f3n Smart.\u00a0Si se utiliza la modulaci\u00f3n OOK en cualquier modelo de interruptor y dispositivo, funcionar\u00e1n con normalidad, pero sin supervisi\u00f3n inteligente.<\/h6>\n<p><img decoding=\"async\" class=\"media-element file-default aligncenter\" title=\"sistema INTELIGENTE\" src=\"http:\/\/suporte-tecnico.intelbras.com.br\/sites\/default\/files\/flyer_digital_smart_3_0.png\" alt=\"sistema INTELIGENTE\" \/><\/p>\n<h6 style=\"text-align: center;\">El sistema SMART fue dise\u00f1ado para ofrecer un rango desde el switch hasta su \u00faltimo perif\u00e9rico de hasta 1 km en la topolog\u00eda en cascada (a trav\u00e9s del bus 485), esto permite que el sistema sirva desde peque\u00f1os hasta grandes proyectos.<\/h6>\n<p><img decoding=\"async\" class=\"media-element file-default aligncenter\" title=\"sistema INTELIGENTE\" src=\"http:\/\/suporte-tecnico.intelbras.com.br\/sites\/default\/files\/flyer_digital_smart_4_0.png\" alt=\"sistema INTELIGENTE\" \/><\/p>\n<h6 style=\"text-align: center;\">El sistema es completamente modular y se puede adaptar a las necesidades del usuario, permitiendo ensamblar el sistema en la forma y en las dimensiones que mejor se adapten a \u00e9l, asegurando una rentabilidad insuperable.<\/h6>\n<h6 style=\"text-align: center;\"><img decoding=\"async\" class=\"media-element file-default aligncenter\" title=\"sistema INTELIGENTE\" src=\"http:\/\/suporte-tecnico.intelbras.com.br\/sites\/default\/files\/flyer_digital_smart_5_0.png\" alt=\"sistema INTELIGENTE\" \/>El sistema posee la funci\u00f3n SMART, tornando los dispositivos inal\u00e1mbricos a\u00fan m\u00e1s asertivos y seguros, supervisando con precisi\u00f3n puertas y ventanas (abiertas, cerradas y nivel de carga baja de bater\u00eda).<\/h6>\n<p><img fetchpriority=\"high\" decoding=\"async\" class=\"aligncenter\" src=\"https:\/\/backend.intelbras.com\/sites\/default\/files\/integration\/xar_4000_smart_front.png\" width=\"341\" height=\"341\" \/><\/p>\n<h6 style=\"text-align: center;\">\u00bb Para uso en switches Intelbras series 2000 y 4000 (excepto ANM 2003)<br \/>\n\u00bb Alcance de hasta 100 metros en campo abierto.<br \/>\n\u00bb Recepci\u00f3n de hasta 128 dispositivos (sensores y control remoto) en la serie AMT y hasta 48 dispositivos en la serie ANM<br \/>\n\u00bb Reconocimiento de hasta 62 usuarios por control remoto (en la serie AMT)<br \/>\n\u00bb Frecuencia de operaci\u00f3n de 433,92 MHz con tecnolog\u00eda Smart Code (c\u00f3digo fijo \u2013 24 bits)<br \/>\n\u00bb Conexi\u00f3n de largo alcance v\u00eda bus AB (RS485) y v\u00eda bus T1,T2 (RS232)<\/h6>\n<h6 style=\"text-align: center;\"><\/h6>\n<h6 style=\"text-align: center;\">Especificaciones t\u00e9cnicas<br \/>\n\u00bb Alimentaci\u00f3n Vdc +12 a 15 V.<br \/>\n\u00bb Consumo 60 mA.<br \/>\n\u00bb Bus de comunicaci\u00f3n T1T2 para AMT 4010 SMART\/AMT 4010 SMART NET, AMT 3010 y<br \/>\nConmutadores de l\u00ednea 2000, excepto ANM 2003.<br \/>\n\u00bb Bus de comunicaci\u00f3n AB (RS485) para central AMT 4010 SMART\/AMT 4010 SMART NET.<br \/>\n\u00bb Puente de adaptaci\u00f3n de impedancia para el bus AB (RS485).<br \/>\n\u00bb Jumper para selecci\u00f3n de comunicaci\u00f3n T1T2 \/ AB (RS485).<br \/>\n\u00bb Puente para la selecci\u00f3n de la direcci\u00f3n del dispositivo.<br \/>\n\u00bb Jumper para selecci\u00f3n de recepci\u00f3n en modulaci\u00f3n OOK o FSK.<\/h6>\n<h6 style=\"text-align: center;\">En lo que respecta a los mandos a distancia de otros fabricantes, deben tener las caracter\u00edsticas indicadas para<br \/>\ntrabajar con XAR 4000 Smart<\/h6>\n","protected":false},"excerpt":{"rendered":"<h4 class=\"mb2 h2 large-h3\"><span style=\"color: #008000;\">Receptor para panel de alarma serie 2000 y 4000<\/span><\/h4>\n<div class=\"text text--300\">\n<h4 class=\"block-template overflow-hidden\"><span style=\"color: #008000;\">Con un alcance de hasta 100 metros en campo abierto de la se\u00f1al RF operando a 433.92 MHz con tecnolog\u00eda Smart Code (c\u00f3digo fijo \u2013 24 bits).<\/span><\/h4>\n<h4><span style=\"color: #008000;\">Trabajar en la modulaci\u00f3n OOK<\/span><br \/>\n<span style=\"color: #008000;\">Trabajar en la frecuencia de 433,92 Mhz<\/span><\/h4>\n<h4><span style=\"color: #008000;\">Tasa de baudios de 1,886 Kbps.<\/span><\/h4>\n<h4><span style=\"color: #008000;\"><strong><em>No garantizamos el funcionamiento del XAR 4000 Smart con interruptores o sensores inal\u00e1mbricos que no sean fabricados por Intelbras.<\/em><\/strong><\/span><\/h4>\n<\/div>\n","protected":false},"featured_media":12818,"comment_status":"closed","ping_status":"closed","template":"","meta":{"site-sidebar-layout":"default","site-content-layout":"default","ast-site-content-layout":"default","site-content-style":"default","site-sidebar-style":"default","ast-global-header-display":"","ast-banner-title-visibility":"","ast-main-header-display":"","ast-hfb-above-header-display":"","ast-hfb-below-header-display":"","ast-hfb-mobile-header-display":"","site-post-title":"","ast-breadcrumbs-content":"","ast-featured-img":"","footer-sml-layout":"","theme-transparent-header-meta":"default","adv-header-id-meta":"","stick-header-meta":"","header-above-stick-meta":"","header-main-stick-meta":"","header-below-stick-meta":"","astra-migrate-meta-layouts":"set","ast-page-background-enabled":"default","ast-page-background-meta":{"desktop":{"background-color":"","background-image":"","background-repeat":"repeat","background-position":"center center","background-size":"auto","background-attachment":"scroll","background-type":"","background-media":"","overlay-type":"","overlay-color":"","overlay-opacity":"","overlay-gradient":""},"tablet":{"background-color":"","background-image":"","background-repeat":"repeat","background-position":"center center","background-size":"auto","background-attachment":"scroll","background-type":"","background-media":"","overlay-type":"","overlay-color":"","overlay-opacity":"","overlay-gradient":""},"mobile":{"background-color":"","background-image":"","background-repeat":"repeat","background-position":"center center","background-size":"auto","background-attachment":"scroll","background-type":"","background-media":"","overlay-type":"","overlay-color":"","overlay-opacity":"","overlay-gradient":""}},"ast-content-background-meta":{"desktop":{"background-color":"var(--ast-global-color-5)","background-image":"","background-repeat":"repeat","background-position":"center center","background-size":"auto","background-attachment":"scroll","background-type":"","background-media":"","overlay-type":"","overlay-color":"","overlay-opacity":"","overlay-gradient":""},"tablet":{"background-color":"var(--ast-global-color-5)","background-image":"","background-repeat":"repeat","background-position":"center center","background-size":"auto","background-attachment":"scroll","background-type":"","background-media":"","overlay-type":"","overlay-color":"","overlay-opacity":"","overlay-gradient":""},"mobile":{"background-color":"var(--ast-global-color-5)","background-image":"","background-repeat":"repeat","background-position":"center center","background-size":"auto","background-attachment":"scroll","background-type":"","background-media":"","overlay-type":"","overlay-color":"","overlay-opacity":"","overlay-gradient":""}}},"product_brand":[],"product_cat":[75],"product_tag":[],"class_list":{"0":"post-5418","1":"product","2":"type-product","3":"status-publish","4":"has-post-thumbnail","6":"product_cat-alarmas-y-cercos","7":"desktop-align-left","8":"tablet-align-left","9":"mobile-align-left","11":"first","12":"instock","13":"taxable","14":"shipping-taxable","15":"purchasable","16":"product-type-simple"},"jetpack_sharing_enabled":true,"_links":{"self":[{"href":"https:\/\/www.creavaltec.com\/inicio\/wp-json\/wp\/v2\/product\/5418","targetHints":{"allow":["GET"]}}],"collection":[{"href":"https:\/\/www.creavaltec.com\/inicio\/wp-json\/wp\/v2\/product"}],"about":[{"href":"https:\/\/www.creavaltec.com\/inicio\/wp-json\/wp\/v2\/types\/product"}],"replies":[{"embeddable":true,"href":"https:\/\/www.creavaltec.com\/inicio\/wp-json\/wp\/v2\/comments?post=5418"}],"version-history":[{"count":5,"href":"https:\/\/www.creavaltec.com\/inicio\/wp-json\/wp\/v2\/product\/5418\/revisions"}],"predecessor-version":[{"id":12819,"href":"https:\/\/www.creavaltec.com\/inicio\/wp-json\/wp\/v2\/product\/5418\/revisions\/12819"}],"wp:featuredmedia":[{"embeddable":true,"href":"https:\/\/www.creavaltec.com\/inicio\/wp-json\/wp\/v2\/media\/12818"}],"wp:attachment":[{"href":"https:\/\/www.creavaltec.com\/inicio\/wp-json\/wp\/v2\/media?parent=5418"}],"wp:term":[{"taxonomy":"product_brand","embeddable":true,"href":"https:\/\/www.creavaltec.com\/inicio\/wp-json\/wp\/v2\/product_brand?post=5418"},{"taxonomy":"product_cat","embeddable":true,"href":"https:\/\/www.creavaltec.com\/inicio\/wp-json\/wp\/v2\/product_cat?post=5418"},{"taxonomy":"product_tag","embeddable":true,"href":"https:\/\/www.creavaltec.com\/inicio\/wp-json\/wp\/v2\/product_tag?post=5418"}],"curies":[{"name":"wp","href":"https:\/\/api.w.org\/{rel}","templated":true}]}}