{"id":5309,"date":"2022-06-07T13:06:21","date_gmt":"2022-06-07T18:06:21","guid":{"rendered":"https:\/\/www.creavaltec.com\/inicio\/?post_type=product&#038;p=5309"},"modified":"2026-04-23T09:52:08","modified_gmt":"2026-04-23T14:52:08","slug":"amt-4010-smart-net-panel-de-alarma-monitoreada-con-hasta-64-zonas","status":"publish","type":"product","link":"https:\/\/www.creavaltec.com\/inicio\/tienda\/amt-4010-smart-net-panel-de-alarma-monitoreada-con-hasta-64-zonas\/","title":{"rendered":"AMT 4010 Smart Net Panel de alarma monitoreada con hasta 64 zonas (Con modulo Ethernet receptor y control de 3 botones-8 zonas cableadas)"},"content":{"rendered":"<div>\n<div class=\"grid-container \">\n<div class=\"mt2 mb2 \">\n<div class=\"grid-container \">\n<div class=\"block-mini-banner\" data-ga-name=\"section-mini-banner\">\n<div class=\"grid-x grid-margin-x align-middle\">\n<div class=\"cell medium-6 medium-order-2 large-offset-1\">\n<div class=\"block-mini-banner__media\">\n<figure>\n<div class=\"mt2 mb2 \">\n<h6 class=\"weight--small-300 weight--large-200 h3\" style=\"text-align: center\">Soluci\u00f3n completa del proyecto<\/h6>\n<\/div>\n<div class=\"text text--300\">\n<div class=\"block-template overflow-hidden\">\n<h6 style=\"text-align: center\">Las centrales de bater\u00eda son ideales para todo tipo de proyectos y facilitan la instalaci\u00f3n, ya que la soluci\u00f3n viene completa de f\u00e1brica.<\/h6>\n<\/div>\n<\/div>\n<h6 class=\"weight--small-300 weight--large-200 h3\" style=\"text-align: center\">Comunicaci\u00f3n con empresas de vigilancia y seguridad 24 horas Informes en tiempo real a la compa\u00f1\u00eda de monitoreo de seguridad, 4 particiones individuales, Funci\u00f3n SMART (monitoreo de apertura, cierre y nivel de la bater\u00eda), Comunicaci\u00f3n por bus RS485 (A,B) con instalaci\u00f3n de largo alcance (hasta 1 km), bus de comunicaci\u00f3n por radio, (No incluye teclado)<\/h6>\n<p>&nbsp;<\/figure>\n<figure class=\"text-center object-fit--contain\"><img decoding=\"async\" class=\"aligncenter\" src=\"https:\/\/backend.intelbras.com\/sites\/default\/files\/styles\/large\/public\/2019-11\/1261-Flyer_Digital-AMT_4010_SMART_NET_06.jpg\" alt=\"Comunicaci\u00f3n con empresas de vigilancia y seguridad 24 horas Central de alarma monitoreada con hasta 64 zonas\" \/><\/figure>\n<\/div>\n<\/div>\n<div class=\"cell medium-auto medium-order-1\">\n<div class=\"block-mini-banner__content\">\n<div class=\"mt2 mb2 \">\n<div class=\"mt2 mb2 \">\n<h6 class=\"weight--small-300 weight--large-200 h3\" style=\"text-align: center\">Posibilidad de acceso remoto a trav\u00e9s de PC y aplicaci\u00f3n<\/h6>\n<\/div>\n<div class=\"text text--300\">\n<div class=\"block-template overflow-hidden\">\n<h6 style=\"text-align: center\">Las centrales de alarma monitoreadas ethernet permiten acceso remoto para configuraciones y monitoreo en tiempo real.<\/h6>\n<\/div>\n<\/div>\n<\/div>\n<\/div>\n<\/div>\n<\/div>\n<\/div>\n<\/div>\n<\/div>\n<div class=\"mt2 mb2 \">\n<div class=\"grid-container \">\n<div class=\"block-mini-banner\" data-ga-name=\"section-mini-banner\">\n<div class=\"grid-x grid-margin-x align-middle\">\n<div class=\"cell medium-6\">\n<figure class=\"text-center object-fit--contain\"><img decoding=\"async\" class=\"aligncenter\" src=\"https:\/\/backend.intelbras.com\/sites\/default\/files\/styles\/large\/public\/2019-11\/1261-Flyer_Digital-AMT_4010_SMART_NET_09.jpg\" alt=\"Posibilidad de acceso remoto v\u00eda PC y aplicaci\u00f3n Central de alarma monitoreada con hasta 64 zonas\" \/><\/figure>\n<p>&nbsp;<\/p>\n<h6 class=\"block-mini-banner__media\" style=\"text-align: center\">M\u00f3dulo de comunicaci\u00f3n Ethernet XE 4000 SMART y receptor de RF XAR 4000 incluidos en la f\u00e1brica; Control XAC 4000 SMART incluido. Permite incluir los m\u00f3dulos de expansi\u00f3n para hasta 64 zonas cableadas (XEZ 4008 SMART), m\u00f3dulos de expansi\u00f3n para hasta 19 salidas PGM (XEP 4004 SMART).<\/h6>\n<\/div>\n<div class=\"cell medium-auto\">\n<div class=\"block-mini-banner__content\">\n<div class=\"text text--300\">\n<div class=\"block-template overflow-hidden\">\n<p><img fetchpriority=\"high\" decoding=\"async\" class=\"aligncenter\" src=\"https:\/\/backend.intelbras.com\/sites\/default\/files\/styles\/large\/public\/2019-02\/amt_4010_smart-dir_0.jpg\" width=\"317\" height=\"315\" \/><\/p>\n<\/div>\n<\/div>\n<\/div>\n<\/div>\n<\/div>\n<\/div>\n<\/div>\n<\/div>\n<\/div>\n<\/div>\n<div>\n<div class=\"grid-container \">\n<div class=\"mb3 \">\n<div class=\"block-tab\" data-ga-name=\"tab\">\n<div class=\"overflow-x-auto start\">\n<div class=\"overflow-x-auto__wrapper\">\n<div class=\"pb2\">\n<nav class=\"block-tab__header false\">\n<div class=\"block-tab__header__item-tab\"><\/div>\n<\/nav>\n<\/div>\n<\/div>\n<\/div>\n<\/div>\n<\/div>\n<\/div>\n<\/div>\n<h6 style=\"text-align: center\">Los registros de dispositivos inal\u00e1mbricos del panel de alarma se deben hacer a trav\u00e9s de un teclado (que no est\u00e1 incluido) cuando la versi\u00f3n del panel de alarma sea inferior al 2.10. A partir de la versi\u00f3n 2.10, todas las configuraciones se pueden realizar a trav\u00e9s de la aplicaci\u00f3n de configuraci\u00f3n AMT Remoto Mobile.<\/h6>\n<p>&nbsp;<\/p>\n<p style=\"text-align: center\"><strong>La alarma 4010 viene con tarjeta para 8 zonas cableadas, para llegar a las 10 zonas necesita el teclado XAT 4000 LCD\u00a0<\/strong><\/p>\n<p>&nbsp;<\/p>\n<h6 style=\"text-align: center\"><strong>Especificaciones t\u00e9cnicas<\/strong><br \/>\n<strong>Producto Central de alarma monitoreada<\/strong><br \/>\n<strong>Alimentaci\u00f3n AC 90 a 265 V<\/strong><br \/>\n<strong>(se recomienda el uso de un cable con un calibre \u2265 1 mm)<\/strong><br \/>\n<strong>Alimentaci\u00f3n DC Bater\u00eda de 12 V (no incluida)<\/strong><br \/>\n<strong>Potencia media1 AMT 4010 Smart\/AMT 4010 Smart Net: 5 W<\/strong><br \/>\n<strong>AMT 4010 Smart\/AMT 4010 Smart Net + XEG 4000 Smart, XG 4000 Smart ou XE 4000 Smart: 5,5 W<\/strong><br \/>\n<strong>Corriente de salida de la sirena<\/strong><br \/>\n<strong>1 Amp con bater\u00eda<\/strong><br \/>\n<strong>400 mA sin bater\u00eda pulsante<\/strong><br \/>\n<strong>Opcionales<\/strong><br \/>\n<strong>Cercas el\u00e9ctricas de toda la l\u00ednea de alarmas antirrobo Intelbras<\/strong><br \/>\n<strong>Controles remotos de toda la l\u00ednea de alarmas antirrobo Intelbras<\/strong><br \/>\n<strong>Receptor XAR 2000<\/strong><br \/>\n<strong>Receptor XAR 4000 Smart<\/strong><br \/>\n<strong>XEG 4000 Smart, XG 4000 Smart o XE 4000 Smart<\/strong><br \/>\n<strong>XEZ 4008 Smart<\/strong><br \/>\n<strong>XEP 4004 Smart<\/strong><br \/>\n<strong>Sensores con cable e inal\u00e1mbricos de toda la l\u00ednea de alarmas antirrobo Intelbras<\/strong><br \/>\n<strong>XAT 2000 LCD (desde la versi\u00f3n 2.0.0), XAT 4000 LCD y XAT 3000 LED<\/strong><\/h6>\n<p>&nbsp;<\/p>\n","protected":false},"excerpt":{"rendered":"<h4><span style=\"color: #008000\">Permite la inclusi\u00f3n de m\u00f3dulos de expansi\u00f3n para hasta 64 zonas cableadas (XEZ 4008 SMART), m\u00f3dulos de expansi\u00f3n para hasta 19 salidas incluye.<\/span><\/h4>\n<p>&nbsp;<\/p>\n<h4><span style=\"color: #008000\">Combo Incluye<\/span><\/h4>\n<div class=\"text text--300\">\n<h4><span style=\"color: #333333\">1 Control XAC 4000<\/span><\/h4>\n<h4><span style=\"color: #333333\">1 Tarjeta de Ethernet XE 4000<\/span><\/h4>\n<h4><span style=\"color: #333333\">1 Receptor Smart XAR 4000<\/span><\/h4>\n<\/div>\n<p>&nbsp;<\/p>\n<h6><\/h6>\n","protected":false},"featured_media":5687,"comment_status":"closed","ping_status":"closed","template":"","meta":{"site-sidebar-layout":"default","site-content-layout":"default","ast-site-content-layout":"default","site-content-style":"default","site-sidebar-style":"default","ast-global-header-display":"","ast-banner-title-visibility":"","ast-main-header-display":"","ast-hfb-above-header-display":"","ast-hfb-below-header-display":"","ast-hfb-mobile-header-display":"","site-post-title":"","ast-breadcrumbs-content":"","ast-featured-img":"","footer-sml-layout":"","theme-transparent-header-meta":"default","adv-header-id-meta":"","stick-header-meta":"","header-above-stick-meta":"","header-main-stick-meta":"","header-below-stick-meta":"","astra-migrate-meta-layouts":"set","ast-page-background-enabled":"default","ast-page-background-meta":{"desktop":{"background-color":"","background-image":"","background-repeat":"repeat","background-position":"center center","background-size":"auto","background-attachment":"scroll","background-type":"","background-media":"","overlay-type":"","overlay-color":"","overlay-opacity":"","overlay-gradient":""},"tablet":{"background-color":"","background-image":"","background-repeat":"repeat","background-position":"center center","background-size":"auto","background-attachment":"scroll","background-type":"","background-media":"","overlay-type":"","overlay-color":"","overlay-opacity":"","overlay-gradient":""},"mobile":{"background-color":"","background-image":"","background-repeat":"repeat","background-position":"center center","background-size":"auto","background-attachment":"scroll","background-type":"","background-media":"","overlay-type":"","overlay-color":"","overlay-opacity":"","overlay-gradient":""}},"ast-content-background-meta":{"desktop":{"background-color":"var(--ast-global-color-5)","background-image":"","background-repeat":"repeat","background-position":"center center","background-size":"auto","background-attachment":"scroll","background-type":"","background-media":"","overlay-type":"","overlay-color":"","overlay-opacity":"","overlay-gradient":""},"tablet":{"background-color":"var(--ast-global-color-5)","background-image":"","background-repeat":"repeat","background-position":"center center","background-size":"auto","background-attachment":"scroll","background-type":"","background-media":"","overlay-type":"","overlay-color":"","overlay-opacity":"","overlay-gradient":""},"mobile":{"background-color":"var(--ast-global-color-5)","background-image":"","background-repeat":"repeat","background-position":"center center","background-size":"auto","background-attachment":"scroll","background-type":"","background-media":"","overlay-type":"","overlay-color":"","overlay-opacity":"","overlay-gradient":""}}},"product_brand":[],"product_cat":[75],"product_tag":[],"class_list":{"0":"post-5309","1":"product","2":"type-product","3":"status-publish","4":"has-post-thumbnail","6":"product_cat-alarmas-y-cercos","7":"desktop-align-left","8":"tablet-align-left","9":"mobile-align-left","11":"first","12":"instock","13":"sale","14":"taxable","15":"shipping-taxable","16":"purchasable","17":"product-type-simple"},"jetpack_sharing_enabled":true,"_links":{"self":[{"href":"https:\/\/www.creavaltec.com\/inicio\/wp-json\/wp\/v2\/product\/5309","targetHints":{"allow":["GET"]}}],"collection":[{"href":"https:\/\/www.creavaltec.com\/inicio\/wp-json\/wp\/v2\/product"}],"about":[{"href":"https:\/\/www.creavaltec.com\/inicio\/wp-json\/wp\/v2\/types\/product"}],"replies":[{"embeddable":true,"href":"https:\/\/www.creavaltec.com\/inicio\/wp-json\/wp\/v2\/comments?post=5309"}],"version-history":[{"count":14,"href":"https:\/\/www.creavaltec.com\/inicio\/wp-json\/wp\/v2\/product\/5309\/revisions"}],"predecessor-version":[{"id":13746,"href":"https:\/\/www.creavaltec.com\/inicio\/wp-json\/wp\/v2\/product\/5309\/revisions\/13746"}],"wp:featuredmedia":[{"embeddable":true,"href":"https:\/\/www.creavaltec.com\/inicio\/wp-json\/wp\/v2\/media\/5687"}],"wp:attachment":[{"href":"https:\/\/www.creavaltec.com\/inicio\/wp-json\/wp\/v2\/media?parent=5309"}],"wp:term":[{"taxonomy":"product_brand","embeddable":true,"href":"https:\/\/www.creavaltec.com\/inicio\/wp-json\/wp\/v2\/product_brand?post=5309"},{"taxonomy":"product_cat","embeddable":true,"href":"https:\/\/www.creavaltec.com\/inicio\/wp-json\/wp\/v2\/product_cat?post=5309"},{"taxonomy":"product_tag","embeddable":true,"href":"https:\/\/www.creavaltec.com\/inicio\/wp-json\/wp\/v2\/product_tag?post=5309"}],"curies":[{"name":"wp","href":"https:\/\/api.w.org\/{rel}","templated":true}]}}