{"id":4993,"date":"2022-04-06T14:06:20","date_gmt":"2022-04-06T19:06:20","guid":{"rendered":"https:\/\/www.creavaltec.com\/inicio\/?post_type=product&#038;p=4993"},"modified":"2023-05-24T16:51:58","modified_gmt":"2023-05-24T21:51:58","slug":"solucion-de-citofonia-entre-dos-garitas-de-guardia","status":"publish","type":"product","link":"https:\/\/www.creavaltec.com\/inicio\/tienda\/solucion-de-citofonia-entre-dos-garitas-de-guardia\/","title":{"rendered":"Soluci\u00f3n de citofon\u00eda entre dos garitas de guardia"},"content":{"rendered":"<h6 style=\"text-align: center;\">Acceso de apertura para dos puertas, comunicaci\u00f3n entre garitas con facilidad de apertura con una sola persona sin importar en que garita se encuentre. Con distancia de 500m de comunicaci\u00f3n y acceso, compatible con cerraduras el\u00e9ctricas FX500 y FX2000 UN.<\/h6>\n<h6><img fetchpriority=\"high\" decoding=\"async\" class=\"aligncenter\" src=\"https:\/\/backend.intelbras.com\/sites\/default\/files\/styles\/large\/public\/2020-02\/Dispon%C3%ADvel-em-3-modelos.jpg\" alt=\"Dispon\u00edvel-em-3-modelos.jpg\" width=\"521\" height=\"318\" \/><\/h6>\n<div class=\"mt2 mb2 \">\n<h6 class=\"weight--small-300 weight--large-200 h3\" style=\"text-align: center;\">Los terminales dedicados XPE 1001 Plus ID y XPE 1013 Plus ID son terminales manos libres con salidas para activaciones de cerraduras electromec\u00e1nicas<br \/>\ny contacto seco.<\/h6>\n<h6 class=\"weight--small-300 weight--large-200 h3\" style=\"text-align: center;\">Pueden trabajar individualmente o en conjunto con el sistema de control de acceso (SCA 1000), a trav\u00e9s de un bus Serial<br \/>\nRS485 y funciona en cualquier posici\u00f3n de extensi\u00f3n de la PABX est\u00e1ndar Intelbras o Anatel.<\/h6>\n<\/div>\n<div class=\"text text--300\">\n<div class=\"block-template overflow-hidden\">\n<p><img decoding=\"async\" class=\"aligncenter\" src=\"https:\/\/backend.intelbras.com\/sites\/default\/files\/styles\/large\/public\/2019-08\/Leds-indicativos_590x360px.jpg\" alt=\"LED indicativos\" \/><\/p>\n<\/div>\n<div class=\"mt2 mb2 \">\n<h6 class=\"weight--small-300 weight--large-200 h3\" style=\"text-align: center;\">Llamadas confidenciales<\/h6>\n<\/div>\n<div class=\"text text--300\">\n<div class=\"block-template overflow-hidden\">\n<h6 style=\"text-align: center;\">Los guardias pueden llamar de un punto a otro con total discreci\u00f3n. Adem\u00e1s los guardias realizan las aperturas de puertas marcando *1 o *2\u00a0 desde cualquier garita, un auricular descolgado no afecta el funcionamiento del sistema.<\/h6>\n<p><img decoding=\"async\" class=\"aligncenter\" style=\"font-style: inherit; font-weight: inherit;\" src=\"https:\/\/backend.intelbras.com\/sites\/default\/files\/styles\/large\/public\/2020-02\/entradas-auxiliares.jpg\" alt=\"entradas-auxiliares.jpg\" width=\"490\" height=\"299\" \/><\/p>\n<div class=\"mt2 mb2 \">\n<h6 class=\"weight--small-300 weight--large-200 h3\" style=\"text-align: center;\">Entradas auxiliares<\/h6>\n<\/div>\n<div class=\"text text--300\">\n<div class=\"block-template overflow-hidden\">\n<h6 style=\"text-align: center;\">El control de acceso permite la instalaci\u00f3n de sensores de apertura y pulsador de desbloqueo de salida.<\/h6>\n<\/div>\n<p><img decoding=\"async\" class=\"aligncenter\" src=\"https:\/\/backend.intelbras.com\/sites\/default\/files\/styles\/large\/public\/2019-03\/Acabamento%20diferenciado%20para%20todos%20os%20projetos_590x360px.jpg\" alt=\"Fechadura el\u00e9trica - FX 500 - 03\" width=\"472\" height=\"288\" \/><\/p>\n<div class=\"mt2 mb2 \">\n<h6 class=\"weight--small-300 weight--large-200 h3\" style=\"text-align: center;\">Compatibilidad y muchas ventajas<\/h6>\n<\/div>\n<div class=\"text text--300\">\n<div class=\"block-template overflow-hidden\">\n<h6 style=\"text-align: center;\">Adem\u00e1s de la facilidad de instalaci\u00f3n, la cerradura FX 5000 y FX 2000 es <strong>compatible<\/strong> con toda la l\u00ednea de intercomunicadores electr\u00f3nicos, videoporteros y controladores de acceso.<\/h6>\n<\/div>\n<\/div>\n<\/div>\n<\/div>\n<\/div>\n<\/div>\n<p>&nbsp;<\/p>\n","protected":false},"excerpt":{"rendered":"<h4><span style=\"color: #008000;\">Soluci\u00f3n de citofon\u00eda entre guardian\u00eda<\/span><\/h4>\n<h4><span style=\"color: #008000;\">1 Collective 4<\/span><\/h4>\n<h4><span style=\"color: #008000;\">1 XPE1001 PLUS ID \u2013 <\/span><\/h4>\n<h4><span style=\"color: #008000;\">2 TDMI<\/span><\/h4>\n","protected":false},"featured_media":5059,"comment_status":"closed","ping_status":"closed","template":"","meta":{"site-sidebar-layout":"default","site-content-layout":"default","ast-site-content-layout":"","site-content-style":"default","site-sidebar-style":"default","ast-global-header-display":"","ast-banner-title-visibility":"","ast-main-header-display":"","ast-hfb-above-header-display":"","ast-hfb-below-header-display":"","ast-hfb-mobile-header-display":"","site-post-title":"","ast-breadcrumbs-content":"","ast-featured-img":"","footer-sml-layout":"","theme-transparent-header-meta":"default","adv-header-id-meta":"","stick-header-meta":"","header-above-stick-meta":"","header-main-stick-meta":"","header-below-stick-meta":"","astra-migrate-meta-layouts":"default","ast-page-background-enabled":"default","ast-page-background-meta":{"desktop":{"background-color":"","background-image":"","background-repeat":"repeat","background-position":"center center","background-size":"auto","background-attachment":"scroll","background-type":"","background-media":"","overlay-type":"","overlay-color":"","overlay-opacity":"","overlay-gradient":""},"tablet":{"background-color":"","background-image":"","background-repeat":"repeat","background-position":"center center","background-size":"auto","background-attachment":"scroll","background-type":"","background-media":"","overlay-type":"","overlay-color":"","overlay-opacity":"","overlay-gradient":""},"mobile":{"background-color":"","background-image":"","background-repeat":"repeat","background-position":"center center","background-size":"auto","background-attachment":"scroll","background-type":"","background-media":"","overlay-type":"","overlay-color":"","overlay-opacity":"","overlay-gradient":""}},"ast-content-background-meta":{"desktop":{"background-color":"var(--ast-global-color-5)","background-image":"","background-repeat":"repeat","background-position":"center center","background-size":"auto","background-attachment":"scroll","background-type":"","background-media":"","overlay-type":"","overlay-color":"","overlay-opacity":"","overlay-gradient":""},"tablet":{"background-color":"var(--ast-global-color-5)","background-image":"","background-repeat":"repeat","background-position":"center center","background-size":"auto","background-attachment":"scroll","background-type":"","background-media":"","overlay-type":"","overlay-color":"","overlay-opacity":"","overlay-gradient":""},"mobile":{"background-color":"var(--ast-global-color-5)","background-image":"","background-repeat":"repeat","background-position":"center center","background-size":"auto","background-attachment":"scroll","background-type":"","background-media":"","overlay-type":"","overlay-color":"","overlay-opacity":"","overlay-gradient":""}}},"product_brand":[],"product_cat":[65],"product_tag":[],"class_list":{"0":"post-4993","1":"product","2":"type-product","3":"status-publish","4":"has-post-thumbnail","6":"product_cat-alambricasgranescala","7":"desktop-align-left","8":"tablet-align-left","9":"mobile-align-left","11":"first","12":"instock","13":"taxable","14":"shipping-taxable","15":"purchasable","16":"product-type-simple"},"jetpack_sharing_enabled":true,"_links":{"self":[{"href":"https:\/\/www.creavaltec.com\/inicio\/wp-json\/wp\/v2\/product\/4993","targetHints":{"allow":["GET"]}}],"collection":[{"href":"https:\/\/www.creavaltec.com\/inicio\/wp-json\/wp\/v2\/product"}],"about":[{"href":"https:\/\/www.creavaltec.com\/inicio\/wp-json\/wp\/v2\/types\/product"}],"replies":[{"embeddable":true,"href":"https:\/\/www.creavaltec.com\/inicio\/wp-json\/wp\/v2\/comments?post=4993"}],"version-history":[{"count":7,"href":"https:\/\/www.creavaltec.com\/inicio\/wp-json\/wp\/v2\/product\/4993\/revisions"}],"predecessor-version":[{"id":7963,"href":"https:\/\/www.creavaltec.com\/inicio\/wp-json\/wp\/v2\/product\/4993\/revisions\/7963"}],"wp:featuredmedia":[{"embeddable":true,"href":"https:\/\/www.creavaltec.com\/inicio\/wp-json\/wp\/v2\/media\/5059"}],"wp:attachment":[{"href":"https:\/\/www.creavaltec.com\/inicio\/wp-json\/wp\/v2\/media?parent=4993"}],"wp:term":[{"taxonomy":"product_brand","embeddable":true,"href":"https:\/\/www.creavaltec.com\/inicio\/wp-json\/wp\/v2\/product_brand?post=4993"},{"taxonomy":"product_cat","embeddable":true,"href":"https:\/\/www.creavaltec.com\/inicio\/wp-json\/wp\/v2\/product_cat?post=4993"},{"taxonomy":"product_tag","embeddable":true,"href":"https:\/\/www.creavaltec.com\/inicio\/wp-json\/wp\/v2\/product_tag?post=4993"}],"curies":[{"name":"wp","href":"https:\/\/api.w.org\/{rel}","templated":true}]}}