{"id":4851,"date":"2022-03-23T15:23:18","date_gmt":"2022-03-23T20:23:18","guid":{"rendered":"https:\/\/www.creavaltec.com\/inicio\/?post_type=product&#038;p=4851"},"modified":"2025-10-17T16:08:16","modified_gmt":"2025-10-17T21:08:16","slug":"transmisor-universal-tx-4020-smart","status":"publish","type":"product","link":"https:\/\/www.creavaltec.com\/inicio\/tienda\/transmisor-universal-tx-4020-smart\/","title":{"rendered":"Transmisor universal TX 4020 SMART &#8211; Vuelve cualquier sensor al\u00e1mbrico en inal\u00e1mbrico"},"content":{"rendered":"<div class=\"z-index-4 internal-fixed-navigation\">\n<div class=\"grid-container \">\n<div class=\"navigation-sticky\">\n<div class=\"grid-x align-middle\">\n<div class=\"cell large-shrink navigation__cell-second\">\n<div class=\"navigation__cell-second-container\">\n<div class=\"mt2 mb2 \">\n<h6 class=\"weight--small-300 weight--large-200 h3\" style=\"text-align: center;\">El transmisor universal SMART TX 4020 est\u00e1 dise\u00f1ado para proporcionar a los sensores cableados la facilidad de la comunicaci\u00f3n inal\u00e1mbrica.\u00a0Es ideal para instalaciones a largas distancias, como sensores de infrarrojos pasivos externos y barreras de infrarrojos activos, reduciendo o incluso eliminando el paso de cables entre los sensores y el interruptor.<\/h6>\n<\/div>\n<\/div>\n<\/div>\n<\/div>\n<p style=\"text-align: center;\"><img fetchpriority=\"high\" decoding=\"async\" class=\"alignnone size-medium wp-image-4863\" src=\"https:\/\/www.creavaltec.com\/inicio\/wp-content\/uploads\/2022\/03\/tx4020-prespectiva-300x300.png\" alt=\"\" width=\"300\" height=\"300\" srcset=\"https:\/\/www.creavaltec.com\/inicio\/wp-content\/uploads\/2022\/03\/tx4020-prespectiva-300x300.png 300w, https:\/\/www.creavaltec.com\/inicio\/wp-content\/uploads\/2022\/03\/tx4020-prespectiva-1024x1024.png 1024w, https:\/\/www.creavaltec.com\/inicio\/wp-content\/uploads\/2022\/03\/tx4020-prespectiva-150x150.png 150w, https:\/\/www.creavaltec.com\/inicio\/wp-content\/uploads\/2022\/03\/tx4020-prespectiva-768x768.png 768w, https:\/\/www.creavaltec.com\/inicio\/wp-content\/uploads\/2022\/03\/tx4020-prespectiva-570x570.png 570w, https:\/\/www.creavaltec.com\/inicio\/wp-content\/uploads\/2022\/03\/tx4020-prespectiva-100x100.png 100w, https:\/\/www.creavaltec.com\/inicio\/wp-content\/uploads\/2022\/03\/tx4020-prespectiva-64x64.png 64w, https:\/\/www.creavaltec.com\/inicio\/wp-content\/uploads\/2022\/03\/tx4020-prespectiva.png 1080w\" sizes=\"(max-width: 300px) 100vw, 300px\" \/><\/p>\n<\/div>\n<\/div>\n<h6 style=\"text-align: center;\">Transforma la comunicaci\u00f3n del sensor con cable<br \/>\nde forma inal\u00e1mbrica, lo que facilita la instalaci\u00f3n. es ideal para<br \/>\ninstalaciones a largas distancias, evitando as\u00ed la<br \/>\npasar los cables entre el sensor y la unidad de control.<\/h6>\n<p>&nbsp;<\/p>\n<\/div>\n","protected":false},"excerpt":{"rendered":"<p style=\"text-align: left;\"><span style=\"color: #008000;\"><em><strong>Compatible con sensores de contacto seco<\/strong><\/em><\/span><br \/>\n<span style=\"color: #008000;\"><em><strong>\u00bb Indicaci\u00f3n de bater\u00eda baja<\/strong><\/em><\/span><br \/>\n<span style=\"color: #008000;\"><em><strong>\u00bb Modulaci\u00f3n OOK y FSK<\/strong><\/em><\/span><br \/>\n<span style=\"color: #008000;\"><em><strong>\u00bb Rango de transmisi\u00f3n de hasta 100 metros sin barrera<\/strong><\/em><\/span><\/p>\n","protected":false},"featured_media":4861,"comment_status":"closed","ping_status":"closed","template":"","meta":{"site-sidebar-layout":"default","site-content-layout":"default","ast-site-content-layout":"default","site-content-style":"default","site-sidebar-style":"default","ast-global-header-display":"","ast-banner-title-visibility":"","ast-main-header-display":"","ast-hfb-above-header-display":"","ast-hfb-below-header-display":"","ast-hfb-mobile-header-display":"","site-post-title":"","ast-breadcrumbs-content":"","ast-featured-img":"","footer-sml-layout":"","theme-transparent-header-meta":"default","adv-header-id-meta":"","stick-header-meta":"","header-above-stick-meta":"","header-main-stick-meta":"","header-below-stick-meta":"","astra-migrate-meta-layouts":"set","ast-page-background-enabled":"default","ast-page-background-meta":{"desktop":{"background-color":"","background-image":"","background-repeat":"repeat","background-position":"center center","background-size":"auto","background-attachment":"scroll","background-type":"","background-media":"","overlay-type":"","overlay-color":"","overlay-opacity":"","overlay-gradient":""},"tablet":{"background-color":"","background-image":"","background-repeat":"repeat","background-position":"center center","background-size":"auto","background-attachment":"scroll","background-type":"","background-media":"","overlay-type":"","overlay-color":"","overlay-opacity":"","overlay-gradient":""},"mobile":{"background-color":"","background-image":"","background-repeat":"repeat","background-position":"center center","background-size":"auto","background-attachment":"scroll","background-type":"","background-media":"","overlay-type":"","overlay-color":"","overlay-opacity":"","overlay-gradient":""}},"ast-content-background-meta":{"desktop":{"background-color":"var(--ast-global-color-5)","background-image":"","background-repeat":"repeat","background-position":"center center","background-size":"auto","background-attachment":"scroll","background-type":"","background-media":"","overlay-type":"","overlay-color":"","overlay-opacity":"","overlay-gradient":""},"tablet":{"background-color":"var(--ast-global-color-5)","background-image":"","background-repeat":"repeat","background-position":"center center","background-size":"auto","background-attachment":"scroll","background-type":"","background-media":"","overlay-type":"","overlay-color":"","overlay-opacity":"","overlay-gradient":""},"mobile":{"background-color":"var(--ast-global-color-5)","background-image":"","background-repeat":"repeat","background-position":"center center","background-size":"auto","background-attachment":"scroll","background-type":"","background-media":"","overlay-type":"","overlay-color":"","overlay-opacity":"","overlay-gradient":""}}},"product_brand":[],"product_cat":[75],"product_tag":[],"class_list":{"0":"post-4851","1":"product","2":"type-product","3":"status-publish","4":"has-post-thumbnail","6":"product_cat-alarmas-y-cercos","7":"desktop-align-left","8":"tablet-align-left","9":"mobile-align-left","11":"first","12":"instock","13":"taxable","14":"shipping-taxable","15":"purchasable","16":"product-type-simple"},"jetpack_sharing_enabled":true,"_links":{"self":[{"href":"https:\/\/www.creavaltec.com\/inicio\/wp-json\/wp\/v2\/product\/4851","targetHints":{"allow":["GET"]}}],"collection":[{"href":"https:\/\/www.creavaltec.com\/inicio\/wp-json\/wp\/v2\/product"}],"about":[{"href":"https:\/\/www.creavaltec.com\/inicio\/wp-json\/wp\/v2\/types\/product"}],"replies":[{"embeddable":true,"href":"https:\/\/www.creavaltec.com\/inicio\/wp-json\/wp\/v2\/comments?post=4851"}],"version-history":[{"count":7,"href":"https:\/\/www.creavaltec.com\/inicio\/wp-json\/wp\/v2\/product\/4851\/revisions"}],"predecessor-version":[{"id":5504,"href":"https:\/\/www.creavaltec.com\/inicio\/wp-json\/wp\/v2\/product\/4851\/revisions\/5504"}],"wp:featuredmedia":[{"embeddable":true,"href":"https:\/\/www.creavaltec.com\/inicio\/wp-json\/wp\/v2\/media\/4861"}],"wp:attachment":[{"href":"https:\/\/www.creavaltec.com\/inicio\/wp-json\/wp\/v2\/media?parent=4851"}],"wp:term":[{"taxonomy":"product_brand","embeddable":true,"href":"https:\/\/www.creavaltec.com\/inicio\/wp-json\/wp\/v2\/product_brand?post=4851"},{"taxonomy":"product_cat","embeddable":true,"href":"https:\/\/www.creavaltec.com\/inicio\/wp-json\/wp\/v2\/product_cat?post=4851"},{"taxonomy":"product_tag","embeddable":true,"href":"https:\/\/www.creavaltec.com\/inicio\/wp-json\/wp\/v2\/product_tag?post=4851"}],"curies":[{"name":"wp","href":"https:\/\/api.w.org\/{rel}","templated":true}]}}