{"id":4722,"date":"2022-03-09T10:11:13","date_gmt":"2022-03-09T15:11:13","guid":{"rendered":"https:\/\/www.creavaltec.com\/inicio\/?post_type=product&#038;p=4722"},"modified":"2024-08-19T16:03:06","modified_gmt":"2024-08-19T21:03:06","slug":"videoportero-wi-fi-allo-w5-con-rele-xr1-para-abrir-puerta-por-medio-de-la-app-allo","status":"publish","type":"product","link":"https:\/\/www.creavaltec.com\/inicio\/tienda\/videoportero-wi-fi-allo-w5-con-rele-xr1-para-abrir-puerta-por-medio-de-la-app-allo\/","title":{"rendered":"Videoportero Wi-Fi Allo w5 con rel\u00e9 XR1 para abrir puerta por medio de la app ALLO"},"content":{"rendered":"<div class=\"mt2 mb2 \">\n<div class=\"mt2 mb2 \" style=\"text-align: center;\">\n<h6>Apertura de cerraduras de forma remota<\/h6>\n<h6>Abra puertas y portones de forma remota desde cualquier lugar, todo a trav\u00e9s de la aplicaci\u00f3n Intelbras Allo.<\/h6>\n<\/div>\n<p><img decoding=\"async\" class=\"aligncenter\" src=\"https:\/\/backend.intelbras.com\/sites\/default\/files\/styles\/large\/public\/2020-10\/abertura-de-fechadura-remotamente-videoporteiro-wi-fi-allo-w5-mais.jpg\" alt=\"abertura-de-fechadura-remotamente-videoporteiro-wi-fi-allo-w5-mais\" \/><\/p>\n<\/div>\n<h6 class=\"weight--small-300 weight--large-200 h3\" style=\"text-align: center;\">Conexi\u00f3n wifi<\/h6>\n<div class=\"block-template overflow-hidden\" style=\"text-align: center;\">\n<h6>Vea, grabe, responda y chatee con el visitante de forma remota a trav\u00e9s de un tel\u00e9fono inteligente.<\/h6>\n<\/div>\n<p style=\"text-align: center;\"><img decoding=\"async\" src=\"https:\/\/backend.intelbras.com\/sites\/default\/files\/styles\/large\/public\/2020-10\/conexao-wi-fi-videoporteiro-allo-w5-mais.jpg\" alt=\"conexao-wi-fi-videoporteiro-allo-w5-mais\" \/><\/p>\n<div class=\"mt2 mb2 \" style=\"text-align: center;\">\n<h6 class=\"weight--small-300 weight--large-200 h3\">Soluci\u00f3n completa<\/h6>\n<\/div>\n<div class=\"text text--300\" style=\"text-align: center;\">\n<div class=\"block-template overflow-hidden\">\n<h6>El w5 con rel\u00e9 XR1 est\u00e1 compuesto por un videoportero con m\u00f3dulo de rel\u00e9 inal\u00e1mbrico para abrir la puerta a trav\u00e9s de la aplicaci\u00f3n.<\/h6>\n<\/div>\n<\/div>\n<p><img fetchpriority=\"high\" decoding=\"async\" class=\"wp-image-4727 aligncenter\" src=\"https:\/\/www.creavaltec.com\/inicio\/wp-content\/uploads\/2022\/03\/w5-frontal-con-rele-300x139.png\" alt=\"\" width=\"611\" height=\"283\" srcset=\"https:\/\/www.creavaltec.com\/inicio\/wp-content\/uploads\/2022\/03\/w5-frontal-con-rele-300x139.png 300w, https:\/\/www.creavaltec.com\/inicio\/wp-content\/uploads\/2022\/03\/w5-frontal-con-rele-1024x474.png 1024w, https:\/\/www.creavaltec.com\/inicio\/wp-content\/uploads\/2022\/03\/w5-frontal-con-rele-768x355.png 768w, https:\/\/www.creavaltec.com\/inicio\/wp-content\/uploads\/2022\/03\/w5-frontal-con-rele-1536x710.png 1536w, https:\/\/www.creavaltec.com\/inicio\/wp-content\/uploads\/2022\/03\/w5-frontal-con-rele-570x264.png 570w, https:\/\/www.creavaltec.com\/inicio\/wp-content\/uploads\/2022\/03\/w5-frontal-con-rele-64x30.png 64w, https:\/\/www.creavaltec.com\/inicio\/wp-content\/uploads\/2022\/03\/w5-frontal-con-rele.png 1920w\" sizes=\"(max-width: 611px) 100vw, 611px\" \/><\/p>\n<div class=\"block-template overflow-hidden\" style=\"text-align: center;\">\n<div class=\"mt2 mb2 \">\n<div class=\"mt2 mb2 \">\n<h6><\/h6>\n<h6 class=\"weight--small-300 weight--large-200 h3\">Bater\u00edas recargables<\/h6>\n<\/div>\n<div class=\"text text--300\">\n<div class=\"block-template overflow-hidden\">\n<h6>El videoportero funciona con dos bater\u00edas recargables que puede utilizar libremente durante un m\u00e1ximo de 4 meses.<\/h6>\n<h6>Considerando 5 llamadas diarias.<\/h6>\n<\/div>\n<\/div>\n<\/div>\n<div class=\"text text--300\">\n<div class=\"block-template overflow-hidden\"><img decoding=\"async\" src=\"https:\/\/backend.intelbras.com\/sites\/default\/files\/styles\/large\/public\/2020-10\/videoporteiro-wi-fi-allo-w5-mais-com-baterias-recarregaveis.jpg\" alt=\"videoporteiro-wi-fi-allo-w5-mais-com-baterias-recarregaveis\" \/><\/div>\n<\/div>\n<\/div>\n<div class=\"text text--300\" style=\"text-align: center;\"><\/div>\n","protected":false},"excerpt":{"rendered":"<h4><span style=\"color: #008000;\"><span style=\"color: #008000;\">Mire, responda y abra puertas para sus visitantes desde cualquier parte a trav\u00e9s de la aplicaci\u00f3n Allo. Registro ilimitado de cuentas a la app en el videoportero. Todos los usuarios recibir\u00e1n la llamada pero el que conteste primero podr\u00e1 abrir la puerta.<br \/>\n<\/span><\/span><\/h4>\n<ul>\n<li>\n<h4><span style=\"color: #008000;\">Visi\u00f3n Nocturna<\/span><\/h4>\n<\/li>\n<li>\n<h4><span style=\"color: #008000;\">Apertura de puerta de manera remota<\/span><\/h4>\n<\/li>\n<li>\n<h4><span style=\"color: #008000;\">Protecci\u00f3n IP54 permite la instalaci\u00f3n en ambientes externos Allo W5.<\/span><\/h4>\n<\/li>\n<li>\n<h4><span style=\"color: #008000;\">Allo <\/span><span style=\"color: #008000;\">W5 usa Bater\u00edas recargables.<\/span><\/h4>\n<\/li>\n<\/ul>\n","protected":false},"featured_media":4908,"comment_status":"closed","ping_status":"closed","template":"","meta":{"site-sidebar-layout":"default","site-content-layout":"default","ast-site-content-layout":"","site-content-style":"default","site-sidebar-style":"default","ast-global-header-display":"","ast-banner-title-visibility":"","ast-main-header-display":"","ast-hfb-above-header-display":"","ast-hfb-below-header-display":"","ast-hfb-mobile-header-display":"","site-post-title":"","ast-breadcrumbs-content":"","ast-featured-img":"","footer-sml-layout":"","theme-transparent-header-meta":"default","adv-header-id-meta":"","stick-header-meta":"","header-above-stick-meta":"","header-main-stick-meta":"","header-below-stick-meta":"","astra-migrate-meta-layouts":"default","ast-page-background-enabled":"default","ast-page-background-meta":{"desktop":{"background-color":"","background-image":"","background-repeat":"repeat","background-position":"center center","background-size":"auto","background-attachment":"scroll","background-type":"","background-media":"","overlay-type":"","overlay-color":"","overlay-opacity":"","overlay-gradient":""},"tablet":{"background-color":"","background-image":"","background-repeat":"repeat","background-position":"center center","background-size":"auto","background-attachment":"scroll","background-type":"","background-media":"","overlay-type":"","overlay-color":"","overlay-opacity":"","overlay-gradient":""},"mobile":{"background-color":"","background-image":"","background-repeat":"repeat","background-position":"center center","background-size":"auto","background-attachment":"scroll","background-type":"","background-media":"","overlay-type":"","overlay-color":"","overlay-opacity":"","overlay-gradient":""}},"ast-content-background-meta":{"desktop":{"background-color":"var(--ast-global-color-5)","background-image":"","background-repeat":"repeat","background-position":"center center","background-size":"auto","background-attachment":"scroll","background-type":"","background-media":"","overlay-type":"","overlay-color":"","overlay-opacity":"","overlay-gradient":""},"tablet":{"background-color":"var(--ast-global-color-5)","background-image":"","background-repeat":"repeat","background-position":"center center","background-size":"auto","background-attachment":"scroll","background-type":"","background-media":"","overlay-type":"","overlay-color":"","overlay-opacity":"","overlay-gradient":""},"mobile":{"background-color":"var(--ast-global-color-5)","background-image":"","background-repeat":"repeat","background-position":"center center","background-size":"auto","background-attachment":"scroll","background-type":"","background-media":"","overlay-type":"","overlay-color":"","overlay-opacity":"","overlay-gradient":""}}},"product_brand":[],"product_cat":[71],"product_tag":[],"class_list":{"0":"post-4722","1":"product","2":"type-product","3":"status-publish","4":"has-post-thumbnail","6":"product_cat-linea-allo","7":"desktop-align-left","8":"tablet-align-left","9":"mobile-align-left","11":"first","12":"instock","13":"sale","14":"taxable","15":"shipping-taxable","16":"purchasable","17":"product-type-simple"},"jetpack_sharing_enabled":true,"_links":{"self":[{"href":"https:\/\/www.creavaltec.com\/inicio\/wp-json\/wp\/v2\/product\/4722","targetHints":{"allow":["GET"]}}],"collection":[{"href":"https:\/\/www.creavaltec.com\/inicio\/wp-json\/wp\/v2\/product"}],"about":[{"href":"https:\/\/www.creavaltec.com\/inicio\/wp-json\/wp\/v2\/types\/product"}],"replies":[{"embeddable":true,"href":"https:\/\/www.creavaltec.com\/inicio\/wp-json\/wp\/v2\/comments?post=4722"}],"version-history":[{"count":8,"href":"https:\/\/www.creavaltec.com\/inicio\/wp-json\/wp\/v2\/product\/4722\/revisions"}],"predecessor-version":[{"id":6623,"href":"https:\/\/www.creavaltec.com\/inicio\/wp-json\/wp\/v2\/product\/4722\/revisions\/6623"}],"wp:featuredmedia":[{"embeddable":true,"href":"https:\/\/www.creavaltec.com\/inicio\/wp-json\/wp\/v2\/media\/4908"}],"wp:attachment":[{"href":"https:\/\/www.creavaltec.com\/inicio\/wp-json\/wp\/v2\/media?parent=4722"}],"wp:term":[{"taxonomy":"product_brand","embeddable":true,"href":"https:\/\/www.creavaltec.com\/inicio\/wp-json\/wp\/v2\/product_brand?post=4722"},{"taxonomy":"product_cat","embeddable":true,"href":"https:\/\/www.creavaltec.com\/inicio\/wp-json\/wp\/v2\/product_cat?post=4722"},{"taxonomy":"product_tag","embeddable":true,"href":"https:\/\/www.creavaltec.com\/inicio\/wp-json\/wp\/v2\/product_tag?post=4722"}],"curies":[{"name":"wp","href":"https:\/\/api.w.org\/{rel}","templated":true}]}}