{"id":4533,"date":"2022-02-10T15:18:54","date_gmt":"2022-02-10T20:18:54","guid":{"rendered":"https:\/\/www.creavaltec.com\/inicio\/?post_type=product&#038;p=4533"},"modified":"2026-04-17T15:18:34","modified_gmt":"2026-04-17T20:18:34","slug":"central-anm-24-net-1-sensor-infrarrojo-ivp-4000-2-sensores-xas-4010-sm-2-controles-xac-4000-1-sirena-sir-1000","status":"publish","type":"product","link":"https:\/\/www.creavaltec.com\/inicio\/tienda\/central-anm-24-net-1-sensor-infrarrojo-ivp-4000-2-sensores-xas-4010-sm-2-controles-xac-4000-1-sirena-sir-1000\/","title":{"rendered":"Central ANM 24 net + 1 sensor infrarrojo IVP 4000 + 2 sensores XAS 4010 SM + 2 controles XAC 4000 +1 sirena SIR 1000"},"content":{"rendered":"<h6 style=\"text-align: center;\">Sistema de alarma no monitoreado con conexi\u00f3n v\u00eda nube que permite configuraci\u00f3n e interacci\u00f3n por aplicaci\u00f3n<br \/>\n<img fetchpriority=\"high\" decoding=\"async\" class=\"alignnone  wp-image-13443\" src=\"https:\/\/www.creavaltec.com\/inicio\/wp-content\/uploads\/2022\/02\/ANM-24-NET_nuevo-300x300.png\" alt=\"\" width=\"399\" height=\"399\" srcset=\"https:\/\/www.creavaltec.com\/inicio\/wp-content\/uploads\/2022\/02\/ANM-24-NET_nuevo-300x300.png 300w, https:\/\/www.creavaltec.com\/inicio\/wp-content\/uploads\/2022\/02\/ANM-24-NET_nuevo-150x150.png 150w, https:\/\/www.creavaltec.com\/inicio\/wp-content\/uploads\/2022\/02\/ANM-24-NET_nuevo-768x768.png 768w, https:\/\/www.creavaltec.com\/inicio\/wp-content\/uploads\/2022\/02\/ANM-24-NET_nuevo-570x570.png 570w, https:\/\/www.creavaltec.com\/inicio\/wp-content\/uploads\/2022\/02\/ANM-24-NET_nuevo-100x100.png 100w, https:\/\/www.creavaltec.com\/inicio\/wp-content\/uploads\/2022\/02\/ANM-24-NET_nuevo-64x64.png 64w, https:\/\/www.creavaltec.com\/inicio\/wp-content\/uploads\/2022\/02\/ANM-24-NET_nuevo.png 1024w\" sizes=\"(max-width: 399px) 100vw, 399px\" \/><\/h6>\n<div class=\"mt2 mb2 \">\n<h6 class=\"weight--small-300 weight--large-200 h3\" style=\"text-align: center;\">Soluci\u00f3n contra intrusi\u00f3n con bajo costo<\/h6>\n<\/div>\n<div class=\"text text--300\">\n<div class=\"block-template overflow-hidden\">\n<h6 style=\"text-align: center;\">Sistema compuesto por la central de alarma ANM 24 NET, sirena SIR 1000, control XAC 4000, sensor de apertura XAS 4000 y sensor de movimiento IVP 4000.<br \/>\n<img decoding=\"async\" class=\"alignnone  wp-image-13444\" src=\"https:\/\/www.creavaltec.com\/inicio\/wp-content\/uploads\/2022\/02\/4357_AF_Flyer-Digital-Sistema-ANM-24-NET-conexao-nuvem-300x183.png\" alt=\"\" width=\"438\" height=\"267\" srcset=\"https:\/\/www.creavaltec.com\/inicio\/wp-content\/uploads\/2022\/02\/4357_AF_Flyer-Digital-Sistema-ANM-24-NET-conexao-nuvem-300x183.png 300w, https:\/\/www.creavaltec.com\/inicio\/wp-content\/uploads\/2022\/02\/4357_AF_Flyer-Digital-Sistema-ANM-24-NET-conexao-nuvem-570x348.png 570w, https:\/\/www.creavaltec.com\/inicio\/wp-content\/uploads\/2022\/02\/4357_AF_Flyer-Digital-Sistema-ANM-24-NET-conexao-nuvem-64x39.png 64w, https:\/\/www.creavaltec.com\/inicio\/wp-content\/uploads\/2022\/02\/4357_AF_Flyer-Digital-Sistema-ANM-24-NET-conexao-nuvem.png 590w\" sizes=\"(max-width: 438px) 100vw, 438px\" \/><\/h6>\n<div class=\"mt2 mb2 \">\n<h6 class=\"weight--small-300 weight--large-200 h3\" style=\"text-align: center;\">Conexi\u00f3n v\u00eda nube<\/h6>\n<\/div>\n<div class=\"text text--300\">\n<div class=\"block-template overflow-hidden\">\n<h6 style=\"text-align: center;\">Siga en tiempo real el estado de su sistema de alarma de cualquier lugar.<\/h6>\n<p><img decoding=\"async\" class=\"aligncenter\" src=\"https:\/\/backend.intelbras.com\/sites\/default\/files\/styles\/large\/public\/2021-05\/4357_AF_Flyer-Digital---Sistema-ANM-24-NET-mais%20facilidade.jpg\" alt=\"Mais facilidade na programa\u00e7\u00e3o e cadastro de dispositivos\" \/><\/p>\n<div class=\"mt2 mb2 \">\n<h6 class=\"weight--small-300 weight--large-200 h3\" style=\"text-align: center;\">M\u00e1s facilidad en la programaci\u00f3n y registro de dispositivos<\/h6>\n<\/div>\n<div class=\"text text--300\">\n<div class=\"block-template overflow-hidden\">\n<h6 style=\"text-align: center;\">A trav\u00e9s de la aplicaci\u00f3n AMT Remoto Mobile, es posible realizar el registro facilitado de los controles y sensores, as\u00ed como alterar configuraciones del sistema.<br \/>\n<img decoding=\"async\" src=\"https:\/\/backend.intelbras.com\/sites\/default\/files\/styles\/large\/public\/2021-05\/4357_AF_Flyer-Digital---Sistema-ANM-24-NET-simplicidade%20palma%20mao_0.jpg\" alt=\"Simplicidade na palma da m\u00e3o\" \/><\/h6>\n<div class=\"mt2 mb2 \">\n<h6 class=\"weight--small-300 weight--large-200 h3\" style=\"text-align: center;\">Simplicidad en la palma de la mano<\/h6>\n<\/div>\n<div class=\"text text--300\">\n<div class=\"block-template overflow-hidden\">\n<h6 style=\"text-align: center;\">A trav\u00e9s de su smartphone, programe y opere su sistema de forma pr\u00e1ctica e intuitiva, activando, desactivando, interactuando y recibiendo notificaciones.<\/h6>\n<\/div>\n<\/div>\n<\/div>\n<\/div>\n<\/div>\n<\/div>\n<\/div>\n<\/div>\n","protected":false},"excerpt":{"rendered":"<h4 class=\"mb2 h2 large-h3\"><span style=\"color: #008000;\">Sistema de alarma no monitoreado incluye:<\/span><\/h4>\n<h4><span style=\"color: #008000;\">1 Central ANM 24 net\u00a0 4543512\u00a0<\/span><\/h4>\n<h4><span style=\"color: #008000;\"><span style=\"color: #008000;\"> 1 sensor infrarrojo <span style=\"font-size: 19.2px;\">inal\u00e1mbrico<\/span> IVP 4000 4540011\u00a0<\/span><\/span><\/h4>\n<h4><span style=\"color: #008000;\"> 2 sensores inal\u00e1mbrico de puerta\/ventana XAS 4010 SM 4540040<\/span><\/h4>\n<h4><span style=\"color: #008000;\">2 controles XAC 4000 4540005<\/span><\/h4>\n<h4><span style=\"color: #008000;\">1 sirena SIR 1000<\/span><\/h4>\n","protected":false},"featured_media":13431,"comment_status":"closed","ping_status":"closed","template":"","meta":{"site-sidebar-layout":"default","site-content-layout":"default","ast-site-content-layout":"default","site-content-style":"default","site-sidebar-style":"default","ast-global-header-display":"","ast-banner-title-visibility":"","ast-main-header-display":"","ast-hfb-above-header-display":"","ast-hfb-below-header-display":"","ast-hfb-mobile-header-display":"","site-post-title":"","ast-breadcrumbs-content":"","ast-featured-img":"","footer-sml-layout":"","theme-transparent-header-meta":"default","adv-header-id-meta":"","stick-header-meta":"","header-above-stick-meta":"","header-main-stick-meta":"","header-below-stick-meta":"","astra-migrate-meta-layouts":"set","ast-page-background-enabled":"default","ast-page-background-meta":{"desktop":{"background-color":"","background-image":"","background-repeat":"repeat","background-position":"center center","background-size":"auto","background-attachment":"scroll","background-type":"","background-media":"","overlay-type":"","overlay-color":"","overlay-opacity":"","overlay-gradient":""},"tablet":{"background-color":"","background-image":"","background-repeat":"repeat","background-position":"center center","background-size":"auto","background-attachment":"scroll","background-type":"","background-media":"","overlay-type":"","overlay-color":"","overlay-opacity":"","overlay-gradient":""},"mobile":{"background-color":"","background-image":"","background-repeat":"repeat","background-position":"center center","background-size":"auto","background-attachment":"scroll","background-type":"","background-media":"","overlay-type":"","overlay-color":"","overlay-opacity":"","overlay-gradient":""}},"ast-content-background-meta":{"desktop":{"background-color":"var(--ast-global-color-5)","background-image":"","background-repeat":"repeat","background-position":"center center","background-size":"auto","background-attachment":"scroll","background-type":"","background-media":"","overlay-type":"","overlay-color":"","overlay-opacity":"","overlay-gradient":""},"tablet":{"background-color":"var(--ast-global-color-5)","background-image":"","background-repeat":"repeat","background-position":"center center","background-size":"auto","background-attachment":"scroll","background-type":"","background-media":"","overlay-type":"","overlay-color":"","overlay-opacity":"","overlay-gradient":""},"mobile":{"background-color":"var(--ast-global-color-5)","background-image":"","background-repeat":"repeat","background-position":"center center","background-size":"auto","background-attachment":"scroll","background-type":"","background-media":"","overlay-type":"","overlay-color":"","overlay-opacity":"","overlay-gradient":""}}},"product_brand":[],"product_cat":[75],"product_tag":[],"class_list":{"0":"post-4533","1":"product","2":"type-product","3":"status-publish","4":"has-post-thumbnail","6":"product_cat-alarmas-y-cercos","7":"desktop-align-left","8":"tablet-align-left","9":"mobile-align-left","11":"first","12":"instock","13":"taxable","14":"shipping-taxable","15":"purchasable","16":"product-type-simple"},"jetpack_sharing_enabled":true,"_links":{"self":[{"href":"https:\/\/www.creavaltec.com\/inicio\/wp-json\/wp\/v2\/product\/4533","targetHints":{"allow":["GET"]}}],"collection":[{"href":"https:\/\/www.creavaltec.com\/inicio\/wp-json\/wp\/v2\/product"}],"about":[{"href":"https:\/\/www.creavaltec.com\/inicio\/wp-json\/wp\/v2\/types\/product"}],"replies":[{"embeddable":true,"href":"https:\/\/www.creavaltec.com\/inicio\/wp-json\/wp\/v2\/comments?post=4533"}],"version-history":[{"count":13,"href":"https:\/\/www.creavaltec.com\/inicio\/wp-json\/wp\/v2\/product\/4533\/revisions"}],"predecessor-version":[{"id":13442,"href":"https:\/\/www.creavaltec.com\/inicio\/wp-json\/wp\/v2\/product\/4533\/revisions\/13442"}],"wp:featuredmedia":[{"embeddable":true,"href":"https:\/\/www.creavaltec.com\/inicio\/wp-json\/wp\/v2\/media\/13431"}],"wp:attachment":[{"href":"https:\/\/www.creavaltec.com\/inicio\/wp-json\/wp\/v2\/media?parent=4533"}],"wp:term":[{"taxonomy":"product_brand","embeddable":true,"href":"https:\/\/www.creavaltec.com\/inicio\/wp-json\/wp\/v2\/product_brand?post=4533"},{"taxonomy":"product_cat","embeddable":true,"href":"https:\/\/www.creavaltec.com\/inicio\/wp-json\/wp\/v2\/product_cat?post=4533"},{"taxonomy":"product_tag","embeddable":true,"href":"https:\/\/www.creavaltec.com\/inicio\/wp-json\/wp\/v2\/product_tag?post=4533"}],"curies":[{"name":"wp","href":"https:\/\/api.w.org\/{rel}","templated":true}]}}