{"id":4438,"date":"2022-01-20T14:15:24","date_gmt":"2022-01-20T19:15:24","guid":{"rendered":"https:\/\/www.creavaltec.com\/inicio\/?post_type=product&#038;p=4438"},"modified":"2026-04-23T11:04:15","modified_gmt":"2026-04-23T16:04:15","slug":"combo-receptor-universal-xar-3060-10-controles-remotos-xac-2000-tx-negro","status":"publish","type":"product","link":"https:\/\/www.creavaltec.com\/inicio\/tienda\/combo-receptor-universal-xar-3060-10-controles-remotos-xac-2000-tx-negro\/","title":{"rendered":"Receptor universal XAR 3060"},"content":{"rendered":"<h6 style=\"text-align: center;\">El XAR 3060 UN ofrece una recepci\u00f3n eficaz y dos salidas independientes, con dos modos de operaci\u00f3n: pulso o retenci\u00f3n<\/h6>\n<p><img fetchpriority=\"high\" decoding=\"async\" class=\"aligncenter\" src=\"https:\/\/backend.intelbras.com\/sites\/default\/files\/integration\/xar-3060-un-front.jpg\" width=\"350\" height=\"350\" \/><\/p>\n<h6 style=\"text-align: center;\">Frecuencia de trabajo \/Modulaci\u00f3n 433,92 MHz\/OOK o FSK<br \/>\nDecodificador de c\u00f3digo inteligente\u00a0de 24 bits<br \/>\nAlcance FSK o OOK hasta 100 m sin barrera<br \/>\nAlimentaci\u00f3n 12 a 16 Vdc<br \/>\nConsumo de corriente<br \/>\nStand by: 40 mA<br \/>\n1 canal en operaci\u00f3n: 80 mA<br \/>\n2 canal en operaci\u00f3n: 120 mA<\/h6>\n<hr \/>\n<h6 style=\"text-align: left;\">Caracter\u00edsticas XAR 3060 UN<\/h6>\n<hr \/>\n<h6 style=\"text-align: left;\">\u00bb 2 salidas independientes.<br \/>\n\u00bb 2 modos de funcionamiento (pulso o retenci\u00f3n).<br \/>\n\u00bb Contacto normalmente cerrado o normalmente abierto.<br \/>\n\u00bb Capacidad para almacenar hasta 60 dispositivos inal\u00e1mbricos.<br \/>\nNo garantizamos el funcionamiento del receptor XAR 3060 UN con<br \/>\ndispositivos inal\u00e1mbricos que no sean fabricados por Intelbras.<br \/>\nEn lo que respecta a los mandos a distancia de otros fabricantes, deben<br \/>\ntienen las siguientes caracter\u00edsticas para trabajar con el XAR 3060 UN:<br \/>\n1. Trabajar en la modulaci\u00f3n OOK;<br \/>\n2. Trabajar en la frecuencia de 433,92 Mhz;<br \/>\n3. Tasa de baudios de 1,886 Kbps.<\/h6>\n<h6 style=\"text-align: left;\"><\/h6>\n","protected":false},"excerpt":{"rendered":"<h4><span style=\"color: #008000;\">Receptor universal XAR 3060<\/span><\/h4>\n","protected":false},"featured_media":13258,"comment_status":"closed","ping_status":"closed","template":"","meta":{"site-sidebar-layout":"default","site-content-layout":"default","ast-site-content-layout":"default","site-content-style":"default","site-sidebar-style":"default","ast-global-header-display":"","ast-banner-title-visibility":"","ast-main-header-display":"","ast-hfb-above-header-display":"","ast-hfb-below-header-display":"","ast-hfb-mobile-header-display":"","site-post-title":"","ast-breadcrumbs-content":"","ast-featured-img":"","footer-sml-layout":"","theme-transparent-header-meta":"default","adv-header-id-meta":"","stick-header-meta":"","header-above-stick-meta":"","header-main-stick-meta":"","header-below-stick-meta":"","astra-migrate-meta-layouts":"set","ast-page-background-enabled":"default","ast-page-background-meta":{"desktop":{"background-color":"","background-image":"","background-repeat":"repeat","background-position":"center center","background-size":"auto","background-attachment":"scroll","background-type":"","background-media":"","overlay-type":"","overlay-color":"","overlay-opacity":"","overlay-gradient":""},"tablet":{"background-color":"","background-image":"","background-repeat":"repeat","background-position":"center center","background-size":"auto","background-attachment":"scroll","background-type":"","background-media":"","overlay-type":"","overlay-color":"","overlay-opacity":"","overlay-gradient":""},"mobile":{"background-color":"","background-image":"","background-repeat":"repeat","background-position":"center center","background-size":"auto","background-attachment":"scroll","background-type":"","background-media":"","overlay-type":"","overlay-color":"","overlay-opacity":"","overlay-gradient":""}},"ast-content-background-meta":{"desktop":{"background-color":"var(--ast-global-color-5)","background-image":"","background-repeat":"repeat","background-position":"center center","background-size":"auto","background-attachment":"scroll","background-type":"","background-media":"","overlay-type":"","overlay-color":"","overlay-opacity":"","overlay-gradient":""},"tablet":{"background-color":"var(--ast-global-color-5)","background-image":"","background-repeat":"repeat","background-position":"center center","background-size":"auto","background-attachment":"scroll","background-type":"","background-media":"","overlay-type":"","overlay-color":"","overlay-opacity":"","overlay-gradient":""},"mobile":{"background-color":"var(--ast-global-color-5)","background-image":"","background-repeat":"repeat","background-position":"center center","background-size":"auto","background-attachment":"scroll","background-type":"","background-media":"","overlay-type":"","overlay-color":"","overlay-opacity":"","overlay-gradient":""}}},"product_brand":[],"product_cat":[75,70,66,65,67],"product_tag":[],"class_list":{"0":"post-4438","1":"product","2":"type-product","3":"status-publish","4":"has-post-thumbnail","6":"product_cat-alarmas-y-cercos","7":"product_cat-acceso-citofonia_y_acceso","8":"product_cat-acceso","9":"product_cat-alambricasgranescala","10":"product_cat-inalambricas","11":"desktop-align-left","12":"tablet-align-left","13":"mobile-align-left","15":"first","16":"instock","17":"taxable","18":"shipping-taxable","19":"purchasable","20":"product-type-simple"},"jetpack_sharing_enabled":true,"_links":{"self":[{"href":"https:\/\/www.creavaltec.com\/inicio\/wp-json\/wp\/v2\/product\/4438","targetHints":{"allow":["GET"]}}],"collection":[{"href":"https:\/\/www.creavaltec.com\/inicio\/wp-json\/wp\/v2\/product"}],"about":[{"href":"https:\/\/www.creavaltec.com\/inicio\/wp-json\/wp\/v2\/types\/product"}],"replies":[{"embeddable":true,"href":"https:\/\/www.creavaltec.com\/inicio\/wp-json\/wp\/v2\/comments?post=4438"}],"version-history":[{"count":24,"href":"https:\/\/www.creavaltec.com\/inicio\/wp-json\/wp\/v2\/product\/4438\/revisions"}],"predecessor-version":[{"id":13311,"href":"https:\/\/www.creavaltec.com\/inicio\/wp-json\/wp\/v2\/product\/4438\/revisions\/13311"}],"wp:featuredmedia":[{"embeddable":true,"href":"https:\/\/www.creavaltec.com\/inicio\/wp-json\/wp\/v2\/media\/13258"}],"wp:attachment":[{"href":"https:\/\/www.creavaltec.com\/inicio\/wp-json\/wp\/v2\/media?parent=4438"}],"wp:term":[{"taxonomy":"product_brand","embeddable":true,"href":"https:\/\/www.creavaltec.com\/inicio\/wp-json\/wp\/v2\/product_brand?post=4438"},{"taxonomy":"product_cat","embeddable":true,"href":"https:\/\/www.creavaltec.com\/inicio\/wp-json\/wp\/v2\/product_cat?post=4438"},{"taxonomy":"product_tag","embeddable":true,"href":"https:\/\/www.creavaltec.com\/inicio\/wp-json\/wp\/v2\/product_tag?post=4438"}],"curies":[{"name":"wp","href":"https:\/\/api.w.org\/{rel}","templated":true}]}}