{"id":3652,"date":"2021-05-12T17:14:53","date_gmt":"2021-05-12T22:14:53","guid":{"rendered":"https:\/\/www.creavaltec.com\/inicio\/?post_type=product&#038;p=3652"},"modified":"2025-06-26T13:40:15","modified_gmt":"2025-06-26T18:40:15","slug":"solucion-inalambrica-para-340-departamentos-con-control-de-acceso","status":"publish","type":"product","link":"https:\/\/www.creavaltec.com\/inicio\/tienda\/solucion-inalambrica-para-340-departamentos-con-control-de-acceso\/","title":{"rendered":"Soluci\u00f3n Inal\u00e1mbrica para 340 departamentos con control de Acceso"},"content":{"rendered":"<h6 style=\"text-align: center;\">Soluci\u00f3n para Citofon\u00eda inal\u00e1mbrica hasta 340 departamentos por medio de l\u00ednea celular con la base ITC 5100 que es 3G y se encuentra homologada en Ecuador para cualquier operadora celular. Incluye botonera del tipo sensor brindando comodidad para la apertura de puerta desde el interno del conjunto.<\/h6>\n<p>&nbsp;<\/p>\n<p>&nbsp;<\/p>\n<p>&nbsp;<\/p>\n<h6 style=\"text-align: center;\">Por medio del MIP 1000 se efect\u00faa la programaci\u00f3n y se controla el control de acceso para el registro de tags RFID para apertura de puerta. Quedando registro de todas las entradas y salidas al conjunto habitacional.<\/h6>\n<p><img fetchpriority=\"high\" decoding=\"async\" class=\"size-medium wp-image-2067 aligncenter\" src=\"https:\/\/www.creavaltec.com\/inicio\/wp-content\/uploads\/2020\/05\/MIP1000-300x300.png\" alt=\"\" width=\"300\" height=\"300\" srcset=\"https:\/\/www.creavaltec.com\/inicio\/wp-content\/uploads\/2020\/05\/MIP1000-300x300.png 300w, https:\/\/www.creavaltec.com\/inicio\/wp-content\/uploads\/2020\/05\/MIP1000-100x100.png 100w, https:\/\/www.creavaltec.com\/inicio\/wp-content\/uploads\/2020\/05\/MIP1000-570x570.png 570w, https:\/\/www.creavaltec.com\/inicio\/wp-content\/uploads\/2020\/05\/MIP1000-1024x1024.png 1024w, https:\/\/www.creavaltec.com\/inicio\/wp-content\/uploads\/2020\/05\/MIP1000-150x150.png 150w, https:\/\/www.creavaltec.com\/inicio\/wp-content\/uploads\/2020\/05\/MIP1000-768x768.png 768w, https:\/\/www.creavaltec.com\/inicio\/wp-content\/uploads\/2020\/05\/MIP1000.png 1080w\" sizes=\"(max-width: 300px) 100vw, 300px\" \/><\/p>\n<h6 style=\"text-align: center;\">Asocia el n\u00famero de apartamento con el tel\u00e9fono celular del residente, lo que garantiza una comunicaci\u00f3n a\u00fan m\u00e1s pr\u00e1ctica. Tiene la posibilidad de registrar 25 n\u00fameros telef\u00f3nicos que podr\u00e1n llamar al n\u00famero celular de la soluci\u00f3n y permitir\u00e1n la apertura de puerta.<\/h6>\n<div class=\"mt2 mb2 \">\n<div class=\"mt2 mb2 \">\n<p><img decoding=\"async\" class=\"aligncenter\" src=\"https:\/\/backend.intelbras.com\/sites\/default\/files\/styles\/large\/public\/2019-08\/Interface-celular-com-tabela-de-numera%C3%A7%C3%A3o-flex%C3%ADvel_590x360px.jpg\" alt=\"Interface celular com tabela de numera\u00e7\u00e3o flex\u00edvel\" width=\"399\" height=\"243\" \/><\/p>\n<div class=\"mt2 mb2 \">\n<div class=\"text text--300\">\n<div class=\"block-template overflow-hidden\">\n<h6 style=\"text-align: center;\"><\/h6>\n<h6><\/h6>\n<p>&nbsp;<\/p>\n<h6 style=\"text-align: center;\">Instalaci\u00f3n r\u00e1pida y econ\u00f3mica, ideal para construcciones nuevas en donde el cableado es un costo y en edificios antiguos cuyo cableado ya no sirve.<\/h6>\n<\/div>\n<\/div>\n<\/div>\n<p><img decoding=\"async\" class=\"aligncenter\" src=\"https:\/\/backend.intelbras.com\/sites\/default\/files\/styles\/large\/public\/2019-08\/F%C3%A1cil-instala%C3%A7%C3%A3o_590x360px.jpg\" alt=\"F\u00e1cil instala\u00e7\u00e3o\" width=\"421\" height=\"257\" \/><\/p>\n<h6 style=\"text-align: center;\">El frente de calle tiene la posibilidad de hacer la apertura de dos puertas, por un pulso de 12V 1A evitando el uso de transformador y por medio de contacto seco sea normalmente abierto o normalmente cerrado.<\/h6>\n<\/div>\n<\/div>\n","protected":false},"excerpt":{"rendered":"<h4 style=\"text-align: left;\"><span style=\"color: #008000;\">Soluci\u00f3n para Citofon\u00eda inal\u00e1mbrica hasta 340 departamentos<\/span><\/h4>\n<h4 style=\"text-align: left;\"><span style=\"color: #008000;\"> con control de Acceso.<\/span><\/h4>\n<h4 style=\"text-align: left;\"><span style=\"color: #008000;\">4501307\u00a0 PORTERO FRENTE DE CALLE XPE 1013 PLUS ID\u00a0\u00a0<\/span><\/h4>\n<h4 style=\"text-align: left;\"><span style=\"color: #008000;\">4115100\u00a0 INTERFAZ CELULAR 3G &#8211; ITC 5100 INTELBRAS<\/span><\/h4>\n<h4 style=\"text-align: left;\"><span style=\"color: #008000;\">4675040\u00a0 BOT\u00d3N BT 4001<\/span><\/h4>\n<h4 style=\"text-align: left;\"><span style=\"color: #008000;\">4504002\u00a0 \u00a0MODULO INTELIGENTE DE PORTERIA MIP1000<\/span><\/h4>\n","protected":false},"featured_media":3693,"comment_status":"closed","ping_status":"closed","template":"","meta":{"site-sidebar-layout":"default","site-content-layout":"default","ast-site-content-layout":"default","site-content-style":"default","site-sidebar-style":"default","ast-global-header-display":"","ast-banner-title-visibility":"","ast-main-header-display":"","ast-hfb-above-header-display":"","ast-hfb-below-header-display":"","ast-hfb-mobile-header-display":"","site-post-title":"","ast-breadcrumbs-content":"","ast-featured-img":"","footer-sml-layout":"","theme-transparent-header-meta":"default","adv-header-id-meta":"","stick-header-meta":"","header-above-stick-meta":"","header-main-stick-meta":"","header-below-stick-meta":"","astra-migrate-meta-layouts":"set","ast-page-background-enabled":"default","ast-page-background-meta":{"desktop":{"background-color":"","background-image":"","background-repeat":"repeat","background-position":"center center","background-size":"auto","background-attachment":"scroll","background-type":"","background-media":"","overlay-type":"","overlay-color":"","overlay-opacity":"","overlay-gradient":""},"tablet":{"background-color":"","background-image":"","background-repeat":"repeat","background-position":"center center","background-size":"auto","background-attachment":"scroll","background-type":"","background-media":"","overlay-type":"","overlay-color":"","overlay-opacity":"","overlay-gradient":""},"mobile":{"background-color":"","background-image":"","background-repeat":"repeat","background-position":"center center","background-size":"auto","background-attachment":"scroll","background-type":"","background-media":"","overlay-type":"","overlay-color":"","overlay-opacity":"","overlay-gradient":""}},"ast-content-background-meta":{"desktop":{"background-color":"var(--ast-global-color-5)","background-image":"","background-repeat":"repeat","background-position":"center center","background-size":"auto","background-attachment":"scroll","background-type":"","background-media":"","overlay-type":"","overlay-color":"","overlay-opacity":"","overlay-gradient":""},"tablet":{"background-color":"var(--ast-global-color-5)","background-image":"","background-repeat":"repeat","background-position":"center center","background-size":"auto","background-attachment":"scroll","background-type":"","background-media":"","overlay-type":"","overlay-color":"","overlay-opacity":"","overlay-gradient":""},"mobile":{"background-color":"var(--ast-global-color-5)","background-image":"","background-repeat":"repeat","background-position":"center center","background-size":"auto","background-attachment":"scroll","background-type":"","background-media":"","overlay-type":"","overlay-color":"","overlay-opacity":"","overlay-gradient":""}}},"product_brand":[],"product_cat":[67],"product_tag":[],"class_list":{"0":"post-3652","1":"product","2":"type-product","3":"status-publish","4":"has-post-thumbnail","6":"product_cat-inalambricas","7":"desktop-align-left","8":"tablet-align-left","9":"mobile-align-left","11":"first","12":"instock","13":"taxable","14":"shipping-taxable","15":"purchasable","16":"product-type-woosb"},"jetpack_sharing_enabled":true,"_links":{"self":[{"href":"https:\/\/www.creavaltec.com\/inicio\/wp-json\/wp\/v2\/product\/3652","targetHints":{"allow":["GET"]}}],"collection":[{"href":"https:\/\/www.creavaltec.com\/inicio\/wp-json\/wp\/v2\/product"}],"about":[{"href":"https:\/\/www.creavaltec.com\/inicio\/wp-json\/wp\/v2\/types\/product"}],"replies":[{"embeddable":true,"href":"https:\/\/www.creavaltec.com\/inicio\/wp-json\/wp\/v2\/comments?post=3652"}],"version-history":[{"count":16,"href":"https:\/\/www.creavaltec.com\/inicio\/wp-json\/wp\/v2\/product\/3652\/revisions"}],"predecessor-version":[{"id":12552,"href":"https:\/\/www.creavaltec.com\/inicio\/wp-json\/wp\/v2\/product\/3652\/revisions\/12552"}],"wp:featuredmedia":[{"embeddable":true,"href":"https:\/\/www.creavaltec.com\/inicio\/wp-json\/wp\/v2\/media\/3693"}],"wp:attachment":[{"href":"https:\/\/www.creavaltec.com\/inicio\/wp-json\/wp\/v2\/media?parent=3652"}],"wp:term":[{"taxonomy":"product_brand","embeddable":true,"href":"https:\/\/www.creavaltec.com\/inicio\/wp-json\/wp\/v2\/product_brand?post=3652"},{"taxonomy":"product_cat","embeddable":true,"href":"https:\/\/www.creavaltec.com\/inicio\/wp-json\/wp\/v2\/product_cat?post=3652"},{"taxonomy":"product_tag","embeddable":true,"href":"https:\/\/www.creavaltec.com\/inicio\/wp-json\/wp\/v2\/product_tag?post=3652"}],"curies":[{"name":"wp","href":"https:\/\/api.w.org\/{rel}","templated":true}]}}