{"id":2126,"date":"2020-05-06T13:19:27","date_gmt":"2020-05-06T18:19:27","guid":{"rendered":"https:\/\/www.creavaltec.com\/inicio\/?post_type=product&#038;p=2126"},"modified":"2026-04-02T10:09:45","modified_gmt":"2026-04-02T15:09:45","slug":"tc60-id-negro-telefono-alambrico-cid-fsk-dtmf","status":"publish","type":"product","link":"https:\/\/www.creavaltec.com\/inicio\/tienda\/tc60-id-negro-telefono-alambrico-cid-fsk-dtmf\/","title":{"rendered":"TC60 ID Negro &#8211; Tel\u00e9fono Al\u00e1mbrico CID FSK \/ DTMF"},"content":{"rendered":"<div class=\"mt2 mb2 \">\n<h6 class=\"weight--small-300 weight--large-200 h3\" style=\"text-align: center;\">Dise\u00f1o moderno y resistente, con funciones pr\u00e1cticas como identificaci\u00f3n de llamadas, Altavoz y memorias de discado r\u00e1pido. Todo para facilitar el d\u00eda a d\u00eda en el trabajo.<\/h6>\n<\/div>\n<div class=\"mt2 mb2 \">\n<h6 style=\"text-align: center;\"><img fetchpriority=\"high\" decoding=\"async\" class=\"\" src=\"https:\/\/backend.intelbras.com\/sites\/default\/files\/2019-05\/tc_60_id_front.png\" alt=\"tc_60_id_front\" width=\"326\" height=\"326\" \/><\/h6>\n<h6 style=\"text-align: center;\">Un cl\u00e1sico!\u00a0Con este tel\u00e9fono, evitar\u00e1 interferencias en sus conversaciones y siempre puede usarlo, porque, a diferencia de la conexi\u00f3n inal\u00e1mbrica, funciona incluso cuando no hay electricidad.<\/h6>\n<h6><img decoding=\"async\" class=\"size-medium wp-image-2168 aligncenter\" src=\"https:\/\/www.creavaltec.com\/inicio\/wp-content\/uploads\/2020\/05\/TC60ID-lateral-300x300.png\" alt=\"\" width=\"300\" height=\"300\" srcset=\"https:\/\/www.creavaltec.com\/inicio\/wp-content\/uploads\/2020\/05\/TC60ID-lateral-300x300.png 300w, https:\/\/www.creavaltec.com\/inicio\/wp-content\/uploads\/2020\/05\/TC60ID-lateral-100x100.png 100w, https:\/\/www.creavaltec.com\/inicio\/wp-content\/uploads\/2020\/05\/TC60ID-lateral-570x570.png 570w, https:\/\/www.creavaltec.com\/inicio\/wp-content\/uploads\/2020\/05\/TC60ID-lateral-1024x1024.png 1024w, https:\/\/www.creavaltec.com\/inicio\/wp-content\/uploads\/2020\/05\/TC60ID-lateral-150x150.png 150w, https:\/\/www.creavaltec.com\/inicio\/wp-content\/uploads\/2020\/05\/TC60ID-lateral-768x768.png 768w, https:\/\/www.creavaltec.com\/inicio\/wp-content\/uploads\/2020\/05\/TC60ID-lateral.png 1080w\" sizes=\"(max-width: 300px) 100vw, 300px\" \/><\/h6>\n<h6 style=\"text-align: center;\">Comodidad y practicidad<br \/>\nSu funci\u00f3n manos libres facilitar\u00e1 la comodidad en su rutina, chatee en cualquier momento mientras realiza otras actividades.<\/h6>\n<\/div>\n","protected":false},"excerpt":{"rendered":"<h4><span style=\"color: #008000;\">Ideal para aquellos que necesita velocidad y practica, adem\u00e1s de funciones intuitivas como las 3 teclas para marcaci\u00f3n directa, ajuste de volumen del timbre y altavoz, entre otras facilidades.<\/span><\/h4>\n","protected":false},"featured_media":2169,"comment_status":"closed","ping_status":"closed","template":"","meta":{"site-sidebar-layout":"default","site-content-layout":"default","ast-site-content-layout":"default","site-content-style":"default","site-sidebar-style":"default","ast-global-header-display":"","ast-banner-title-visibility":"","ast-main-header-display":"","ast-hfb-above-header-display":"","ast-hfb-below-header-display":"","ast-hfb-mobile-header-display":"","site-post-title":"","ast-breadcrumbs-content":"","ast-featured-img":"","footer-sml-layout":"","theme-transparent-header-meta":"default","adv-header-id-meta":"","stick-header-meta":"","header-above-stick-meta":"","header-main-stick-meta":"","header-below-stick-meta":"","astra-migrate-meta-layouts":"set","ast-page-background-enabled":"default","ast-page-background-meta":{"desktop":{"background-color":"","background-image":"","background-repeat":"repeat","background-position":"center center","background-size":"auto","background-attachment":"scroll","background-type":"","background-media":"","overlay-type":"","overlay-color":"","overlay-opacity":"","overlay-gradient":""},"tablet":{"background-color":"","background-image":"","background-repeat":"repeat","background-position":"center center","background-size":"auto","background-attachment":"scroll","background-type":"","background-media":"","overlay-type":"","overlay-color":"","overlay-opacity":"","overlay-gradient":""},"mobile":{"background-color":"","background-image":"","background-repeat":"repeat","background-position":"center center","background-size":"auto","background-attachment":"scroll","background-type":"","background-media":"","overlay-type":"","overlay-color":"","overlay-opacity":"","overlay-gradient":""}},"ast-content-background-meta":{"desktop":{"background-color":"var(--ast-global-color-5)","background-image":"","background-repeat":"repeat","background-position":"center center","background-size":"auto","background-attachment":"scroll","background-type":"","background-media":"","overlay-type":"","overlay-color":"","overlay-opacity":"","overlay-gradient":""},"tablet":{"background-color":"var(--ast-global-color-5)","background-image":"","background-repeat":"repeat","background-position":"center center","background-size":"auto","background-attachment":"scroll","background-type":"","background-media":"","overlay-type":"","overlay-color":"","overlay-opacity":"","overlay-gradient":""},"mobile":{"background-color":"var(--ast-global-color-5)","background-image":"","background-repeat":"repeat","background-position":"center center","background-size":"auto","background-attachment":"scroll","background-type":"","background-media":"","overlay-type":"","overlay-color":"","overlay-opacity":"","overlay-gradient":""}}},"product_brand":[],"product_cat":[69,70,51,43,65,67],"product_tag":[],"class_list":{"0":"post-2126","1":"product","2":"type-product","3":"status-publish","4":"has-post-thumbnail","6":"product_cat-centrales-telefonicas","7":"product_cat-acceso-citofonia_y_acceso","8":"product_cat-comunicacion-empresarial","9":"product_cat-comunicacion-hogar","10":"product_cat-alambricasgranescala","11":"product_cat-inalambricas","12":"desktop-align-left","13":"tablet-align-left","14":"mobile-align-left","16":"first","17":"onbackorder","18":"taxable","19":"shipping-taxable","20":"purchasable","21":"product-type-simple"},"jetpack_sharing_enabled":true,"_links":{"self":[{"href":"https:\/\/www.creavaltec.com\/inicio\/wp-json\/wp\/v2\/product\/2126","targetHints":{"allow":["GET"]}}],"collection":[{"href":"https:\/\/www.creavaltec.com\/inicio\/wp-json\/wp\/v2\/product"}],"about":[{"href":"https:\/\/www.creavaltec.com\/inicio\/wp-json\/wp\/v2\/types\/product"}],"replies":[{"embeddable":true,"href":"https:\/\/www.creavaltec.com\/inicio\/wp-json\/wp\/v2\/comments?post=2126"}],"version-history":[{"count":5,"href":"https:\/\/www.creavaltec.com\/inicio\/wp-json\/wp\/v2\/product\/2126\/revisions"}],"predecessor-version":[{"id":12560,"href":"https:\/\/www.creavaltec.com\/inicio\/wp-json\/wp\/v2\/product\/2126\/revisions\/12560"}],"wp:featuredmedia":[{"embeddable":true,"href":"https:\/\/www.creavaltec.com\/inicio\/wp-json\/wp\/v2\/media\/2169"}],"wp:attachment":[{"href":"https:\/\/www.creavaltec.com\/inicio\/wp-json\/wp\/v2\/media?parent=2126"}],"wp:term":[{"taxonomy":"product_brand","embeddable":true,"href":"https:\/\/www.creavaltec.com\/inicio\/wp-json\/wp\/v2\/product_brand?post=2126"},{"taxonomy":"product_cat","embeddable":true,"href":"https:\/\/www.creavaltec.com\/inicio\/wp-json\/wp\/v2\/product_cat?post=2126"},{"taxonomy":"product_tag","embeddable":true,"href":"https:\/\/www.creavaltec.com\/inicio\/wp-json\/wp\/v2\/product_tag?post=2126"}],"curies":[{"name":"wp","href":"https:\/\/api.w.org\/{rel}","templated":true}]}}