{"id":2090,"date":"2020-05-05T15:45:13","date_gmt":"2020-05-05T20:45:13","guid":{"rendered":"https:\/\/www.creavaltec.com\/inicio\/?post_type=product&#038;p=2090"},"modified":"2026-01-16T10:17:41","modified_gmt":"2026-01-16T15:17:41","slug":"central-hibrida-impacta-68i-2x4-espanol","status":"publish","type":"product","link":"https:\/\/www.creavaltec.com\/inicio\/tienda\/central-hibrida-impacta-68i-2x4-espanol\/","title":{"rendered":"Central Hibrida IMPACTA 68i (2&#215;4) Espa\u00f1ol"},"content":{"rendered":"<div class=\"mt2 mb2 \">\n<h6 class=\"weight--small-300 weight--large-200 h3\" style=\"text-align: center\">La l\u00ednea Impacta est\u00e1 compuesta por centrales PABX de comunicaci\u00f3n h\u00edbrida que integran las tecnolog\u00edas anal\u00f3gica, digital e IP. Ideales para micro y peque\u00f1as empresas que buscan mejorar la calidad y la capacidad de comunicaci\u00f3n, las centrales Impacta ofrecen diversas funciones sin mucha inversi\u00f3n. Adem\u00e1s de presentar las funciones habituales de un PABX, ellas pueden interconectar dos o m\u00e1s redes y permitir la realizaci\u00f3n de llamadas con tecnolog\u00eda VoIP (voz sobre internet).<\/h6>\n<\/div>\n<div class=\"mt2 mb2 \"><\/div>\n<div class=\"text text--300\" style=\"text-align: center\">\n<div class=\"block-template overflow-hidden\">\n<p style=\"text-align: center\"><img decoding=\"async\" class=\"media-element file-default\" title=\"impacta\" src=\"http:\/\/suporte-tecnico.intelbras.com.br\/sites\/default\/files\/flyer_digital_impacta_01_03.png\" alt=\"impacta\" \/><\/p>\n<\/div>\n<\/div>\n<h4 style=\"text-align: center\">M\u00e1s calidad en la comunicaci\u00f3n<\/h4>\n<h6 style=\"text-align: center\">Adem\u00e1s de los beneficios de obtenerse un producto Intelbras con dise\u00f1o, garant\u00eda, soporte, asistencia t\u00e9cnica y tecnolog\u00eda de \u00faltima generaci\u00f3n, las centrales Impacta poseen diversas funciones y opcionales desarrollados para facilitar la comunicaci\u00f3n entre empresas, sus clientes y filiales.<\/h6>\n<p><img decoding=\"async\" class=\"media-element file-default aligncenter\" title=\"impacta\" src=\"http:\/\/suporte-tecnico.intelbras.com.br\/sites\/default\/files\/flyer_digital_impacta_01_07.png\" alt=\"impacta\" \/><\/p>\n<h4 style=\"text-align: center\">Tenga mucho sin gastar tanto<\/h4>\n<h6 style=\"text-align: center\">A trav\u00e9s de funciones como selecci\u00f3n autom\u00e1tica de l\u00edneas, extensi\u00f3n\/interno econ\u00f3mico y bloqueo de recepci\u00f3n de llamadas por cobrar,\u00a0 es posible reducir el valor de la cuenta telef\u00f3nica. La tecnolog\u00eda VoIP\u00a0 permite la interconexi\u00f3n entre la matriz y las filiales, para que ellas puedan\u00a0 comunicarse de forma simplificada y sin costos, todo v\u00eda internet.<\/h6>\n<p>&nbsp;<\/p>\n<div class=\"mt2 mb2 \">\n<h6 class=\"weight--small-300 weight--large-200 h3\" style=\"text-align: center\"><img decoding=\"async\" class=\"media-element file-default\" title=\"Impacta 40\" src=\"http:\/\/suporte-tecnico.intelbras.com.br\/sites\/default\/files\/flyer_digital_impacta_03_0.png\" alt=\"Impacta 40\" \/><\/h6>\n<h4 style=\"text-align: center\">M\u00e1s agilidad<\/h4>\n<h6 style=\"text-align: center\">Las centrales Impacta identifican quien est\u00e1 llamando y transfieren las llamadas para cualquier interno, grupo o filial que se encuentre previamente registrado para atender, bas\u00e1ndose en parte del n\u00famero (ej.: DDD) o en la extensi\u00f3n\/interno. Agilidad y asertividad para usted y\u00a0 sus clientes.<\/h6>\n<p><img decoding=\"async\" class=\"media-element file-default aligncenter\" title=\"impacta\" src=\"http:\/\/suporte-tecnico.intelbras.com.br\/sites\/default\/files\/flyer_digital_impacta_01_13.png\" alt=\"impacta\" \/><\/p>\n<h4 style=\"text-align: center\">Seguridad y calidad en la atenci\u00f3n<\/h4>\n<h6 style=\"text-align: center\">El software ICR \u2013 El grabador de llamadas Intelbras\u00b9 permite la grabaci\u00f3n a trav\u00e9s de una tarjeta SD conectado a la placa\/tarjeta de grabaci\u00f3n de llamadas\u00b2 de Impacta 68i. De esa manera, es posible impulsar la productividad en el servicio, ya que la empresa sabe como sus colaboradores est\u00e1n tratando a los clientes, proveedores y asociados. Esto permite evaluar y tomar medidas preventivas y correctivas, mejorando la calidad de la atenci\u00f3n y la satisfacci\u00f3n de los clientes.<\/h6>\n<h6 style=\"text-align: center\"><em>\u00b9 Necesaria la adquisici\u00f3n de licencias para uso del software.<br \/>\n\u00b2 Placa\/tarjeta de grabaci\u00f3n para Impacta 68i debe ser adquirida en forma separada.<\/em><img decoding=\"async\" class=\"media-element file-default aligncenter\" title=\"impacta 68i\" src=\"http:\/\/suporte-tecnico.intelbras.com.br\/sites\/default\/files\/flyer_digital_impacta_01_17_0.png\" alt=\"impacta 68i\" \/><\/h6>\n<\/div>\n","protected":false},"excerpt":{"rendered":"<h5 class=\"mb2 h2 large-h3\"><span style=\"color: #008000\"><em><strong>La l\u00ednea Impacta 68i Permite un maximo de conexion de 6 lineas y 32 extensiones analogicas<\/strong><\/em><\/span><\/h5>\n","protected":false},"featured_media":2133,"comment_status":"closed","ping_status":"closed","template":"","meta":{"site-sidebar-layout":"default","site-content-layout":"default","ast-site-content-layout":"default","site-content-style":"default","site-sidebar-style":"default","ast-global-header-display":"","ast-banner-title-visibility":"","ast-main-header-display":"","ast-hfb-above-header-display":"","ast-hfb-below-header-display":"","ast-hfb-mobile-header-display":"","site-post-title":"","ast-breadcrumbs-content":"","ast-featured-img":"","footer-sml-layout":"","theme-transparent-header-meta":"default","adv-header-id-meta":"","stick-header-meta":"","header-above-stick-meta":"","header-main-stick-meta":"","header-below-stick-meta":"","astra-migrate-meta-layouts":"set","ast-page-background-enabled":"default","ast-page-background-meta":{"desktop":{"background-color":"","background-image":"","background-repeat":"repeat","background-position":"center center","background-size":"auto","background-attachment":"scroll","background-type":"","background-media":"","overlay-type":"","overlay-color":"","overlay-opacity":"","overlay-gradient":""},"tablet":{"background-color":"","background-image":"","background-repeat":"repeat","background-position":"center center","background-size":"auto","background-attachment":"scroll","background-type":"","background-media":"","overlay-type":"","overlay-color":"","overlay-opacity":"","overlay-gradient":""},"mobile":{"background-color":"","background-image":"","background-repeat":"repeat","background-position":"center center","background-size":"auto","background-attachment":"scroll","background-type":"","background-media":"","overlay-type":"","overlay-color":"","overlay-opacity":"","overlay-gradient":""}},"ast-content-background-meta":{"desktop":{"background-color":"var(--ast-global-color-5)","background-image":"","background-repeat":"repeat","background-position":"center center","background-size":"auto","background-attachment":"scroll","background-type":"","background-media":"","overlay-type":"","overlay-color":"","overlay-opacity":"","overlay-gradient":""},"tablet":{"background-color":"var(--ast-global-color-5)","background-image":"","background-repeat":"repeat","background-position":"center center","background-size":"auto","background-attachment":"scroll","background-type":"","background-media":"","overlay-type":"","overlay-color":"","overlay-opacity":"","overlay-gradient":""},"mobile":{"background-color":"var(--ast-global-color-5)","background-image":"","background-repeat":"repeat","background-position":"center center","background-size":"auto","background-attachment":"scroll","background-type":"","background-media":"","overlay-type":"","overlay-color":"","overlay-opacity":"","overlay-gradient":""}}},"product_brand":[],"product_cat":[69,67],"product_tag":[],"class_list":{"0":"post-2090","1":"product","2":"type-product","3":"status-publish","4":"has-post-thumbnail","6":"product_cat-centrales-telefonicas","7":"product_cat-inalambricas","8":"desktop-align-left","9":"tablet-align-left","10":"mobile-align-left","12":"first","13":"onbackorder","14":"taxable","15":"shipping-taxable","16":"purchasable","17":"product-type-simple"},"jetpack_sharing_enabled":true,"_links":{"self":[{"href":"https:\/\/www.creavaltec.com\/inicio\/wp-json\/wp\/v2\/product\/2090","targetHints":{"allow":["GET"]}}],"collection":[{"href":"https:\/\/www.creavaltec.com\/inicio\/wp-json\/wp\/v2\/product"}],"about":[{"href":"https:\/\/www.creavaltec.com\/inicio\/wp-json\/wp\/v2\/types\/product"}],"replies":[{"embeddable":true,"href":"https:\/\/www.creavaltec.com\/inicio\/wp-json\/wp\/v2\/comments?post=2090"}],"version-history":[{"count":6,"href":"https:\/\/www.creavaltec.com\/inicio\/wp-json\/wp\/v2\/product\/2090\/revisions"}],"predecessor-version":[{"id":13056,"href":"https:\/\/www.creavaltec.com\/inicio\/wp-json\/wp\/v2\/product\/2090\/revisions\/13056"}],"wp:featuredmedia":[{"embeddable":true,"href":"https:\/\/www.creavaltec.com\/inicio\/wp-json\/wp\/v2\/media\/2133"}],"wp:attachment":[{"href":"https:\/\/www.creavaltec.com\/inicio\/wp-json\/wp\/v2\/media?parent=2090"}],"wp:term":[{"taxonomy":"product_brand","embeddable":true,"href":"https:\/\/www.creavaltec.com\/inicio\/wp-json\/wp\/v2\/product_brand?post=2090"},{"taxonomy":"product_cat","embeddable":true,"href":"https:\/\/www.creavaltec.com\/inicio\/wp-json\/wp\/v2\/product_cat?post=2090"},{"taxonomy":"product_tag","embeddable":true,"href":"https:\/\/www.creavaltec.com\/inicio\/wp-json\/wp\/v2\/product_tag?post=2090"}],"curies":[{"name":"wp","href":"https:\/\/api.w.org\/{rel}","templated":true}]}}