{"id":1710,"date":"2020-04-28T15:23:56","date_gmt":"2020-04-28T20:23:56","guid":{"rendered":"https:\/\/www.creavaltec.com\/inicio\/?post_type=product&#038;p=1710"},"modified":"2026-04-16T16:53:35","modified_gmt":"2026-04-16T21:53:35","slug":"portero-residencial-ipr-8010","status":"publish","type":"product","link":"https:\/\/www.creavaltec.com\/inicio\/tienda\/portero-residencial-ipr-8010\/","title":{"rendered":"Portero residencial IPR 8010"},"content":{"rendered":"<h6 style=\"text-align: center;\">No exponga a su familia al riesgo de encontrarse cara a cara con una visita no deseada.\u00a0Al instalar el IPR 8010 en su hogar, se identifica, chatea con el visitante y abre la puerta sin correr ning\u00fan riesgo.<\/h6>\n<p style=\"text-align: center;\"><img fetchpriority=\"high\" decoding=\"async\" class=\"alignnone size-medium wp-image-1711\" src=\"https:\/\/www.creavaltec.com\/inicio\/wp-content\/uploads\/2020\/04\/IPR8010-300x215.png\" alt=\"\" width=\"300\" height=\"215\" srcset=\"https:\/\/www.creavaltec.com\/inicio\/wp-content\/uploads\/2020\/04\/IPR8010-300x215.png 300w, https:\/\/www.creavaltec.com\/inicio\/wp-content\/uploads\/2020\/04\/IPR8010.png 360w\" sizes=\"(max-width: 300px) 100vw, 300px\" \/><\/p>\n<h4 style=\"text-align: center;\">Apertura de puertas y portones<\/h4>\n<h6 style=\"text-align: center;\">Abra hasta 2 cerraduras diferentes, como las puertas\u00a0peatonales y de garaje, individualmente, con un solo IPR 8010.<\/h6>\n<p style=\"text-align: center;\"><img decoding=\"async\" style=\"font-weight: inherit;\" src=\"https:\/\/loja.intelbras.com.br\/arquivos\/flyer_digital_ipr_8010_09.png\" \/><\/p>\n<h4 style=\"text-align: center;\">Protecci\u00f3n antisabotaje<\/h4>\n<h6 style=\"text-align: center;\">En caso de vandalismo, como un cortocircuito en el m\u00f3dulo externo, el sistema no Abre la cerradura. Es m\u00e1s seguridad y protecci\u00f3n para ti.<\/h6>\n<p>&nbsp;<\/p>\n<p style=\"text-align: center;\"><img decoding=\"async\" src=\"https:\/\/loja.intelbras.com.br\/arquivos\/flyer_digital_ipr_8010_13.png\" \/><\/p>\n<p>&nbsp;<\/p>\n<h4 style=\"text-align: center;\">Advertencia de puerta abierta<\/h4>\n<h6 style=\"text-align: center;\">Se emite una se\u00f1al audible en los m\u00f3dulos internos y externos, comunicando que la puerta no se ha cerrado correctamente.<\/h6>\n<p>&nbsp;<\/p>\n<p style=\"text-align: center;\"><img decoding=\"async\" src=\"https:\/\/loja.intelbras.com.br\/arquivos\/flyer_digital_ipr_8010_17.png\" \/><\/p>\n<p>&nbsp;<\/p>\n<h4 style=\"text-align: center;\">Instale el intercomunicador en las ubicaciones m\u00e1s estrat\u00e9gicas<\/h4>\n<h6 style=\"text-align: center;\">El intercomunicador residencial IPR 8010 permite hasta 3 m\u00f3dulos de audio internos para cada m\u00f3dulo externo.<\/h6>\n<p>&nbsp;<\/p>\n<p style=\"text-align: center;\"><img decoding=\"async\" src=\"https:\/\/loja.intelbras.com.br\/arquivos\/flyer_digital_ipr_8010_20.png\" \/><\/p>\n<h6 style=\"text-align: center;\">La cerradura el\u00e9ctrica AGL-INHA de apertura interna de 12 V o 110 V (15% m\u00e1s peque\u00f1a) se puede usar en puertas o portones no ahuecados de madera o metal.\u00a0Es compatible con todos los porteros electr\u00f3nicos del mercado y tiene ajustes para puertas ligeras o pesadas, memoria mec\u00e1nica.\u00a0Su composici\u00f3n est\u00e1 hecha de material extremadamente resistente.<\/h6>\n","protected":false},"excerpt":{"rendered":"<h4 class=\"mb2 h2 large-h3\"><span style=\"color: #008000;\">Portero residencial<\/span><\/h4>\n<div class=\"text text--300\">\n<h4 class=\"block-template overflow-hidden\"><span style=\"color: #008000;\">Le permite hablar con la persona que llama y abrir 2 cerraduras: contacto seco y electromagn\u00e9tica (12 V).<\/span><\/h4>\n<\/div>\n","protected":false},"featured_media":1894,"comment_status":"closed","ping_status":"closed","template":"","meta":{"site-sidebar-layout":"default","site-content-layout":"default","ast-site-content-layout":"default","site-content-style":"default","site-sidebar-style":"default","ast-global-header-display":"","ast-banner-title-visibility":"","ast-main-header-display":"","ast-hfb-above-header-display":"","ast-hfb-below-header-display":"","ast-hfb-mobile-header-display":"","site-post-title":"","ast-breadcrumbs-content":"","ast-featured-img":"","footer-sml-layout":"","theme-transparent-header-meta":"default","adv-header-id-meta":"","stick-header-meta":"","header-above-stick-meta":"","header-main-stick-meta":"","header-below-stick-meta":"","astra-migrate-meta-layouts":"set","ast-page-background-enabled":"default","ast-page-background-meta":{"desktop":{"background-color":"","background-image":"","background-repeat":"repeat","background-position":"center center","background-size":"auto","background-attachment":"scroll","background-type":"","background-media":"","overlay-type":"","overlay-color":"","overlay-opacity":"","overlay-gradient":""},"tablet":{"background-color":"","background-image":"","background-repeat":"repeat","background-position":"center center","background-size":"auto","background-attachment":"scroll","background-type":"","background-media":"","overlay-type":"","overlay-color":"","overlay-opacity":"","overlay-gradient":""},"mobile":{"background-color":"","background-image":"","background-repeat":"repeat","background-position":"center center","background-size":"auto","background-attachment":"scroll","background-type":"","background-media":"","overlay-type":"","overlay-color":"","overlay-opacity":"","overlay-gradient":""}},"ast-content-background-meta":{"desktop":{"background-color":"var(--ast-global-color-5)","background-image":"","background-repeat":"repeat","background-position":"center center","background-size":"auto","background-attachment":"scroll","background-type":"","background-media":"","overlay-type":"","overlay-color":"","overlay-opacity":"","overlay-gradient":""},"tablet":{"background-color":"var(--ast-global-color-5)","background-image":"","background-repeat":"repeat","background-position":"center center","background-size":"auto","background-attachment":"scroll","background-type":"","background-media":"","overlay-type":"","overlay-color":"","overlay-opacity":"","overlay-gradient":""},"mobile":{"background-color":"var(--ast-global-color-5)","background-image":"","background-repeat":"repeat","background-position":"center center","background-size":"auto","background-attachment":"scroll","background-type":"","background-media":"","overlay-type":"","overlay-color":"","overlay-opacity":"","overlay-gradient":""}}},"product_brand":[],"product_cat":[52],"product_tag":[],"class_list":{"0":"post-1710","1":"product","2":"type-product","3":"status-publish","4":"has-post-thumbnail","6":"product_cat-videoporteros_porteros","7":"desktop-align-left","8":"tablet-align-left","9":"mobile-align-left","11":"first","12":"instock","13":"taxable","14":"shipping-taxable","15":"purchasable","16":"product-type-simple"},"jetpack_sharing_enabled":true,"_links":{"self":[{"href":"https:\/\/www.creavaltec.com\/inicio\/wp-json\/wp\/v2\/product\/1710","targetHints":{"allow":["GET"]}}],"collection":[{"href":"https:\/\/www.creavaltec.com\/inicio\/wp-json\/wp\/v2\/product"}],"about":[{"href":"https:\/\/www.creavaltec.com\/inicio\/wp-json\/wp\/v2\/types\/product"}],"replies":[{"embeddable":true,"href":"https:\/\/www.creavaltec.com\/inicio\/wp-json\/wp\/v2\/comments?post=1710"}],"version-history":[{"count":5,"href":"https:\/\/www.creavaltec.com\/inicio\/wp-json\/wp\/v2\/product\/1710\/revisions"}],"predecessor-version":[{"id":9534,"href":"https:\/\/www.creavaltec.com\/inicio\/wp-json\/wp\/v2\/product\/1710\/revisions\/9534"}],"wp:featuredmedia":[{"embeddable":true,"href":"https:\/\/www.creavaltec.com\/inicio\/wp-json\/wp\/v2\/media\/1894"}],"wp:attachment":[{"href":"https:\/\/www.creavaltec.com\/inicio\/wp-json\/wp\/v2\/media?parent=1710"}],"wp:term":[{"taxonomy":"product_brand","embeddable":true,"href":"https:\/\/www.creavaltec.com\/inicio\/wp-json\/wp\/v2\/product_brand?post=1710"},{"taxonomy":"product_cat","embeddable":true,"href":"https:\/\/www.creavaltec.com\/inicio\/wp-json\/wp\/v2\/product_cat?post=1710"},{"taxonomy":"product_tag","embeddable":true,"href":"https:\/\/www.creavaltec.com\/inicio\/wp-json\/wp\/v2\/product_tag?post=1710"}],"curies":[{"name":"wp","href":"https:\/\/api.w.org\/{rel}","templated":true}]}}