{"id":1686,"date":"2020-04-28T13:44:23","date_gmt":"2020-04-28T18:44:23","guid":{"rendered":"https:\/\/www.creavaltec.com\/inicio\/?post_type=product&#038;p=1686"},"modified":"2025-12-08T10:40:36","modified_gmt":"2025-12-08T15:40:36","slug":"telefono-alambrico-tc20-negro","status":"publish","type":"product","link":"https:\/\/www.creavaltec.com\/inicio\/tienda\/telefono-alambrico-tc20-negro\/","title":{"rendered":"Tel\u00e9fono alambrico TC20 Negro"},"content":{"rendered":"<h6 style=\"text-align: center\">El tel\u00e9fono TC 20 posee todas las funciones en el fono y cable de largo alcance, para que usted tenga mucho m\u00e1s movilidad. Todo eso con la calidad Intelbras.<\/h6>\n<p style=\"text-align: center\"><img fetchpriority=\"high\" decoding=\"async\" class=\"alignnone size-medium wp-image-1716\" src=\"https:\/\/www.creavaltec.com\/inicio\/wp-content\/uploads\/2020\/04\/TC20-negro-vista-superior-300x300.png\" alt=\"\" width=\"300\" height=\"300\" \/><\/p>\n<h4 style=\"text-align: center\">Posici\u00f3n mesa o pared<\/h4>\n<h6 style=\"text-align: center\">El TC 20 es ideal para quien necesita de rapidez y practicidad. Con funciones que facilitan la rutina, se puede instalar en la posici\u00f3n mesa o pared, adapt\u00e1ndose f\u00e1cilmente a cualquier ambiente.<\/h6>\n<p style=\"text-align: center\"><img decoding=\"async\" class=\"media-element file-default\" title=\"TC 20\" src=\"http:\/\/suporte-tecnico.intelbras.com.br\/sites\/default\/files\/flyer_digital_tc-20_07.png\" alt=\"TC 20\" \/><\/p>\n<h4 style=\"text-align: center\">Teclado luminoso<\/h4>\n<h6 style=\"text-align: center\">Haga llamadas con facilidad sin depender de iluminaci\u00f3n ambiente para ver las teclas del tel\u00e9fono.<\/h6>\n<p>&nbsp;<\/p>\n<h6 style=\"text-align: center\"><img decoding=\"async\" class=\"media-element file-default\" title=\"TC 20\" src=\"http:\/\/suporte-tecnico.intelbras.com.br\/sites\/default\/files\/flyer_digital_tc-20_14.png\" alt=\"TC 20\" \/><\/h6>\n<h4 style=\"text-align: center\">Descanso para el fono<\/h4>\n<h6 style=\"text-align: center\">Caso sea necesario dejar una llamada en espera, ponga el fono en el descanso (por encima del gancho). Esa facilidad es utilizada apenas cuando el aparato est\u00e1 fijado a la pared.<\/h6>\n<p><img decoding=\"async\" class=\"media-element file-default aligncenter\" title=\"TC 20\" src=\"http:\/\/suporte-tecnico.intelbras.com.br\/sites\/default\/files\/flyer_digital_tc-20_17.png\" alt=\"TC 20\" \/><\/p>\n","protected":false},"excerpt":{"rendered":"<h4 class=\"mb2 h2 large-h3\"><span style=\"color: #008000\">Tel\u00e9fono con cable<\/span><\/h4>\n<div class=\"text text--300\">\n<h4 class=\"block-template overflow-hidden\"><span style=\"color: #008000\">El tel\u00e9fono TC 20 tiene todas las funciones en el auricular y un cable de largo alcance, por lo que obtendr\u00e1 mucha m\u00e1s movilidad con nuestra garant\u00eda de calidad, disponible en dos colores Blanco y Negro para decorar su Hogar u Oficina<\/span><\/h4>\n<\/div>\n","protected":false},"featured_media":9612,"comment_status":"closed","ping_status":"closed","template":"","meta":{"site-sidebar-layout":"default","site-content-layout":"default","ast-site-content-layout":"default","site-content-style":"default","site-sidebar-style":"default","ast-global-header-display":"","ast-banner-title-visibility":"","ast-main-header-display":"","ast-hfb-above-header-display":"","ast-hfb-below-header-display":"","ast-hfb-mobile-header-display":"","site-post-title":"","ast-breadcrumbs-content":"","ast-featured-img":"","footer-sml-layout":"","theme-transparent-header-meta":"default","adv-header-id-meta":"","stick-header-meta":"","header-above-stick-meta":"","header-main-stick-meta":"","header-below-stick-meta":"","astra-migrate-meta-layouts":"set","ast-page-background-enabled":"default","ast-page-background-meta":{"desktop":{"background-color":"","background-image":"","background-repeat":"repeat","background-position":"center center","background-size":"auto","background-attachment":"scroll","background-type":"","background-media":"","overlay-type":"","overlay-color":"","overlay-opacity":"","overlay-gradient":""},"tablet":{"background-color":"","background-image":"","background-repeat":"repeat","background-position":"center center","background-size":"auto","background-attachment":"scroll","background-type":"","background-media":"","overlay-type":"","overlay-color":"","overlay-opacity":"","overlay-gradient":""},"mobile":{"background-color":"","background-image":"","background-repeat":"repeat","background-position":"center center","background-size":"auto","background-attachment":"scroll","background-type":"","background-media":"","overlay-type":"","overlay-color":"","overlay-opacity":"","overlay-gradient":""}},"ast-content-background-meta":{"desktop":{"background-color":"var(--ast-global-color-5)","background-image":"","background-repeat":"repeat","background-position":"center center","background-size":"auto","background-attachment":"scroll","background-type":"","background-media":"","overlay-type":"","overlay-color":"","overlay-opacity":"","overlay-gradient":""},"tablet":{"background-color":"var(--ast-global-color-5)","background-image":"","background-repeat":"repeat","background-position":"center center","background-size":"auto","background-attachment":"scroll","background-type":"","background-media":"","overlay-type":"","overlay-color":"","overlay-opacity":"","overlay-gradient":""},"mobile":{"background-color":"var(--ast-global-color-5)","background-image":"","background-repeat":"repeat","background-position":"center center","background-size":"auto","background-attachment":"scroll","background-type":"","background-media":"","overlay-type":"","overlay-color":"","overlay-opacity":"","overlay-gradient":""}}},"product_brand":[],"product_cat":[43],"product_tag":[],"class_list":{"0":"post-1686","1":"product","2":"type-product","3":"status-publish","4":"has-post-thumbnail","6":"product_cat-comunicacion-hogar","7":"desktop-align-left","8":"tablet-align-left","9":"mobile-align-left","11":"first","12":"instock","13":"taxable","14":"shipping-taxable","15":"purchasable","16":"product-type-simple"},"jetpack_sharing_enabled":true,"_links":{"self":[{"href":"https:\/\/www.creavaltec.com\/inicio\/wp-json\/wp\/v2\/product\/1686","targetHints":{"allow":["GET"]}}],"collection":[{"href":"https:\/\/www.creavaltec.com\/inicio\/wp-json\/wp\/v2\/product"}],"about":[{"href":"https:\/\/www.creavaltec.com\/inicio\/wp-json\/wp\/v2\/types\/product"}],"replies":[{"embeddable":true,"href":"https:\/\/www.creavaltec.com\/inicio\/wp-json\/wp\/v2\/comments?post=1686"}],"version-history":[{"count":7,"href":"https:\/\/www.creavaltec.com\/inicio\/wp-json\/wp\/v2\/product\/1686\/revisions"}],"predecessor-version":[{"id":13050,"href":"https:\/\/www.creavaltec.com\/inicio\/wp-json\/wp\/v2\/product\/1686\/revisions\/13050"}],"wp:featuredmedia":[{"embeddable":true,"href":"https:\/\/www.creavaltec.com\/inicio\/wp-json\/wp\/v2\/media\/9612"}],"wp:attachment":[{"href":"https:\/\/www.creavaltec.com\/inicio\/wp-json\/wp\/v2\/media?parent=1686"}],"wp:term":[{"taxonomy":"product_brand","embeddable":true,"href":"https:\/\/www.creavaltec.com\/inicio\/wp-json\/wp\/v2\/product_brand?post=1686"},{"taxonomy":"product_cat","embeddable":true,"href":"https:\/\/www.creavaltec.com\/inicio\/wp-json\/wp\/v2\/product_cat?post=1686"},{"taxonomy":"product_tag","embeddable":true,"href":"https:\/\/www.creavaltec.com\/inicio\/wp-json\/wp\/v2\/product_tag?post=1686"}],"curies":[{"name":"wp","href":"https:\/\/api.w.org\/{rel}","templated":true}]}}