{"id":1606,"date":"2020-04-27T17:31:33","date_gmt":"2020-04-27T22:31:33","guid":{"rendered":"https:\/\/www.creavaltec.com\/inicio\/?post_type=product&#038;p=1606"},"modified":"2026-04-17T10:52:07","modified_gmt":"2026-04-17T15:52:07","slug":"telefono-alambrico-pleno","status":"publish","type":"product","link":"https:\/\/www.creavaltec.com\/inicio\/tienda\/telefono-alambrico-pleno\/","title":{"rendered":"Tel\u00e9fono alambrico Pleno Blanco"},"content":{"rendered":"<h6 style=\"text-align: center;\">Pleno es un tel\u00e9fono resistente y pr\u00e1ctico, ideal para ser utilizado en casas, oficinas, consultorios o empresas. Totalmente brasile\u00f1o, el modelo cuenta con 3 vol\u00famenes de timbre, 2 tipos de toque y funciones\u00a0<em>Flash, Remarcar y Mudo.<\/em><\/h6>\n<p>&nbsp;<\/p>\n<p style=\"text-align: center;\"><img fetchpriority=\"high\" decoding=\"async\" class=\"alignnone size-medium wp-image-1756\" src=\"https:\/\/www.creavaltec.com\/inicio\/wp-content\/uploads\/2020\/04\/Pleno-blanco-lateral-300x300.png\" alt=\"\" width=\"300\" height=\"300\" \/><\/p>\n<h4 style=\"text-align: center;\">Posici\u00f3n mesa o pared<\/h4>\n<h6 style=\"text-align: center;\">El Pleno puede ser utilizado en las posiciones de mesa o pared. Usted elije la mejor opci\u00f3n.<\/h6>\n<p style=\"text-align: center;\"><img decoding=\"async\" class=\"media-element file-default\" title=\"Pleno\" src=\"http:\/\/suporte-tecnico.intelbras.com.br\/sites\/default\/files\/flyer_digital_pleno_07.png\" alt=\"Pleno\" \/><\/p>\n<h4 style=\"text-align: center;\">M\u00e1s control<\/h4>\n<h6 style=\"text-align: center;\">Disponible en 2 versiones: con o sin llave de bloqueo. El modelo con llave es ideal para quien necesita de m\u00e1s control, le permite bloquear el teclado e impedir que realicen llamadas.<\/h6>\n<p>&nbsp;<\/p>\n<p style=\"text-align: center;\"><img decoding=\"async\" class=\"media-element file-default\" title=\"Pleno\" src=\"http:\/\/suporte-tecnico.intelbras.com.br\/sites\/default\/files\/flyer_digital_pleno_10.png\" alt=\"Pleno\" \/><\/p>\n<p>&nbsp;<\/p>\n<h4 style=\"text-align: center;\">Dos opciones de color<\/h4>\n<h6 style=\"text-align: center;\">Usted elije el color que m\u00e1s combina con su ambiente: negro o gris-\u00e1rtico.<img decoding=\"async\" class=\"media-element file-default\" title=\"Pleno\" src=\"http:\/\/suporte-tecnico.intelbras.com.br\/sites\/default\/files\/flyer_digital_pleno_14.png\" alt=\"Pleno\" \/><\/h6>\n<p>&nbsp;<\/p>\n<h4 style=\"text-align: center;\">Descanso para el auricular<\/h4>\n<h6 style=\"text-align: center;\">Cuando sea necesario dejar una llamada en espera, basta colocar el auricular en el descanso (sobre el gancho). Esta facilidad es utilizada \u00fanicamente cuando la base del aparato est\u00e1 fijada en la pared.<\/h6>\n<p>&nbsp;<\/p>\n<p style=\"text-align: center;\"><img decoding=\"async\" class=\"media-element file-default\" title=\"Pleno\" src=\"http:\/\/suporte-tecnico.intelbras.com.br\/sites\/default\/files\/flyer_digital_pleno_18.png\" alt=\"Pleno\" \/><\/p>\n<p style=\"text-align: center;\">\n","protected":false},"excerpt":{"rendered":"<h4 class=\"mb2 h2 large-h3\"><span style=\"color: #008000;\">Tel\u00e9fono con cable<\/span><\/h4>\n<div class=\"text text--300\">\n<h4 class=\"block-template overflow-hidden\"><span style=\"color: #008000;\">Pleno es un tel\u00e9fono resistente y c\u00f3modo, ideal para usar en hogares, oficinas, consultorios o empresas, dispone de dos colores Blanco y Negro, para decorar su hogar o oficina.<\/span><\/h4>\n<\/div>\n","protected":false},"featured_media":9611,"comment_status":"closed","ping_status":"closed","template":"","meta":{"site-sidebar-layout":"default","site-content-layout":"default","ast-site-content-layout":"","site-content-style":"default","site-sidebar-style":"default","ast-global-header-display":"","ast-banner-title-visibility":"","ast-main-header-display":"","ast-hfb-above-header-display":"","ast-hfb-below-header-display":"","ast-hfb-mobile-header-display":"","site-post-title":"","ast-breadcrumbs-content":"","ast-featured-img":"","footer-sml-layout":"","theme-transparent-header-meta":"default","adv-header-id-meta":"","stick-header-meta":"","header-above-stick-meta":"","header-main-stick-meta":"","header-below-stick-meta":"","astra-migrate-meta-layouts":"default","ast-page-background-enabled":"default","ast-page-background-meta":{"desktop":{"background-color":"","background-image":"","background-repeat":"repeat","background-position":"center center","background-size":"auto","background-attachment":"scroll","background-type":"","background-media":"","overlay-type":"","overlay-color":"","overlay-opacity":"","overlay-gradient":""},"tablet":{"background-color":"","background-image":"","background-repeat":"repeat","background-position":"center center","background-size":"auto","background-attachment":"scroll","background-type":"","background-media":"","overlay-type":"","overlay-color":"","overlay-opacity":"","overlay-gradient":""},"mobile":{"background-color":"","background-image":"","background-repeat":"repeat","background-position":"center center","background-size":"auto","background-attachment":"scroll","background-type":"","background-media":"","overlay-type":"","overlay-color":"","overlay-opacity":"","overlay-gradient":""}},"ast-content-background-meta":{"desktop":{"background-color":"var(--ast-global-color-5)","background-image":"","background-repeat":"repeat","background-position":"center center","background-size":"auto","background-attachment":"scroll","background-type":"","background-media":"","overlay-type":"","overlay-color":"","overlay-opacity":"","overlay-gradient":""},"tablet":{"background-color":"var(--ast-global-color-5)","background-image":"","background-repeat":"repeat","background-position":"center center","background-size":"auto","background-attachment":"scroll","background-type":"","background-media":"","overlay-type":"","overlay-color":"","overlay-opacity":"","overlay-gradient":""},"mobile":{"background-color":"var(--ast-global-color-5)","background-image":"","background-repeat":"repeat","background-position":"center center","background-size":"auto","background-attachment":"scroll","background-type":"","background-media":"","overlay-type":"","overlay-color":"","overlay-opacity":"","overlay-gradient":""}}},"product_brand":[],"product_cat":[43],"product_tag":[],"class_list":{"0":"post-1606","1":"product","2":"type-product","3":"status-publish","4":"has-post-thumbnail","6":"product_cat-comunicacion-hogar","7":"desktop-align-left","8":"tablet-align-left","9":"mobile-align-left","11":"first","12":"instock","13":"taxable","14":"shipping-taxable","15":"purchasable","16":"product-type-simple"},"jetpack_sharing_enabled":true,"_links":{"self":[{"href":"https:\/\/www.creavaltec.com\/inicio\/wp-json\/wp\/v2\/product\/1606","targetHints":{"allow":["GET"]}}],"collection":[{"href":"https:\/\/www.creavaltec.com\/inicio\/wp-json\/wp\/v2\/product"}],"about":[{"href":"https:\/\/www.creavaltec.com\/inicio\/wp-json\/wp\/v2\/types\/product"}],"replies":[{"embeddable":true,"href":"https:\/\/www.creavaltec.com\/inicio\/wp-json\/wp\/v2\/comments?post=1606"}],"version-history":[{"count":7,"href":"https:\/\/www.creavaltec.com\/inicio\/wp-json\/wp\/v2\/product\/1606\/revisions"}],"predecessor-version":[{"id":9608,"href":"https:\/\/www.creavaltec.com\/inicio\/wp-json\/wp\/v2\/product\/1606\/revisions\/9608"}],"wp:featuredmedia":[{"embeddable":true,"href":"https:\/\/www.creavaltec.com\/inicio\/wp-json\/wp\/v2\/media\/9611"}],"wp:attachment":[{"href":"https:\/\/www.creavaltec.com\/inicio\/wp-json\/wp\/v2\/media?parent=1606"}],"wp:term":[{"taxonomy":"product_brand","embeddable":true,"href":"https:\/\/www.creavaltec.com\/inicio\/wp-json\/wp\/v2\/product_brand?post=1606"},{"taxonomy":"product_cat","embeddable":true,"href":"https:\/\/www.creavaltec.com\/inicio\/wp-json\/wp\/v2\/product_cat?post=1606"},{"taxonomy":"product_tag","embeddable":true,"href":"https:\/\/www.creavaltec.com\/inicio\/wp-json\/wp\/v2\/product_tag?post=1606"}],"curies":[{"name":"wp","href":"https:\/\/api.w.org\/{rel}","templated":true}]}}