{"id":1598,"date":"2020-04-27T17:08:27","date_gmt":"2020-04-27T22:08:27","guid":{"rendered":"https:\/\/www.creavaltec.com\/inicio\/?post_type=product&#038;p=1598"},"modified":"2025-01-13T13:19:50","modified_gmt":"2025-01-13T18:19:50","slug":"telefono-ts3110","status":"publish","type":"product","link":"https:\/\/www.creavaltec.com\/inicio\/tienda\/telefono-ts3110\/","title":{"rendered":"Tel\u00e9fono inal\u00e1mbrico TS3110"},"content":{"rendered":"<div class=\"mt2 mb2 \">\n<h4 class=\"weight--small-300 weight--large-200 h3\" style=\"text-align: center;\">Tel\u00e9fono inal\u00e1mbrico digital<\/h4>\n<\/div>\n<div class=\"text text--300\">\n<div class=\"block-template overflow-hidden\">\n<h6 style=\"text-align: center;\">El tel\u00e9fono inal\u00e1mbrico TS 3110 posee dise\u00f1o ergon\u00f3mico, display luminoso y bater\u00eda de alta duraci\u00f3n, perfecto para quien utiliza el aparato por largas horas o necesita de movilidad durante las llamadas.<\/h6>\n<p>&nbsp;<\/p>\n<p style=\"text-align: center;\"><img decoding=\"async\" src=\"https:\/\/backend.intelbras.com\/sites\/default\/files\/styles\/large\/public\/2019-02\/Flyer_telefoneTS3110_01_0.jpg\" alt=\"mini banner ts 3110\" \/><\/p>\n<p>&nbsp;<\/p>\n<div class=\"mt2 mb2 \" style=\"text-align: center;\">\n<h4 class=\"weight--small-300 weight--large-200 h3\">Identificaci\u00f3n de llamadas<\/h4>\n<\/div>\n<div class=\"text text--300\">\n<div class=\"block-template overflow-hidden\">\n<h6 style=\"text-align: center;\">Identifique el n\u00famero de quien est\u00e1 llamando y escoja las llamadas que quiere contestar. Adem\u00e1s, tenga acceso r\u00e1pido a los \u00faltimos n\u00fameros, contestados o no almacenados en el aparato con la fecha y la hora de la llamada.<\/h6>\n<p>&nbsp;<\/p>\n<p style=\"text-align: center;\"><img decoding=\"async\" src=\"https:\/\/backend.intelbras.com\/sites\/default\/files\/styles\/large\/public\/2019-02\/Flyer_telefoneTS3110_02_0.jpg\" alt=\"mini banner ts 3110\" \/><\/p>\n<p>&nbsp;<\/p>\n<div class=\"mt2 mb2 \" style=\"text-align: center;\">\n<h4 class=\"weight--small-300 weight--large-200 h3\">Pantalla luminosa<\/h4>\n<\/div>\n<div class=\"text text--300\">\n<div class=\"block-template overflow-hidden\">\n<h6 style=\"text-align: center;\">Visualice todas las funciones del aparato, haga y conteste llamadas, incluso en ambientes con poca o ninguna luminosidad.<\/h6>\n<p>&nbsp;<\/p>\n<p style=\"text-align: center;\"><img decoding=\"async\" src=\"https:\/\/backend.intelbras.com\/sites\/default\/files\/styles\/large\/public\/2019-02\/Flyer_telefoneTS3110_03_0.jpg\" alt=\"mini banner ts 3110\" \/><\/p>\n<p>&nbsp;<\/p>\n<div class=\"mt2 mb2 \" style=\"text-align: center;\">\n<h4 class=\"weight--small-300 weight--large-200 h3\">Dise\u00f1o ergon\u00f3mico<\/h4>\n<\/div>\n<div class=\"text text--300\">\n<div class=\"block-template overflow-hidden\">\n<h6 style=\"text-align: center;\">Su formato, cuidadosamente desarrollado, permite la realizaci\u00f3n de llamadas con m\u00e1s confort y practicidad, aun en llamadas de larga duraci\u00f3n.<\/h6>\n<p>&nbsp;<\/p>\n<p style=\"text-align: center;\"><img decoding=\"async\" src=\"https:\/\/backend.intelbras.com\/sites\/default\/files\/styles\/large\/public\/2019-02\/Flyer_telefoneTS3110_04_0.jpg\" alt=\"mini banner ts 3110\" \/><\/p>\n<p>&nbsp;<\/p>\n<div class=\"mt2 mb2 \" style=\"text-align: center;\">\n<h4 class=\"weight--small-300 weight--large-200 h3\">Capacidad hasta 7 extensiones<\/h4>\n<\/div>\n<div class=\"text text--300\">\n<div class=\"block-template overflow-hidden\">\n<h6 style=\"text-align: center;\">Registre hasta 6 extensiones adicionales a la base principal y asegure una mayor practicidad y confort para su casa u oficina.<\/h6>\n<p>&nbsp;<\/p>\n<p style=\"text-align: center;\"><img decoding=\"async\" src=\"https:\/\/backend.intelbras.com\/sites\/default\/files\/styles\/large\/public\/2019-02\/Flyer_telefoneTS3110_05_0.jpg\" alt=\"mini banner ts 3110\" \/><\/p>\n<p>&nbsp;<\/p>\n<div class=\"mt2 mb2 \" style=\"text-align: center;\">\n<h4 class=\"weight--small-300 weight--large-200 h3\">Otras funciones<\/h4>\n<\/div>\n<div class=\"text text--300\">\n<div class=\"block-template overflow-hidden\">\n<h6 style=\"text-align: center;\">Directorio para 70 contactos<br \/>\nDiscado r\u00e1pido para hasta 10 n\u00fameros<br \/>\nRegistro de 15 llamadas contestadas, 20 no contestadas y 15 originadas<br \/>\n7 tipos de toque con 5 opciones de volumen<br \/>\nFunciones Flash, Rediscar y Mudo<br \/>\nMen\u00fa triling\u00fce en portugu\u00e9s, espa\u00f1ol e ingl\u00e9s<br \/>\nBloqueo de llamadas originadas<br \/>\nComunicaci\u00f3n interna, conferencia a tres y transferencia de llamadas1<\/h6>\n<p><img decoding=\"async\" class=\"aligncenter\" src=\"https:\/\/backend.intelbras.com\/sites\/default\/files\/styles\/large\/public\/2019-02\/Flyer_telefoneTS3110.jpg\" alt=\"mini banner ts 3110\" \/><\/p>\n<\/div>\n<\/div>\n<\/div>\n<\/div>\n<\/div>\n<\/div>\n<\/div>\n<\/div>\n<\/div>\n<\/div>\n<\/div>\n<\/div>\n","protected":false},"excerpt":{"rendered":"<h4><span style=\"color: #008000;\">El tel\u00e9fono inal\u00e1mbrico TS 3110 tiene un dise\u00f1o ergon\u00f3mico, pantalla brillante y una bater\u00eda de larga duraci\u00f3n.<\/span><\/h4>\n","protected":false},"featured_media":1730,"comment_status":"closed","ping_status":"closed","template":"","meta":{"site-sidebar-layout":"default","site-content-layout":"default","ast-site-content-layout":"","site-content-style":"default","site-sidebar-style":"default","ast-global-header-display":"","ast-banner-title-visibility":"","ast-main-header-display":"","ast-hfb-above-header-display":"","ast-hfb-below-header-display":"","ast-hfb-mobile-header-display":"","site-post-title":"","ast-breadcrumbs-content":"","ast-featured-img":"","footer-sml-layout":"","theme-transparent-header-meta":"default","adv-header-id-meta":"","stick-header-meta":"","header-above-stick-meta":"","header-main-stick-meta":"","header-below-stick-meta":"","astra-migrate-meta-layouts":"default","ast-page-background-enabled":"default","ast-page-background-meta":{"desktop":{"background-color":"","background-image":"","background-repeat":"repeat","background-position":"center center","background-size":"auto","background-attachment":"scroll","background-type":"","background-media":"","overlay-type":"","overlay-color":"","overlay-opacity":"","overlay-gradient":""},"tablet":{"background-color":"","background-image":"","background-repeat":"repeat","background-position":"center center","background-size":"auto","background-attachment":"scroll","background-type":"","background-media":"","overlay-type":"","overlay-color":"","overlay-opacity":"","overlay-gradient":""},"mobile":{"background-color":"","background-image":"","background-repeat":"repeat","background-position":"center center","background-size":"auto","background-attachment":"scroll","background-type":"","background-media":"","overlay-type":"","overlay-color":"","overlay-opacity":"","overlay-gradient":""}},"ast-content-background-meta":{"desktop":{"background-color":"var(--ast-global-color-5)","background-image":"","background-repeat":"repeat","background-position":"center center","background-size":"auto","background-attachment":"scroll","background-type":"","background-media":"","overlay-type":"","overlay-color":"","overlay-opacity":"","overlay-gradient":""},"tablet":{"background-color":"var(--ast-global-color-5)","background-image":"","background-repeat":"repeat","background-position":"center center","background-size":"auto","background-attachment":"scroll","background-type":"","background-media":"","overlay-type":"","overlay-color":"","overlay-opacity":"","overlay-gradient":""},"mobile":{"background-color":"var(--ast-global-color-5)","background-image":"","background-repeat":"repeat","background-position":"center center","background-size":"auto","background-attachment":"scroll","background-type":"","background-media":"","overlay-type":"","overlay-color":"","overlay-opacity":"","overlay-gradient":""}}},"product_brand":[],"product_cat":[43],"product_tag":[],"class_list":{"0":"post-1598","1":"product","2":"type-product","3":"status-publish","4":"has-post-thumbnail","6":"product_cat-comunicacion-hogar","7":"desktop-align-left","8":"tablet-align-left","9":"mobile-align-left","11":"first","12":"instock","13":"sale","14":"taxable","15":"shipping-taxable","16":"purchasable","17":"product-type-simple"},"jetpack_sharing_enabled":true,"_links":{"self":[{"href":"https:\/\/www.creavaltec.com\/inicio\/wp-json\/wp\/v2\/product\/1598","targetHints":{"allow":["GET"]}}],"collection":[{"href":"https:\/\/www.creavaltec.com\/inicio\/wp-json\/wp\/v2\/product"}],"about":[{"href":"https:\/\/www.creavaltec.com\/inicio\/wp-json\/wp\/v2\/types\/product"}],"replies":[{"embeddable":true,"href":"https:\/\/www.creavaltec.com\/inicio\/wp-json\/wp\/v2\/comments?post=1598"}],"version-history":[{"count":6,"href":"https:\/\/www.creavaltec.com\/inicio\/wp-json\/wp\/v2\/product\/1598\/revisions"}],"predecessor-version":[{"id":7885,"href":"https:\/\/www.creavaltec.com\/inicio\/wp-json\/wp\/v2\/product\/1598\/revisions\/7885"}],"wp:featuredmedia":[{"embeddable":true,"href":"https:\/\/www.creavaltec.com\/inicio\/wp-json\/wp\/v2\/media\/1730"}],"wp:attachment":[{"href":"https:\/\/www.creavaltec.com\/inicio\/wp-json\/wp\/v2\/media?parent=1598"}],"wp:term":[{"taxonomy":"product_brand","embeddable":true,"href":"https:\/\/www.creavaltec.com\/inicio\/wp-json\/wp\/v2\/product_brand?post=1598"},{"taxonomy":"product_cat","embeddable":true,"href":"https:\/\/www.creavaltec.com\/inicio\/wp-json\/wp\/v2\/product_cat?post=1598"},{"taxonomy":"product_tag","embeddable":true,"href":"https:\/\/www.creavaltec.com\/inicio\/wp-json\/wp\/v2\/product_tag?post=1598"}],"curies":[{"name":"wp","href":"https:\/\/api.w.org\/{rel}","templated":true}]}}