{"id":13198,"date":"2026-01-21T10:08:30","date_gmt":"2026-01-21T15:08:30","guid":{"rendered":"https:\/\/www.creavaltec.com\/inicio\/?post_type=product&#038;p=13198"},"modified":"2026-03-03T08:48:00","modified_gmt":"2026-03-03T13:48:00","slug":"kit-dr400-al-con-2metro-de-cremallera-nylon","status":"publish","type":"product","link":"https:\/\/www.creavaltec.com\/inicio\/tienda\/kit-dr400-al-con-2metro-de-cremallera-nylon\/","title":{"rendered":"KIT Motor Deslizante de Residencia DR400 Kg  NY Con 2metro de Cremallera Nylon Base y Engranaje de Nylon"},"content":{"rendered":"<div class=\"mt2 mb2 \">\n<div class=\"mt2 mb2 \">\n<div class=\"grid-container \">\n<div class=\"block-mini-banner is-product-page\" data-ga-name=\"section-mini-banner\">\n<div class=\"grid-x grid-container align-middle\">\n<div class=\"cell media-cell medium-6 medium-order-2 large-offset-1\">\n<div class=\"block-mini-banner__media\">\n<figure class=\"text-center object-fit--contain\"><span style=\"color: #333333;\"><img decoding=\"async\" class=\"aligncenter\" src=\"https:\/\/backend.intelbras.com\/sites\/default\/files\/styles\/large\/public\/2022-06\/protector-de-surto-de-tension-integrado-dr-400-ny.png\" alt=\"protector-de-surto-de-tension-integrado-dr-400-ny.png\" \/><\/span><\/figure>\n<\/div>\n<\/div>\n<div class=\"cell medium-auto medium-order-1\" style=\"text-align: center;\">\n<div class=\"block-mini-banner__content\">\n<div class=\"mt2 mb2 \">\n<h4 class=\"weight--small-300 weight--large-200 block-mini-banner__title h3\"><span style=\"color: #333333;\">Protector de surto de tensi\u00f3n integrado<\/span><\/h4>\n<\/div>\n<div class=\"text text--300\">\n<div class=\"block-template overflow-hidden\">\n<h6><span style=\"color: #333333;\">Protecci\u00f3n contra sobretensi\u00f3n causada por rayos y oscilaciones de energ\u00eda, garantizando una mayor vida \u00fatil del producto.<\/span><\/h6>\n<\/div>\n<\/div>\n<\/div>\n<\/div>\n<\/div>\n<\/div>\n<\/div>\n<\/div>\n<div class=\"mt2 mb2 \" style=\"text-align: center;\">\n<div class=\"grid-container \">\n<div class=\"block-mini-banner is-product-page\" data-ga-name=\"section-mini-banner\">\n<div class=\"grid-x grid-container align-middle\">\n<div class=\"cell media-cell medium-6\">\n<div class=\"block-mini-banner__media\">\n<figure class=\"text-center object-fit--contain\"><span style=\"color: #333333;\"><img decoding=\"async\" src=\"https:\/\/backend.intelbras.com\/sites\/default\/files\/styles\/large\/public\/2022-06\/base-y-engrenaje-externa-en-nylon.png\" alt=\"base-y-engrenaje-externa-en-nylon.png\" \/><\/span><\/figure>\n<\/div>\n<\/div>\n<div class=\"cell medium-auto\">\n<div class=\"block-mini-banner__content\">\n<div class=\"mt2 mb2 \">\n<h4 class=\"weight--small-300 weight--large-200 block-mini-banner__title h3\"><span style=\"color: #333333;\">Base y engranaje externa en nylon<\/span><\/h4>\n<\/div>\n<div class=\"text text--300\">\n<div class=\"block-template overflow-hidden\">\n<h6><span style=\"color: #333333;\">Producto m\u00e1s accesible sin dejar de lado la comodidad y robustez con \u00f3ptimo costo beneficio.<\/span><\/h6>\n<\/div>\n<\/div>\n<\/div>\n<\/div>\n<\/div>\n<\/div>\n<\/div>\n<\/div>\n<div class=\"mt2 mb2 \" style=\"text-align: center;\">\n<div class=\"grid-container \">\n<div class=\"block-mini-banner is-product-page\" data-ga-name=\"section-mini-banner\">\n<div class=\"grid-x grid-container align-middle\">\n<div class=\"cell media-cell medium-6 medium-order-2 large-offset-1\">\n<div class=\"block-mini-banner__media\">\n<figure class=\"text-center object-fit--contain\"><span style=\"color: #333333;\"><img decoding=\"async\" src=\"https:\/\/backend.intelbras.com\/sites\/default\/files\/styles\/large\/public\/2022-06\/facil-programacion-dr-400-ny.png\" alt=\"facil-programacion-dr-400-ny.png\" \/><\/span><\/figure>\n<\/div>\n<\/div>\n<div class=\"cell medium-auto medium-order-1\">\n<div class=\"block-mini-banner__content\">\n<div class=\"mt2 mb2 \">\n<h4 class=\"weight--small-300 weight--large-200 block-mini-banner__title h3\"><span style=\"color: #333333;\">F\u00e1cil programaci\u00f3n<\/span><\/h4>\n<\/div>\n<div class=\"text text--300\">\n<div class=\"block-template overflow-hidden\">\n<h6><span style=\"color: #333333;\">F\u00e1cil programaci\u00f3n a trav\u00e9s de los LEDs, teclas y buzzer, garantizando m\u00e1s rapidez en la configuraci\u00f3n del equipo.<\/span><\/h6>\n<\/div>\n<\/div>\n<\/div>\n<\/div>\n<\/div>\n<\/div>\n<\/div>\n<\/div>\n<div class=\"mt2 mb2 \" style=\"text-align: center;\">\n<div class=\"grid-container \">\n<div class=\"block-mini-banner is-product-page\" data-ga-name=\"section-mini-banner\">\n<div class=\"grid-x grid-container align-middle\">\n<div class=\"cell media-cell medium-6\">\n<div class=\"block-mini-banner__media\">\n<figure class=\"text-center object-fit--contain\"><span style=\"color: #333333;\"><img decoding=\"async\" src=\"https:\/\/backend.intelbras.com\/sites\/default\/files\/styles\/large\/public\/2022-06\/motor-para-portones-de-hasta-400-kg-dr-400-ny.png\" alt=\"motor-para-portones-de-hasta-400-kg-dr-400-ny.png\" \/><\/span><\/figure>\n<\/div>\n<\/div>\n<div class=\"cell medium-auto\">\n<div class=\"block-mini-banner__content\">\n<div class=\"mt2 mb2 \">\n<h6 class=\"weight--small-300 weight--large-200 block-mini-banner__title h3\"><span style=\"color: #333333;\">Motor para portones de hasta 400 kg<\/span><\/h6>\n<\/div>\n<div class=\"text text--300\">\n<div class=\"block-template overflow-hidden\">\n<h6><span style=\"color: #333333;\">Con el mejor costo beneficio del mercado, posee motor de 1\/4 cv y capacidad de apertura y cierre para portones de hasta 400 kg.<\/span><\/h6>\n<\/div>\n<\/div>\n<\/div>\n<\/div>\n<\/div>\n<\/div>\n<\/div>\n<\/div>\n<div class=\"mt2 mb2 \">\n<div class=\"grid-container \">\n<div class=\"block-mini-banner is-product-page\" data-ga-name=\"section-mini-banner\">\n<div class=\"grid-x grid-container align-middle\">\n<div class=\"cell media-cell medium-6 medium-order-2 large-offset-1\" style=\"text-align: center;\">\n<div class=\"block-mini-banner__media\">\n<figure class=\"text-center object-fit--contain\"><span style=\"color: #333333;\"><img decoding=\"async\" src=\"https:\/\/backend.intelbras.com\/sites\/default\/files\/styles\/large\/public\/2022-06\/certificacion-inmetro-dr-400-ny.jpg\" alt=\"certificacion-inmetro-dr-400-ny.jpg\" \/><\/span><\/figure>\n<\/div>\n<\/div>\n<div class=\"cell medium-auto medium-order-1\">\n<div class=\"block-mini-banner__content\">\n<div class=\"mt2 mb2 \" style=\"text-align: center;\">\n<h4 class=\"weight--small-300 weight--large-200 block-mini-banner__title h3\"><span style=\"color: #333333;\">Certificaci\u00f3n INMETRO<\/span><\/h4>\n<\/div>\n<div class=\"text text--300\">\n<div class=\"block-template overflow-hidden\">\n<h6 style=\"text-align: center;\"><span style=\"color: #333333;\">El automatizador DR 400 NY est\u00e1 certificado de acuerdo con el decreto 371\/2009 de INMETRO.<\/span><\/h6>\n<\/div>\n<\/div>\n<\/div>\n<\/div>\n<\/div>\n<\/div>\n<\/div>\n<\/div>\n<h4><\/h4>\n<h4 class=\"weight--small-300 weight--large-200 block-mini-banner__title h3\" style=\"text-align: center;\"><span style=\"color: #333333;\">Protector de surto de tensi\u00f3n integrado<\/span><\/h4>\n<\/div>\n<div class=\"text text--300\">\n<div class=\"block-template overflow-hidden\">\n<h6 style=\"text-align: center;\"><span style=\"color: #333333;\">Protecci\u00f3n contra sobretensi\u00f3n causada por rayos y oscilaciones de energ\u00eda, garantizando una mayor vida \u00fatil del producto.<\/span><\/h6>\n<div class=\"mt2 mb2 \" style=\"text-align: center;\">\n<h4 class=\"weight--small-300 weight--large-200 block-mini-banner__title h3\"><span dir=\"auto\" style=\"color: #333333;\">Base y engranaje externa en NYLON<\/span><\/h4>\n<\/div>\n<div class=\"text text--300\">\n<div class=\"block-template overflow-hidden\">\n<h6 style=\"text-align: center;\"><span style=\"color: #333333;\">Producto m\u00e1s accesible sin dejar de lado la comodidad y robustez con \u00f3ptimo costo beneficio.<\/span><\/h6>\n<div class=\"mt2 mb2 \" style=\"text-align: center;\">\n<h4 class=\"weight--small-300 weight--large-200 block-mini-banner__title h3\"><span style=\"color: #333333;\">F\u00e1cil programaci\u00f3n<\/span><\/h4>\n<\/div>\n<div class=\"text text--300\">\n<div class=\"block-template overflow-hidden\">\n<h6 style=\"text-align: center;\"><span style=\"color: #333333;\">F\u00e1cil programaci\u00f3n a trav\u00e9s de los LEDs, teclas y buzzer, garantizando m\u00e1s rapidez en la configuraci\u00f3n del equipo.<\/span><\/h6>\n<div class=\"mt2 mb2 \" style=\"text-align: center;\">\n<h4 class=\"weight--small-300 weight--large-200 block-mini-banner__title h3\"><span style=\"color: #333333;\">Motor para portones de hasta 400 kg<\/span><\/h4>\n<\/div>\n<div class=\"text text--300\">\n<div class=\"block-template overflow-hidden\">\n<h6 style=\"text-align: center;\"><span style=\"color: #333333;\">Con el mejor costo beneficio del mercado, posee motor de 1\/4 cv y capacidad de apertura y cierre para portones de hasta 400 kg.<\/span><\/h6>\n<div class=\"mt2 mb2 \" style=\"text-align: center;\">\n<h4 class=\"weight--small-300 weight--large-200 block-mini-banner__title h3\"><span style=\"color: #333333;\">Certificaci\u00f3n INMETRO<\/span><\/h4>\n<\/div>\n<div class=\"text text--300\">\n<div class=\"block-template overflow-hidden\">\n<h6 style=\"text-align: center;\"><span style=\"color: #333333;\">El automatizador DR 400 NY est\u00e1 certificado de acuerdo con el decreto 371\/2009 de INMETRO.<\/span><\/h6>\n<\/div>\n<\/div>\n<p>&nbsp;<\/p>\n<\/div>\n<\/div>\n<\/div>\n<\/div>\n<\/div>\n<\/div>\n<\/div>\n<\/div>\n","protected":false},"excerpt":{"rendered":"<h4><span style=\"color: #008000;\">Con el DR 400 NY, usted tiene una mayor comodidad, robustez y seguridad en la abertura y cierre de portones de hasta 400 kg.<\/span><\/h4>\n<h4><span style=\"color: #008000;\"><b>Comodidad sin Sacrificar Robustez<\/b><\/span><\/h4>\n<div class=\"mt2 mb2 \"><\/div>\n<div class=\"text text--300\">\n<div class=\"block-template overflow-hidden\">\n<p>&nbsp;<\/p>\n<div class=\"mt2 mb2 \"><\/div>\n<p>&nbsp;<\/p>\n<\/div>\n<\/div>\n","protected":false},"featured_media":13371,"comment_status":"closed","ping_status":"closed","template":"","meta":{"site-sidebar-layout":"default","site-content-layout":"","ast-site-content-layout":"default","site-content-style":"default","site-sidebar-style":"default","ast-global-header-display":"","ast-banner-title-visibility":"","ast-main-header-display":"","ast-hfb-above-header-display":"","ast-hfb-below-header-display":"","ast-hfb-mobile-header-display":"","site-post-title":"","ast-breadcrumbs-content":"","ast-featured-img":"","footer-sml-layout":"","theme-transparent-header-meta":"default","adv-header-id-meta":"","stick-header-meta":"","header-above-stick-meta":"","header-main-stick-meta":"","header-below-stick-meta":"","astra-migrate-meta-layouts":"set","ast-page-background-enabled":"default","ast-page-background-meta":{"desktop":{"background-color":"","background-image":"","background-repeat":"repeat","background-position":"center center","background-size":"auto","background-attachment":"scroll","background-type":"","background-media":"","overlay-type":"","overlay-color":"","overlay-opacity":"","overlay-gradient":""},"tablet":{"background-color":"","background-image":"","background-repeat":"repeat","background-position":"center center","background-size":"auto","background-attachment":"scroll","background-type":"","background-media":"","overlay-type":"","overlay-color":"","overlay-opacity":"","overlay-gradient":""},"mobile":{"background-color":"","background-image":"","background-repeat":"repeat","background-position":"center center","background-size":"auto","background-attachment":"scroll","background-type":"","background-media":"","overlay-type":"","overlay-color":"","overlay-opacity":"","overlay-gradient":""}},"ast-content-background-meta":{"desktop":{"background-color":"var(--ast-global-color-5)","background-image":"","background-repeat":"repeat","background-position":"center center","background-size":"auto","background-attachment":"scroll","background-type":"","background-media":"","overlay-type":"","overlay-color":"","overlay-opacity":"","overlay-gradient":""},"tablet":{"background-color":"var(--ast-global-color-5)","background-image":"","background-repeat":"repeat","background-position":"center center","background-size":"auto","background-attachment":"scroll","background-type":"","background-media":"","overlay-type":"","overlay-color":"","overlay-opacity":"","overlay-gradient":""},"mobile":{"background-color":"var(--ast-global-color-5)","background-image":"","background-repeat":"repeat","background-position":"center center","background-size":"auto","background-attachment":"scroll","background-type":"","background-media":"","overlay-type":"","overlay-color":"","overlay-opacity":"","overlay-gradient":""}}},"product_brand":[],"product_cat":[222],"product_tag":[],"class_list":{"0":"post-13198","1":"product","2":"type-product","3":"status-publish","4":"has-post-thumbnail","6":"product_cat-motor_automatizador","7":"desktop-align-left","8":"tablet-align-left","9":"mobile-align-left","11":"first","12":"instock","13":"taxable","14":"shipping-taxable","15":"purchasable","16":"product-type-simple"},"jetpack_sharing_enabled":true,"_links":{"self":[{"href":"https:\/\/www.creavaltec.com\/inicio\/wp-json\/wp\/v2\/product\/13198","targetHints":{"allow":["GET"]}}],"collection":[{"href":"https:\/\/www.creavaltec.com\/inicio\/wp-json\/wp\/v2\/product"}],"about":[{"href":"https:\/\/www.creavaltec.com\/inicio\/wp-json\/wp\/v2\/types\/product"}],"replies":[{"embeddable":true,"href":"https:\/\/www.creavaltec.com\/inicio\/wp-json\/wp\/v2\/comments?post=13198"}],"version-history":[{"count":9,"href":"https:\/\/www.creavaltec.com\/inicio\/wp-json\/wp\/v2\/product\/13198\/revisions"}],"predecessor-version":[{"id":13411,"href":"https:\/\/www.creavaltec.com\/inicio\/wp-json\/wp\/v2\/product\/13198\/revisions\/13411"}],"wp:featuredmedia":[{"embeddable":true,"href":"https:\/\/www.creavaltec.com\/inicio\/wp-json\/wp\/v2\/media\/13371"}],"wp:attachment":[{"href":"https:\/\/www.creavaltec.com\/inicio\/wp-json\/wp\/v2\/media?parent=13198"}],"wp:term":[{"taxonomy":"product_brand","embeddable":true,"href":"https:\/\/www.creavaltec.com\/inicio\/wp-json\/wp\/v2\/product_brand?post=13198"},{"taxonomy":"product_cat","embeddable":true,"href":"https:\/\/www.creavaltec.com\/inicio\/wp-json\/wp\/v2\/product_cat?post=13198"},{"taxonomy":"product_tag","embeddable":true,"href":"https:\/\/www.creavaltec.com\/inicio\/wp-json\/wp\/v2\/product_tag?post=13198"}],"curies":[{"name":"wp","href":"https:\/\/api.w.org\/{rel}","templated":true}]}}