{"id":11578,"date":"2025-03-13T11:31:49","date_gmt":"2025-03-13T16:31:49","guid":{"rendered":"https:\/\/www.creavaltec.com\/inicio\/?post_type=product&#038;p=11578"},"modified":"2026-04-23T10:25:24","modified_gmt":"2026-04-23T15:25:24","slug":"controladora-de-carga-tecnologia-mppt-ecm-6048","status":"publish","type":"product","link":"https:\/\/www.creavaltec.com\/inicio\/tienda\/controladora-de-carga-tecnologia-mppt-ecm-6048\/","title":{"rendered":"CONTROLADORA DE CARGA TECNOLOGIA MPPT ECM 6048"},"content":{"rendered":"<div class=\"row row-interc\">\n<div class=\"col-sm-6\">\n<div class=\"col-content\">\n<div class=\"mt2 mb2 \">\n<div class=\"grid-container \">\n<div class=\"block-mini-banner is-product-page\" data-ga-name=\"section-mini-banner\">\n<div class=\"grid-x grid-container align-middle\">\n<div class=\"cell media-cell medium-6 medium-order-2 large-offset-1\">\n<div class=\"block-mini-banner__media\">\n<figure>\n<div class=\"mt2 mb2 \">\n<h4 class=\"weight--small-300 weight--large-200 block-mini-banner__title h3\" style=\"text-align: center\">Integraci\u00f3n con el portafolio de Intelbras<\/h4>\n<\/div>\n<div class=\"text text--300\" style=\"text-align: center\">\n<div class=\"block-template overflow-hidden\">\n<h6>Nuestros productos off-grid permiten la creaci\u00f3n de sistemas fotovoltaicos aut\u00f3nomos para alimentar todos los equipos del portafolio de Intelbras, como c\u00e1maras de seguridad (CCTV y Vehicular), radios exteriores, entre otros.<\/h6>\n<\/div>\n<\/div>\n<\/figure>\n<figure class=\"text-center object-fit--contain\"><img decoding=\"async\" class=\"aligncenter\" src=\"https:\/\/backend.intelbras.com\/sites\/default\/files\/styles\/large\/public\/2020-02\/FlyerDigital_ECM-6048_01.jpg\" alt=\"FlyerDigital_ECM-6048_01\" \/><\/figure>\n<\/div>\n<\/div>\n<div class=\"cell medium-auto medium-order-1\" style=\"text-align: center\">\n<div class=\"block-mini-banner__content\">\n<h6 class=\"mt2 mb2 \"><\/h6>\n<div class=\"text text--300\">\n<div class=\"block-template overflow-hidden\">\n<div class=\"mt2 mb2 \">\n<h6 class=\"weight--small-300 weight--large-200 block-mini-banner__title h3\">Salida de carga configurable f<span style=\"font-size: 16px\">\u00e1cil de programar la activaci\u00f3n\/desactivaci\u00f3n de la salida de carga con 5 modos de programaci\u00f3n disponibles.<\/span><\/h6>\n<\/div>\n<\/div>\n<\/div>\n<\/div>\n<\/div>\n<\/div>\n<\/div>\n<\/div>\n<\/div>\n<div class=\"mt2 mb2 \" style=\"text-align: center\">\n<div class=\"grid-container \">\n<div class=\"block-mini-banner is-product-page\" data-ga-name=\"section-mini-banner\">\n<div class=\"grid-x grid-container align-middle\">\n<div class=\"cell media-cell medium-6\">\n<div class=\"block-mini-banner__media\">\n<figure class=\"text-center object-fit--contain\"><img decoding=\"async\" src=\"https:\/\/backend.intelbras.com\/sites\/default\/files\/styles\/large\/public\/2020-02\/FlyerDigital_ECM-6048_03.jpg\" alt=\"FlyerDigital_ECM-6048_03\" \/><\/figure>\n<\/div>\n<\/div>\n<div class=\"cell medium-auto\">\n<div class=\"block-mini-banner__content\">\n<div class=\"mt2 mb2 \"><\/div>\n<div class=\"text text--300\">\n<div class=\"block-template overflow-hidden\">\n<div class=\"mt2 mb2 \">\n<h6 class=\"weight--small-300 weight--large-200 block-mini-banner__title h3\">Alto rendimiento con tecnolog\u00eda <span style=\"font-size: 16px\">avanzada <\/span>MPPT<span style=\"font-size: 16px\">\u00a0aprovechas al m\u00e1ximo la energ\u00eda generada por el m\u00f3dulo para cargar la bater\u00eda de tu sistema Off Grid.<\/span><\/h6>\n<\/div>\n<\/div>\n<\/div>\n<\/div>\n<\/div>\n<\/div>\n<\/div>\n<\/div>\n<\/div>\n<div class=\"mt2 mb2 \" style=\"text-align: center\">\n<div class=\"grid-container \">\n<div class=\"block-mini-banner is-product-page\" data-ga-name=\"section-mini-banner\">\n<div class=\"grid-x grid-container align-middle\">\n<div class=\"cell media-cell medium-6 medium-order-2 large-offset-1\">\n<div class=\"block-mini-banner__media\">\n<figure class=\"text-center object-fit--contain\"><img decoding=\"async\" src=\"https:\/\/backend.intelbras.com\/sites\/default\/files\/styles\/large\/public\/2020-02\/FlyerDigital_ECM-6048_04.jpg\" alt=\"FlyerDigital_ECM-6048_04\" \/><\/figure>\n<\/div>\n<\/div>\n<div class=\"cell medium-auto medium-order-1\">\n<div class=\"block-mini-banner__content\">\n<div class=\"mt2 mb2 \"><\/div>\n<div class=\"text text--300\">\n<div class=\"block-template overflow-hidden\">\n<div class=\"mt2 mb2 \">\n<h6 class=\"weight--small-300 weight--large-200 block-mini-banner__title h3\">Registro INMETRO e<span style=\"font-size: 16px\">l controlador ECM 6048 est\u00e1 registrado de acuerdo con la ordenanza INMETRO n.\u00ba 140 del 21\/03\/2022.<\/span><\/h6>\n<\/div>\n<\/div>\n<\/div>\n<\/div>\n<\/div>\n<\/div>\n<\/div>\n<\/div>\n<\/div>\n<div class=\"mt2 mb2 \">\n<div class=\"grid-container \">\n<div class=\"block-mini-banner is-product-page\" data-ga-name=\"section-mini-banner\">\n<div class=\"grid-x grid-container align-middle\">\n<div class=\"cell media-cell medium-6\">\n<div class=\"block-mini-banner__media\">\n<figure class=\"text-center object-fit--contain\"><img fetchpriority=\"high\" decoding=\"async\" class=\"aligncenter\" src=\"https:\/\/backend.intelbras.com\/sites\/default\/files\/styles\/large\/public\/2023-06\/registro-inmetro-ecm-6048.png\" alt=\"registro-inmetro-ecm-6048.png\" width=\"458\" height=\"281\" \/><\/figure>\n<h6 style=\"text-align: center\">\u00bb Tecnolog\u00eda: MPPT<br \/>\n\u00bb F\u00e1cil instalaci\u00f3n<br \/>\n\u00bb Pantalla f\u00e1cil de usar con operaciones intuitivas<br \/>\n\u00bb Salida de carga configurable: 5 modos de control disponible<br \/>\n\u00bb Identificaci\u00f3n autom\u00e1tica del voltaje del sistema (12 V o 24V)<\/h6>\n<h6 style=\"text-align: center\">Corriente m\u00e1xima de carga de la bater\u00eda 60 A<br \/>\nCorriente m\u00e1xima en salida de carga 20 A<\/h6>\n<\/div>\n<\/div>\n<\/div>\n<\/div>\n<\/div>\n<\/div>\n<\/div>\n<\/div>\n<\/div>\n","protected":false},"excerpt":{"rendered":"<h4><span style=\"color: #008000\">El controlador de carga se instala entre el m\u00f3dulo fotovoltaica y bater\u00eda, es el dispositivo que se utiliza para gestionar y controlar el proceso de carga y descarga del banco de bater\u00edas. Proteger, optimizar y prolongando la vida \u00fatil de la bater\u00eda con lo avanzado tecnolog\u00eda de seguimiento de puntos m\u00e1s grande potencia del m\u00f3dulo fotovoltaico, los controladores MPPT garantiza el m\u00e1ximo uso de la energ\u00eda generada para el sistema Off Grid.<\/span><\/h4>\n","protected":false},"featured_media":11637,"comment_status":"closed","ping_status":"closed","template":"","meta":{"site-sidebar-layout":"default","site-content-layout":"default","ast-site-content-layout":"default","site-content-style":"default","site-sidebar-style":"default","ast-global-header-display":"","ast-banner-title-visibility":"","ast-main-header-display":"","ast-hfb-above-header-display":"","ast-hfb-below-header-display":"","ast-hfb-mobile-header-display":"","site-post-title":"","ast-breadcrumbs-content":"","ast-featured-img":"","footer-sml-layout":"","theme-transparent-header-meta":"default","adv-header-id-meta":"","stick-header-meta":"","header-above-stick-meta":"","header-main-stick-meta":"","header-below-stick-meta":"","astra-migrate-meta-layouts":"set","ast-page-background-enabled":"default","ast-page-background-meta":{"desktop":{"background-color":"","background-image":"","background-repeat":"repeat","background-position":"center center","background-size":"auto","background-attachment":"scroll","background-type":"","background-media":"","overlay-type":"","overlay-color":"","overlay-opacity":"","overlay-gradient":""},"tablet":{"background-color":"","background-image":"","background-repeat":"repeat","background-position":"center center","background-size":"auto","background-attachment":"scroll","background-type":"","background-media":"","overlay-type":"","overlay-color":"","overlay-opacity":"","overlay-gradient":""},"mobile":{"background-color":"","background-image":"","background-repeat":"repeat","background-position":"center center","background-size":"auto","background-attachment":"scroll","background-type":"","background-media":"","overlay-type":"","overlay-color":"","overlay-opacity":"","overlay-gradient":""}},"ast-content-background-meta":{"desktop":{"background-color":"var(--ast-global-color-5)","background-image":"","background-repeat":"repeat","background-position":"center center","background-size":"auto","background-attachment":"scroll","background-type":"","background-media":"","overlay-type":"","overlay-color":"","overlay-opacity":"","overlay-gradient":""},"tablet":{"background-color":"var(--ast-global-color-5)","background-image":"","background-repeat":"repeat","background-position":"center center","background-size":"auto","background-attachment":"scroll","background-type":"","background-media":"","overlay-type":"","overlay-color":"","overlay-opacity":"","overlay-gradient":""},"mobile":{"background-color":"var(--ast-global-color-5)","background-image":"","background-repeat":"repeat","background-position":"center center","background-size":"auto","background-attachment":"scroll","background-type":"","background-media":"","overlay-type":"","overlay-color":"","overlay-opacity":"","overlay-gradient":""}}},"product_brand":[],"product_cat":[309,135],"product_tag":[],"class_list":{"0":"post-11578","1":"product","2":"type-product","3":"status-publish","4":"has-post-thumbnail","6":"product_cat-bateria","7":"product_cat-luminaria-solar","8":"desktop-align-left","9":"tablet-align-left","10":"mobile-align-left","12":"first","13":"instock","14":"taxable","15":"shipping-taxable","16":"purchasable","17":"product-type-simple"},"jetpack_sharing_enabled":true,"_links":{"self":[{"href":"https:\/\/www.creavaltec.com\/inicio\/wp-json\/wp\/v2\/product\/11578","targetHints":{"allow":["GET"]}}],"collection":[{"href":"https:\/\/www.creavaltec.com\/inicio\/wp-json\/wp\/v2\/product"}],"about":[{"href":"https:\/\/www.creavaltec.com\/inicio\/wp-json\/wp\/v2\/types\/product"}],"replies":[{"embeddable":true,"href":"https:\/\/www.creavaltec.com\/inicio\/wp-json\/wp\/v2\/comments?post=11578"}],"version-history":[{"count":6,"href":"https:\/\/www.creavaltec.com\/inicio\/wp-json\/wp\/v2\/product\/11578\/revisions"}],"predecessor-version":[{"id":13770,"href":"https:\/\/www.creavaltec.com\/inicio\/wp-json\/wp\/v2\/product\/11578\/revisions\/13770"}],"wp:featuredmedia":[{"embeddable":true,"href":"https:\/\/www.creavaltec.com\/inicio\/wp-json\/wp\/v2\/media\/11637"}],"wp:attachment":[{"href":"https:\/\/www.creavaltec.com\/inicio\/wp-json\/wp\/v2\/media?parent=11578"}],"wp:term":[{"taxonomy":"product_brand","embeddable":true,"href":"https:\/\/www.creavaltec.com\/inicio\/wp-json\/wp\/v2\/product_brand?post=11578"},{"taxonomy":"product_cat","embeddable":true,"href":"https:\/\/www.creavaltec.com\/inicio\/wp-json\/wp\/v2\/product_cat?post=11578"},{"taxonomy":"product_tag","embeddable":true,"href":"https:\/\/www.creavaltec.com\/inicio\/wp-json\/wp\/v2\/product_tag?post=11578"}],"curies":[{"name":"wp","href":"https:\/\/api.w.org\/{rel}","templated":true}]}}