{"id":11571,"date":"2025-03-20T11:54:38","date_gmt":"2025-03-20T16:54:38","guid":{"rendered":"https:\/\/www.creavaltec.com\/inicio\/?post_type=product&#038;p=11571"},"modified":"2026-04-16T09:26:54","modified_gmt":"2026-04-16T14:26:54","slug":"lampara-de-pared-solar-asi-220-luz-amarilla","status":"publish","type":"product","link":"https:\/\/www.creavaltec.com\/inicio\/tienda\/lampara-de-pared-solar-asi-220-luz-amarilla\/","title":{"rendered":"L\u00e1mpara de pared solar ASI 220 &#8211; Luz Amarilla"},"content":{"rendered":"<div class=\"mt2 mb2 \">\n<div class=\"grid-container \">\n<div class=\"block-mini-banner is-product-page\" data-ga-name=\"section-mini-banner\">\n<div class=\"grid-x grid-container align-middle\">\n<div class=\"cell media-cell medium-6 medium-order-2 large-offset-1\">\n<div class=\"block-mini-banner__media\">\n<figure class=\"text-center object-fit--contain\"><img decoding=\"async\" class=\"aligncenter\" src=\"https:\/\/backend.intelbras.com\/sites\/default\/files\/styles\/large\/public\/2023-10\/lumin%C3%A1ria_noite_dia2_branco.png\" alt=\"luz blanca inal\u00e1mbrica asi 220.jpg\" \/><\/figure>\n<p style=\"text-align: center\"><span class=\"text text--300\"><em>* Imagen ilustrativa<\/em><\/span><\/p>\n<\/div>\n<\/div>\n<div class=\"cell medium-auto medium-order-1\" style=\"text-align: center\">\n<div class=\"block-mini-banner__content\">\n<div class=\"mt2 mb2 \">\n<h4 class=\"weight--small-300 weight--large-200 block-mini-banner__title h3\">Autonom\u00eda<\/h4>\n<\/div>\n<div class=\"text text--300\">\n<h6 class=\"block-template overflow-hidden\">Funciona hasta 3 noches incluso sin generaci\u00f3n de energ\u00eda solar para cargar.<\/h6>\n<\/div>\n<\/div>\n<\/div>\n<\/div>\n<\/div>\n<\/div>\n<\/div>\n<div class=\"mt2 mb2 \" style=\"text-align: center\">\n<div class=\"grid-container \">\n<div class=\"block-mini-banner is-product-page\" data-ga-name=\"section-mini-banner\">\n<div class=\"grid-x grid-container align-middle\">\n<div class=\"cell media-cell medium-6\">\n<div class=\"block-mini-banner__media\">\n<figure class=\"text-center object-fit--contain\"><img decoding=\"async\" src=\"https:\/\/backend.intelbras.com\/sites\/default\/files\/styles\/large\/public\/2022-06\/acionamento-automatico-asi-220-luz-branca.jpg\" alt=\"transmisi\u00f3n autom\u00e1tica asi-220-luz blanca.jpg\" \/><\/figure>\n<p><span class=\"text text--300\"><em>* Imagen ilustrativa<\/em><\/span><\/p>\n<\/div>\n<\/div>\n<div class=\"cell medium-auto\">\n<div class=\"block-mini-banner__content\">\n<div class=\"mt2 mb2 \">\n<h4 class=\"weight--small-300 weight--large-200 block-mini-banner__title h3\">Conducci\u00f3n autom\u00e1tica<\/h4>\n<\/div>\n<div class=\"text text--300\">\n<div class=\"block-template overflow-hidden\">\n<h6>Permanece apagado durante el d\u00eda y se enciende autom\u00e1ticamente al anochecer.<\/h6>\n<\/div>\n<\/div>\n<\/div>\n<\/div>\n<\/div>\n<\/div>\n<\/div>\n<\/div>\n<div class=\"mt2 mb2 \" style=\"text-align: center\">\n<div class=\"grid-container \">\n<div class=\"block-mini-banner is-product-page\" data-ga-name=\"section-mini-banner\">\n<div class=\"grid-x grid-container align-middle\">\n<div class=\"cell media-cell medium-6 medium-order-2 large-offset-1\">\n<div class=\"block-mini-banner__media\">\n<figure class=\"text-center object-fit--contain\"><img decoding=\"async\" src=\"https:\/\/backend.intelbras.com\/sites\/default\/files\/styles\/large\/public\/2023-10\/autonomia_ASI_220.jpg\" alt=\"autonom\u00eda_ASI_220.jpg\" \/><\/figure>\n<p><span class=\"text text--300\"><em>* Imagen ilustrativa<\/em><\/span><\/p>\n<\/div>\n<\/div>\n<div class=\"cell medium-auto medium-order-1\">\n<div class=\"block-mini-banner__content\">\n<div class=\"mt2 mb2 \">\n<h4 class=\"weight--small-300 weight--large-200 block-mini-banner__title h3\">Sin cables<\/h4>\n<\/div>\n<div class=\"text text--300\">\n<div class=\"block-template overflow-hidden\">\n<h6>Se instala f\u00e1cilmente sin tener que preocuparse de cables ni de conexi\u00f3n a la red el\u00e9ctrica convencional. Simplemente f\u00edjelo a la pared hasta 3 metros de altura.<\/h6>\n<\/div>\n<\/div>\n<\/div>\n<\/div>\n<\/div>\n<\/div>\n<\/div>\n<\/div>\n<div class=\"mt2 mb2 \">\n<div class=\"grid-container \">\n<div class=\"block-mini-banner is-product-page\" data-ga-name=\"section-mini-banner\">\n<div class=\"grid-x grid-container align-middle\">\n<div class=\"cell media-cell medium-6\" style=\"text-align: center\">\n<div class=\"block-mini-banner__media\">\n<figure class=\"text-center object-fit--contain\"><img decoding=\"async\" src=\"https:\/\/backend.intelbras.com\/sites\/default\/files\/styles\/large\/public\/2022-06\/ilumina%C3%A7%C3%A3o-indireta-asi-220-luz-branca.jpg\" alt=\"iluminaci\u00f3n indirecta asi-220 luz blanca.jpg\" \/><\/figure>\n<p><span class=\"text text--300\"><em>* Imagen ilustrativa<\/em><\/span><\/p>\n<\/div>\n<\/div>\n<div class=\"cell medium-auto\">\n<div class=\"block-mini-banner__content\">\n<div class=\"mt2 mb2 \" style=\"text-align: center\">\n<h4 class=\"weight--small-300 weight--large-200 block-mini-banner__title h3\">Iluminaci\u00f3n indirecta<\/h4>\n<\/div>\n<div class=\"text text--300\">\n<div class=\"block-template overflow-hidden\">\n<h6 style=\"text-align: center\">Con la intensidad adecuada para hacer m\u00e1s confortable y acogedor el ambiente de tu<\/h6>\n<h6 style=\"text-align: center\">espacio exterior.<\/h6>\n<\/div>\n<\/div>\n<\/div>\n<\/div>\n<\/div>\n<\/div>\n<\/div>\n<\/div>\n","protected":false},"excerpt":{"rendered":"<h4 class=\"mb2 hero-title-product h2 large-h3\"><span style=\"color: #008000\">L\u00e1mpara de pared solar luz amarilla, u<\/span><span style=\"color: #008000;font-size: 20.8px\">na soluci\u00f3n completa para casas y condominios, con sensor de presencia e iluminaci\u00f3n con luces disponibles en color blanco<\/span><\/h4>\n","protected":false},"featured_media":11613,"comment_status":"closed","ping_status":"closed","template":"","meta":{"site-sidebar-layout":"default","site-content-layout":"default","ast-site-content-layout":"default","site-content-style":"default","site-sidebar-style":"default","ast-global-header-display":"","ast-banner-title-visibility":"","ast-main-header-display":"","ast-hfb-above-header-display":"","ast-hfb-below-header-display":"","ast-hfb-mobile-header-display":"","site-post-title":"","ast-breadcrumbs-content":"","ast-featured-img":"","footer-sml-layout":"","theme-transparent-header-meta":"default","adv-header-id-meta":"","stick-header-meta":"","header-above-stick-meta":"","header-main-stick-meta":"","header-below-stick-meta":"","astra-migrate-meta-layouts":"set","ast-page-background-enabled":"default","ast-page-background-meta":{"desktop":{"background-color":"","background-image":"","background-repeat":"repeat","background-position":"center center","background-size":"auto","background-attachment":"scroll","background-type":"","background-media":"","overlay-type":"","overlay-color":"","overlay-opacity":"","overlay-gradient":""},"tablet":{"background-color":"","background-image":"","background-repeat":"repeat","background-position":"center center","background-size":"auto","background-attachment":"scroll","background-type":"","background-media":"","overlay-type":"","overlay-color":"","overlay-opacity":"","overlay-gradient":""},"mobile":{"background-color":"","background-image":"","background-repeat":"repeat","background-position":"center center","background-size":"auto","background-attachment":"scroll","background-type":"","background-media":"","overlay-type":"","overlay-color":"","overlay-opacity":"","overlay-gradient":""}},"ast-content-background-meta":{"desktop":{"background-color":"var(--ast-global-color-5)","background-image":"","background-repeat":"repeat","background-position":"center center","background-size":"auto","background-attachment":"scroll","background-type":"","background-media":"","overlay-type":"","overlay-color":"","overlay-opacity":"","overlay-gradient":""},"tablet":{"background-color":"var(--ast-global-color-5)","background-image":"","background-repeat":"repeat","background-position":"center center","background-size":"auto","background-attachment":"scroll","background-type":"","background-media":"","overlay-type":"","overlay-color":"","overlay-opacity":"","overlay-gradient":""},"mobile":{"background-color":"var(--ast-global-color-5)","background-image":"","background-repeat":"repeat","background-position":"center center","background-size":"auto","background-attachment":"scroll","background-type":"","background-media":"","overlay-type":"","overlay-color":"","overlay-opacity":"","overlay-gradient":""}}},"product_brand":[],"product_cat":[221,135],"product_tag":[],"class_list":{"0":"post-11571","1":"product","2":"type-product","3":"status-publish","4":"has-post-thumbnail","6":"product_cat-iluminacion-fuentes-cerraduras","7":"product_cat-luminaria-solar","8":"desktop-align-left","9":"tablet-align-left","10":"mobile-align-left","12":"first","13":"instock","14":"taxable","15":"shipping-taxable","16":"purchasable","17":"product-type-simple"},"jetpack_sharing_enabled":true,"_links":{"self":[{"href":"https:\/\/www.creavaltec.com\/inicio\/wp-json\/wp\/v2\/product\/11571","targetHints":{"allow":["GET"]}}],"collection":[{"href":"https:\/\/www.creavaltec.com\/inicio\/wp-json\/wp\/v2\/product"}],"about":[{"href":"https:\/\/www.creavaltec.com\/inicio\/wp-json\/wp\/v2\/types\/product"}],"replies":[{"embeddable":true,"href":"https:\/\/www.creavaltec.com\/inicio\/wp-json\/wp\/v2\/comments?post=11571"}],"version-history":[{"count":5,"href":"https:\/\/www.creavaltec.com\/inicio\/wp-json\/wp\/v2\/product\/11571\/revisions"}],"predecessor-version":[{"id":13701,"href":"https:\/\/www.creavaltec.com\/inicio\/wp-json\/wp\/v2\/product\/11571\/revisions\/13701"}],"wp:featuredmedia":[{"embeddable":true,"href":"https:\/\/www.creavaltec.com\/inicio\/wp-json\/wp\/v2\/media\/11613"}],"wp:attachment":[{"href":"https:\/\/www.creavaltec.com\/inicio\/wp-json\/wp\/v2\/media?parent=11571"}],"wp:term":[{"taxonomy":"product_brand","embeddable":true,"href":"https:\/\/www.creavaltec.com\/inicio\/wp-json\/wp\/v2\/product_brand?post=11571"},{"taxonomy":"product_cat","embeddable":true,"href":"https:\/\/www.creavaltec.com\/inicio\/wp-json\/wp\/v2\/product_cat?post=11571"},{"taxonomy":"product_tag","embeddable":true,"href":"https:\/\/www.creavaltec.com\/inicio\/wp-json\/wp\/v2\/product_tag?post=11571"}],"curies":[{"name":"wp","href":"https:\/\/api.w.org\/{rel}","templated":true}]}}