{"id":11565,"date":"2025-03-20T11:55:40","date_gmt":"2025-03-20T16:55:40","guid":{"rendered":"https:\/\/www.creavaltec.com\/inicio\/?post_type=product&#038;p=11565"},"modified":"2025-04-15T16:44:02","modified_gmt":"2025-04-15T21:44:02","slug":"bateria-estacionaria-de-plomo-acido-de-12-v-eb-1260","status":"publish","type":"product","link":"https:\/\/www.creavaltec.com\/inicio\/tienda\/bateria-estacionaria-de-plomo-acido-de-12-v-eb-1260\/","title":{"rendered":"Bater\u00eda estacionaria de plomo-\u00e1cido de 12 V &#8211; 60ah  EB 1260"},"content":{"rendered":"<div class=\"mt2 mb2 \">\n<div class=\"grid-container \">\n<div class=\"block-mini-banner is-product-page\" data-ga-name=\"section-mini-banner\">\n<div class=\"grid-x grid-container align-middle\">\n<div class=\"cell media-cell medium-6 medium-order-2 large-offset-1\">\n<div class=\"block-mini-banner__media\">\n<figure class=\"text-center object-fit--contain\"><img decoding=\"async\" class=\"aligncenter\" src=\"https:\/\/backend.intelbras.com\/sites\/default\/files\/styles\/large\/public\/2022-08\/Flyer_EB_1245_553x383px_01.png\" alt=\"Volante_EB_1245_553x383px_01.png\" \/><\/figure>\n<\/div>\n<\/div>\n<div class=\"cell medium-auto medium-order-1\">\n<div class=\"block-mini-banner__content\">\n<div class=\"mt2 mb2 \">\n<h4 class=\"weight--small-300 weight--large-200 block-mini-banner__title h3\" style=\"text-align: center;\">Seguro de calidad<\/h4>\n<\/div>\n<div class=\"text text--300\">\n<div class=\"block-template overflow-hidden\">\n<h6 style=\"text-align: center;\">Desarrollado bajo estrictos criterios de calidad y est\u00e1ndares medioambientales, el EB 1260 es un acumulador de energ\u00eda de alto rendimiento y fiabilidad.<\/h6>\n<\/div>\n<\/div>\n<\/div>\n<\/div>\n<\/div>\n<\/div>\n<\/div>\n<\/div>\n<div class=\"mt2 mb2 \">\n<div class=\"grid-container \">\n<div class=\"block-mini-banner is-product-page\" data-ga-name=\"section-mini-banner\">\n<div class=\"grid-x grid-container align-middle\">\n<div class=\"cell media-cell medium-6\">\n<div class=\"block-mini-banner__media\">\n<figure class=\"text-center object-fit--contain\"><img decoding=\"async\" class=\"aligncenter\" src=\"https:\/\/backend.intelbras.com\/sites\/default\/files\/styles\/large\/public\/2022-08\/Flyer_EB_1245_553x383px_02.png\" alt=\"Volante_EB_1245_553x383px_02.png\" \/><\/figure>\n<\/div>\n<\/div>\n<div class=\"cell medium-auto\">\n<div class=\"block-mini-banner__content\">\n<div class=\"mt2 mb2 \">\n<h4 class=\"weight--small-300 weight--large-200 block-mini-banner__title h3\" style=\"text-align: center;\">M\u00e1s seguridad<\/h4>\n<\/div>\n<div class=\"text text--300\">\n<div class=\"block-template overflow-hidden\">\n<h6 style=\"text-align: center;\">Ofreciendo la m\u00e1xima seguridad de la tecnolog\u00eda V-SRPA, la bater\u00eda se puede instalar en entornos con personas y otros equipos, sin riesgos para la salud.<\/h6>\n<\/div>\n<\/div>\n<\/div>\n<\/div>\n<\/div>\n<\/div>\n<\/div>\n<\/div>\n<div class=\"mt2 mb2 \">\n<div class=\"grid-container \">\n<div class=\"block-mini-banner is-product-page\" data-ga-name=\"section-mini-banner\">\n<div class=\"grid-x grid-container align-middle\">\n<div class=\"cell media-cell medium-6 medium-order-2 large-offset-1\">\n<div class=\"block-mini-banner__media\">\n<figure class=\"text-center object-fit--contain\"><img decoding=\"async\" class=\"aligncenter\" src=\"https:\/\/backend.intelbras.com\/sites\/default\/files\/styles\/large\/public\/2022-08\/Flyer_EB_1245_553x383px_03.png\" alt=\"Volante_EB_1245_553x383px_03.png\" \/><\/figure>\n<p style=\"text-align: center;\"><span class=\"text text--300\"><em>* Imagen ilustrativa<\/em><\/span><\/p>\n<\/div>\n<\/div>\n<div class=\"cell medium-auto medium-order-1\">\n<div class=\"block-mini-banner__content\">\n<div class=\"mt2 mb2 \" style=\"text-align: center;\">\n<h4 class=\"weight--small-300 weight--large-200 block-mini-banner__title h3\">Soluci\u00f3n multiprop\u00f3sito<\/h4>\n<\/div>\n<div class=\"text text--300\">\n<div class=\"block-template overflow-hidden\">\n<h6 style=\"text-align: center;\">La bater\u00eda EB 1260 es vers\u00e1til e ideal para mantener el correcto funcionamiento de los dispositivos de control de acceso, seguridad, TI, telecomunicaciones y automatizaci\u00f3n comercial.<\/h6>\n<\/div>\n<\/div>\n<\/div>\n<\/div>\n<\/div>\n<\/div>\n<\/div>\n<\/div>\n<div class=\"mt2 mb2 \">\n<div class=\"grid-container \">\n<div class=\"block-mini-banner is-product-page\" data-ga-name=\"section-mini-banner\">\n<div class=\"grid-x grid-container align-middle\">\n<div class=\"cell media-cell medium-6\">\n<div class=\"block-mini-banner__media\">\n<figure class=\"text-center object-fit--contain\"><img decoding=\"async\" class=\"aligncenter\" src=\"https:\/\/backend.intelbras.com\/sites\/default\/files\/styles\/large\/public\/2022-08\/Flyer_EB_1245_553x383px_04_0.png\" alt=\"Volante_EB_1245_553x383px_04_0.png\" \/><\/figure>\n<\/div>\n<\/div>\n<div class=\"cell medium-auto\">\n<div class=\"block-mini-banner__content\">\n<div class=\"mt2 mb2 \">\n<h4 class=\"weight--small-300 weight--large-200 block-mini-banner__title h3\" style=\"text-align: center;\">Indicador de carga<\/h4>\n<\/div>\n<div class=\"text text--300\">\n<div class=\"block-template overflow-hidden\">\n<h6 style=\"text-align: center;\">Producto equipado con un &#8220;ojo m\u00e1gico&#8221;, un mecanismo especial que proporciona indicaci\u00f3n de la carga y el estado del equipo.<\/h6>\n<\/div>\n<\/div>\n<\/div>\n<\/div>\n<\/div>\n<\/div>\n<\/div>\n<\/div>\n","protected":false},"excerpt":{"rendered":"<h4><span style=\"color: #008000;\">El EB 1260 tiene un voltaje de 12Vdc, una capacidad de 60Ah y proporciona mayor autonom\u00eda a los UPS en sistemas de control de acceso, seguridad, IT y automatizaci\u00f3n.<\/span><\/h4>\n","protected":false},"featured_media":11596,"comment_status":"closed","ping_status":"closed","template":"","meta":{"site-sidebar-layout":"default","site-content-layout":"default","ast-site-content-layout":"","site-content-style":"default","site-sidebar-style":"default","ast-global-header-display":"","ast-banner-title-visibility":"","ast-main-header-display":"","ast-hfb-above-header-display":"","ast-hfb-below-header-display":"","ast-hfb-mobile-header-display":"","site-post-title":"","ast-breadcrumbs-content":"","ast-featured-img":"","footer-sml-layout":"","theme-transparent-header-meta":"default","adv-header-id-meta":"","stick-header-meta":"","header-above-stick-meta":"","header-main-stick-meta":"","header-below-stick-meta":"","astra-migrate-meta-layouts":"default","ast-page-background-enabled":"default","ast-page-background-meta":{"desktop":{"background-color":"","background-image":"","background-repeat":"repeat","background-position":"center center","background-size":"auto","background-attachment":"scroll","background-type":"","background-media":"","overlay-type":"","overlay-color":"","overlay-opacity":"","overlay-gradient":""},"tablet":{"background-color":"","background-image":"","background-repeat":"repeat","background-position":"center center","background-size":"auto","background-attachment":"scroll","background-type":"","background-media":"","overlay-type":"","overlay-color":"","overlay-opacity":"","overlay-gradient":""},"mobile":{"background-color":"","background-image":"","background-repeat":"repeat","background-position":"center center","background-size":"auto","background-attachment":"scroll","background-type":"","background-media":"","overlay-type":"","overlay-color":"","overlay-opacity":"","overlay-gradient":""}},"ast-content-background-meta":{"desktop":{"background-color":"var(--ast-global-color-5)","background-image":"","background-repeat":"repeat","background-position":"center center","background-size":"auto","background-attachment":"scroll","background-type":"","background-media":"","overlay-type":"","overlay-color":"","overlay-opacity":"","overlay-gradient":""},"tablet":{"background-color":"var(--ast-global-color-5)","background-image":"","background-repeat":"repeat","background-position":"center center","background-size":"auto","background-attachment":"scroll","background-type":"","background-media":"","overlay-type":"","overlay-color":"","overlay-opacity":"","overlay-gradient":""},"mobile":{"background-color":"var(--ast-global-color-5)","background-image":"","background-repeat":"repeat","background-position":"center center","background-size":"auto","background-attachment":"scroll","background-type":"","background-media":"","overlay-type":"","overlay-color":"","overlay-opacity":"","overlay-gradient":""}}},"product_brand":[],"product_cat":[309],"product_tag":[],"class_list":{"0":"post-11565","1":"product","2":"type-product","3":"status-publish","4":"has-post-thumbnail","6":"product_cat-bateria","7":"desktop-align-left","8":"tablet-align-left","9":"mobile-align-left","11":"first","12":"instock","13":"taxable","14":"shipping-taxable","15":"purchasable","16":"product-type-simple"},"jetpack_sharing_enabled":true,"_links":{"self":[{"href":"https:\/\/www.creavaltec.com\/inicio\/wp-json\/wp\/v2\/product\/11565","targetHints":{"allow":["GET"]}}],"collection":[{"href":"https:\/\/www.creavaltec.com\/inicio\/wp-json\/wp\/v2\/product"}],"about":[{"href":"https:\/\/www.creavaltec.com\/inicio\/wp-json\/wp\/v2\/types\/product"}],"replies":[{"embeddable":true,"href":"https:\/\/www.creavaltec.com\/inicio\/wp-json\/wp\/v2\/comments?post=11565"}],"version-history":[{"count":5,"href":"https:\/\/www.creavaltec.com\/inicio\/wp-json\/wp\/v2\/product\/11565\/revisions"}],"predecessor-version":[{"id":11908,"href":"https:\/\/www.creavaltec.com\/inicio\/wp-json\/wp\/v2\/product\/11565\/revisions\/11908"}],"wp:featuredmedia":[{"embeddable":true,"href":"https:\/\/www.creavaltec.com\/inicio\/wp-json\/wp\/v2\/media\/11596"}],"wp:attachment":[{"href":"https:\/\/www.creavaltec.com\/inicio\/wp-json\/wp\/v2\/media?parent=11565"}],"wp:term":[{"taxonomy":"product_brand","embeddable":true,"href":"https:\/\/www.creavaltec.com\/inicio\/wp-json\/wp\/v2\/product_brand?post=11565"},{"taxonomy":"product_cat","embeddable":true,"href":"https:\/\/www.creavaltec.com\/inicio\/wp-json\/wp\/v2\/product_cat?post=11565"},{"taxonomy":"product_tag","embeddable":true,"href":"https:\/\/www.creavaltec.com\/inicio\/wp-json\/wp\/v2\/product_tag?post=11565"}],"curies":[{"name":"wp","href":"https:\/\/api.w.org\/{rel}","templated":true}]}}