{"id":11564,"date":"2025-03-13T11:19:49","date_gmt":"2025-03-13T16:19:49","guid":{"rendered":"https:\/\/www.creavaltec.com\/inicio\/?post_type=product&#038;p=11564"},"modified":"2026-03-30T11:54:49","modified_gmt":"2026-03-30T16:54:49","slug":"bateria-estacionaria-plomo-solar-12v-220ah-12ms234","status":"publish","type":"product","link":"https:\/\/www.creavaltec.com\/inicio\/tienda\/bateria-estacionaria-plomo-solar-12v-220ah-12ms234\/","title":{"rendered":"BATERIA ESTACIONARIA PLOMO SOLAR 12V 220AH 12MS234"},"content":{"rendered":"<div class=\"row row-interc\">\n<div class=\"col-sm-6\">\n<div class=\"col-content\">\n<h6 style=\"text-align: center;\">Est\u00e1 dise\u00f1ado para soportar tres veces m\u00e1s ciclos que el est\u00e1ndar del mercado.\u00a0 No necesita reponer agua y sus costos de operaci\u00f3n y mantenimiento son cercanos a cero, ofreciendo un mayor ahorro a su sistema. Bateria Solar desarrollada con los m\u00e1s altos est\u00e1ndares de fabricaci\u00f3n de bater\u00edas a nivel mundial, es la unidad que desarrolla espec\u00edficamente kits de energ\u00eda solar Off-Grid en Brasil.<\/h6>\n<p>&nbsp;<\/p>\n<h6 style=\"text-align: center;\">Ofrece hasta tres veces m\u00e1s rendimiento en aplicaciones de almacenamiento de energ\u00eda generada a partir de fuentes renovables y presenta productos dise\u00f1ados para soportar entornos sin control de temperatura. Ofrece mayor rendimiento y durabilidad para sistemas de generaci\u00f3n fotovoltaica peque\u00f1os y medianos. Admite tres veces m\u00e1s ciclos que el est\u00e1ndar del mercado en la categor\u00eda estacionaria.<\/h6>\n<p>&nbsp;<\/p>\n<h6 style=\"text-align: center;\">Tiene una excelente aceptaci\u00f3n de carga, lo que permite una recarga un 50% m\u00e1s r\u00e1pida y eficiente. Bater\u00eda totalmente sellada, sin necesidad de reponer agua, con costos de operaci\u00f3n y mantenimiento cercanos a cero, ofreciendo un mayor ahorro a su sistema.<\/h6>\n<h6 style=\"text-align: center;\">M\u00e1s de 450 ciclos<br \/>\nRecarga hasta un 50% m\u00e1s eficiente<br \/>\nExcelente rendimiento en ciclos profundos<br \/>\nRendimiento a altas temperaturas<br \/>\nLibre de mantenimiento<br \/>\nVoltaje: 12v &#8211; 220Ah<br \/>\nVoltaje de flotaci\u00f3n: 13,6 &#8211; 13,8V a 25\u00baC<br \/>\nVoltaje de carga: 14,3 a 14,5V a 25\u00baC<br \/>\nPeso: 42,5kg<br \/>\nDimensiones (LxAnxAl): 513mm x 209mm x 236mm<\/h6>\n<\/div>\n<\/div>\n<\/div>\n","protected":false},"excerpt":{"rendered":"<h4><span style=\"color: #008000;\">\u00a1La serie MS (Bater\u00eda Solar ) tiene la durabilidad y el rendimiento que su negocio necesita! Especialmente dise\u00f1ado para su uso en aplicaciones de ciclo profundo, cuenta con tecnolog\u00eda de plomo-carbono. Por lo tanto, es ideal para la mayor\u00eda de los sistemas de energ\u00eda fotovoltaica fuera de la red. Tiene una excelente aceptaci\u00f3n de carga, lo que permite una recarga m\u00e1s r\u00e1pida y eficiente.<\/span><\/h4>\n","protected":false},"featured_media":11692,"comment_status":"closed","ping_status":"closed","template":"","meta":{"site-sidebar-layout":"default","site-content-layout":"default","ast-site-content-layout":"","site-content-style":"default","site-sidebar-style":"default","ast-global-header-display":"","ast-banner-title-visibility":"","ast-main-header-display":"","ast-hfb-above-header-display":"","ast-hfb-below-header-display":"","ast-hfb-mobile-header-display":"","site-post-title":"","ast-breadcrumbs-content":"","ast-featured-img":"","footer-sml-layout":"","theme-transparent-header-meta":"default","adv-header-id-meta":"","stick-header-meta":"","header-above-stick-meta":"","header-main-stick-meta":"","header-below-stick-meta":"","astra-migrate-meta-layouts":"default","ast-page-background-enabled":"default","ast-page-background-meta":{"desktop":{"background-color":"","background-image":"","background-repeat":"repeat","background-position":"center center","background-size":"auto","background-attachment":"scroll","background-type":"","background-media":"","overlay-type":"","overlay-color":"","overlay-opacity":"","overlay-gradient":""},"tablet":{"background-color":"","background-image":"","background-repeat":"repeat","background-position":"center center","background-size":"auto","background-attachment":"scroll","background-type":"","background-media":"","overlay-type":"","overlay-color":"","overlay-opacity":"","overlay-gradient":""},"mobile":{"background-color":"","background-image":"","background-repeat":"repeat","background-position":"center center","background-size":"auto","background-attachment":"scroll","background-type":"","background-media":"","overlay-type":"","overlay-color":"","overlay-opacity":"","overlay-gradient":""}},"ast-content-background-meta":{"desktop":{"background-color":"var(--ast-global-color-5)","background-image":"","background-repeat":"repeat","background-position":"center center","background-size":"auto","background-attachment":"scroll","background-type":"","background-media":"","overlay-type":"","overlay-color":"","overlay-opacity":"","overlay-gradient":""},"tablet":{"background-color":"var(--ast-global-color-5)","background-image":"","background-repeat":"repeat","background-position":"center center","background-size":"auto","background-attachment":"scroll","background-type":"","background-media":"","overlay-type":"","overlay-color":"","overlay-opacity":"","overlay-gradient":""},"mobile":{"background-color":"var(--ast-global-color-5)","background-image":"","background-repeat":"repeat","background-position":"center center","background-size":"auto","background-attachment":"scroll","background-type":"","background-media":"","overlay-type":"","overlay-color":"","overlay-opacity":"","overlay-gradient":""}}},"product_brand":[],"product_cat":[309],"product_tag":[],"class_list":{"0":"post-11564","1":"product","2":"type-product","3":"status-publish","4":"has-post-thumbnail","6":"product_cat-bateria","7":"desktop-align-left","8":"tablet-align-left","9":"mobile-align-left","11":"first","12":"instock","13":"taxable","14":"shipping-taxable","15":"purchasable","16":"product-type-simple"},"jetpack_sharing_enabled":true,"_links":{"self":[{"href":"https:\/\/www.creavaltec.com\/inicio\/wp-json\/wp\/v2\/product\/11564","targetHints":{"allow":["GET"]}}],"collection":[{"href":"https:\/\/www.creavaltec.com\/inicio\/wp-json\/wp\/v2\/product"}],"about":[{"href":"https:\/\/www.creavaltec.com\/inicio\/wp-json\/wp\/v2\/types\/product"}],"replies":[{"embeddable":true,"href":"https:\/\/www.creavaltec.com\/inicio\/wp-json\/wp\/v2\/comments?post=11564"}],"version-history":[{"count":4,"href":"https:\/\/www.creavaltec.com\/inicio\/wp-json\/wp\/v2\/product\/11564\/revisions"}],"predecessor-version":[{"id":11663,"href":"https:\/\/www.creavaltec.com\/inicio\/wp-json\/wp\/v2\/product\/11564\/revisions\/11663"}],"wp:featuredmedia":[{"embeddable":true,"href":"https:\/\/www.creavaltec.com\/inicio\/wp-json\/wp\/v2\/media\/11692"}],"wp:attachment":[{"href":"https:\/\/www.creavaltec.com\/inicio\/wp-json\/wp\/v2\/media?parent=11564"}],"wp:term":[{"taxonomy":"product_brand","embeddable":true,"href":"https:\/\/www.creavaltec.com\/inicio\/wp-json\/wp\/v2\/product_brand?post=11564"},{"taxonomy":"product_cat","embeddable":true,"href":"https:\/\/www.creavaltec.com\/inicio\/wp-json\/wp\/v2\/product_cat?post=11564"},{"taxonomy":"product_tag","embeddable":true,"href":"https:\/\/www.creavaltec.com\/inicio\/wp-json\/wp\/v2\/product_tag?post=11564"}],"curies":[{"name":"wp","href":"https:\/\/api.w.org\/{rel}","templated":true}]}}