{"id":10334,"date":"2024-08-08T11:29:49","date_gmt":"2024-08-08T16:29:49","guid":{"rendered":"https:\/\/www.creavaltec.com\/inicio\/?post_type=product&#038;p=10334"},"modified":"2026-03-26T16:51:21","modified_gmt":"2026-03-26T21:51:21","slug":"amplimax-solucion-de-largo-alcance-para-areas-sin-senal-de-internet","status":"publish","type":"product","link":"https:\/\/www.creavaltec.com\/inicio\/tienda\/amplimax-solucion-de-largo-alcance-para-areas-sin-senal-de-internet\/","title":{"rendered":"Amplimax Soluci\u00f3n de largo alcance para \u00e1reas sin se\u00f1al de Internet"},"content":{"rendered":"<div class=\"elementor-element elementor-element-4725f78 elementor-widget elementor-widget-heading\" data-id=\"4725f78\" data-element_type=\"widget\" data-widget_type=\"heading.default\">\n<div class=\"elementor-widget-container\">\n<div class=\"elementor-element elementor-element-4725f78 elementor-widget elementor-widget-heading\" data-id=\"4725f78\" data-element_type=\"widget\" data-widget_type=\"heading.default\">\n<div class=\"elementor-widget-container\">\n<p><img fetchpriority=\"high\" decoding=\"async\" class=\" wp-image-9992 aligncenter\" src=\"https:\/\/www.creavaltec.com\/inicio\/wp-content\/uploads\/2024\/06\/Descripcion_Amplimax-a-1-300x186.jpg\" alt=\"\" width=\"406\" height=\"252\" srcset=\"https:\/\/www.creavaltec.com\/inicio\/wp-content\/uploads\/2024\/06\/Descripcion_Amplimax-a-1-300x186.jpg 300w, https:\/\/www.creavaltec.com\/inicio\/wp-content\/uploads\/2024\/06\/Descripcion_Amplimax-a-1-768x475.jpg 768w, https:\/\/www.creavaltec.com\/inicio\/wp-content\/uploads\/2024\/06\/Descripcion_Amplimax-a-1-570x353.jpg 570w, https:\/\/www.creavaltec.com\/inicio\/wp-content\/uploads\/2024\/06\/Descripcion_Amplimax-a-1-64x40.jpg 64w, https:\/\/www.creavaltec.com\/inicio\/wp-content\/uploads\/2024\/06\/Descripcion_Amplimax-a-1.jpg 970w\" sizes=\"(max-width: 406px) 100vw, 406px\" \/><\/p>\n<h4 class=\"elementor-heading-title elementor-size-default\" style=\"text-align: center;\">Internet<\/h4>\n<\/div>\n<\/div>\n<div class=\"elementor-element elementor-element-e4fa76e elementor-widget elementor-widget-text-editor\" data-id=\"e4fa76e\" data-element_type=\"widget\" data-widget_type=\"text-editor.default\">\n<div class=\"elementor-widget-container\">\n<h6 style=\"text-align: center;\">Como parte de las necesidades humanas b\u00e1sicas de la nueva realidad, la conexi\u00f3n a Internet sigue siendo un desaf\u00edo en varias regiones de Brasil y del mundo. Por lo tanto, adem\u00e1s de las alianzas estrat\u00e9gicas que sirven a este mercado, tambi\u00e9n tenemos nuestra propia soluci\u00f3n, creada y desarrollada por Elsys: AMPLIMAX!<\/h6>\n<p>&nbsp;<\/p>\n<p><img decoding=\"async\" class=\" wp-image-9993 aligncenter\" src=\"https:\/\/www.creavaltec.com\/inicio\/wp-content\/uploads\/2024\/06\/Descripcion_Amplimax-5-300x186.jpg\" alt=\"\" width=\"410\" height=\"254\" srcset=\"https:\/\/www.creavaltec.com\/inicio\/wp-content\/uploads\/2024\/06\/Descripcion_Amplimax-5-300x186.jpg 300w, https:\/\/www.creavaltec.com\/inicio\/wp-content\/uploads\/2024\/06\/Descripcion_Amplimax-5-768x475.jpg 768w, https:\/\/www.creavaltec.com\/inicio\/wp-content\/uploads\/2024\/06\/Descripcion_Amplimax-5-570x353.jpg 570w, https:\/\/www.creavaltec.com\/inicio\/wp-content\/uploads\/2024\/06\/Descripcion_Amplimax-5-64x40.jpg 64w, https:\/\/www.creavaltec.com\/inicio\/wp-content\/uploads\/2024\/06\/Descripcion_Amplimax-5.jpg 970w\" sizes=\"(max-width: 410px) 100vw, 410px\" \/><\/p>\n<section class=\"elementor-section elementor-inner-section elementor-element elementor-element-27c2cf8 elementor-section-boxed elementor-section-height-default elementor-section-height-default\" data-id=\"27c2cf8\" data-element_type=\"section\">\n<div class=\"elementor-container elementor-column-gap-default\">\n<div class=\"elementor-column elementor-col-33 elementor-inner-column elementor-element elementor-element-29363d6\" data-id=\"29363d6\" data-element_type=\"column\">\n<div class=\"elementor-widget-wrap elementor-element-populated\">\n<div class=\"elementor-element elementor-element-1896d69 elementor-widget elementor-widget-heading\" data-id=\"1896d69\" data-element_type=\"widget\" data-widget_type=\"heading.default\">\n<div class=\"elementor-widget-container\">\n<h4 class=\"elementor-heading-title elementor-size-default\" style=\"text-align: center;\">Ventajas Amplimax<\/h4>\n<\/div>\n<\/div>\n<\/div>\n<\/div>\n<div class=\"elementor-column elementor-col-33 elementor-inner-column elementor-element elementor-element-accaf55\" style=\"text-align: center;\" data-id=\"accaf55\" data-element_type=\"column\">\n<div class=\"elementor-widget-wrap elementor-element-populated\">\n<div class=\"elementor-element elementor-element-e21e955 animated-fast elementor-view-default elementor-position-top elementor-mobile-position-top elementor-widget elementor-widget-icon-box animated fadeInUp\" data-id=\"e21e955\" data-element_type=\"widget\" data-settings=\"{&quot;_animation&quot;:&quot;fadeInUp&quot;,&quot;_animation_delay&quot;:100}\" data-widget_type=\"icon-box.default\">\n<div class=\"elementor-widget-container\">\n<div class=\"elementor-icon-box-wrapper\">\n<div class=\"elementor-icon-box-content\">\n<h6 class=\"elementor-icon-box-title\">Hasta 6 veces m\u00e1s alcance que un m\u00f3dem o m\u00f3vil tradicional<\/h6>\n<p>&nbsp;<\/p>\n<p><img decoding=\"async\" class=\"alignnone wp-image-9994\" src=\"https:\/\/www.creavaltec.com\/inicio\/wp-content\/uploads\/2024\/06\/beneficio-5-300x300.png\" alt=\"\" width=\"331\" height=\"331\" srcset=\"https:\/\/www.creavaltec.com\/inicio\/wp-content\/uploads\/2024\/06\/beneficio-5-300x300.png 300w, https:\/\/www.creavaltec.com\/inicio\/wp-content\/uploads\/2024\/06\/beneficio-5-1024x1024.png 1024w, https:\/\/www.creavaltec.com\/inicio\/wp-content\/uploads\/2024\/06\/beneficio-5-150x150.png 150w, https:\/\/www.creavaltec.com\/inicio\/wp-content\/uploads\/2024\/06\/beneficio-5-768x768.png 768w, https:\/\/www.creavaltec.com\/inicio\/wp-content\/uploads\/2024\/06\/beneficio-5-570x570.png 570w, https:\/\/www.creavaltec.com\/inicio\/wp-content\/uploads\/2024\/06\/beneficio-5-100x100.png 100w, https:\/\/www.creavaltec.com\/inicio\/wp-content\/uploads\/2024\/06\/beneficio-5-64x64.png 64w, https:\/\/www.creavaltec.com\/inicio\/wp-content\/uploads\/2024\/06\/beneficio-5.png 1200w\" sizes=\"(max-width: 331px) 100vw, 331px\" \/><\/p>\n<\/div>\n<\/div>\n<\/div>\n<\/div>\n<\/div>\n<\/div>\n<div class=\"elementor-column elementor-col-33 elementor-inner-column elementor-element elementor-element-ebced5c\" data-id=\"ebced5c\" data-element_type=\"column\">\n<div class=\"elementor-widget-wrap elementor-element-populated\">\n<div class=\"elementor-element elementor-element-49fb0c0 animated-fast elementor-view-default elementor-position-top elementor-mobile-position-top elementor-widget elementor-widget-icon-box animated fadeInUp\" data-id=\"49fb0c0\" data-element_type=\"widget\" data-settings=\"{&quot;_animation&quot;:&quot;fadeInUp&quot;,&quot;_animation_delay&quot;:100}\" data-widget_type=\"icon-box.default\">\n<div class=\"elementor-widget-container\">\n<div class=\"elementor-icon-box-wrapper\">\n<div class=\"elementor-icon-box-icon\" style=\"text-align: center;\"><\/div>\n<div class=\"elementor-icon-box-content\">\n<h4 class=\"elementor-icon-box-title\" style=\"text-align: center;\">Puedes usar un chip de cualquier operador<\/h4>\n<\/div>\n<\/div>\n<\/div>\n<\/div>\n<\/div>\n<\/div>\n<\/div>\n<\/section>\n<section class=\"elementor-section elementor-inner-section elementor-element elementor-element-a697edf elementor-section-boxed elementor-section-height-default elementor-section-height-default\" data-id=\"a697edf\" data-element_type=\"section\">\n<div class=\"elementor-container elementor-column-gap-default\">\n<div class=\"elementor-column elementor-col-33 elementor-inner-column elementor-element elementor-element-9f11aa5\" style=\"text-align: center;\" data-id=\"9f11aa5\" data-element_type=\"column\">\n<div class=\"elementor-widget-wrap elementor-element-populated\">\n<div class=\"elementor-element elementor-element-ff78ad8 animated-fast elementor-view-default elementor-position-top elementor-mobile-position-top elementor-widget elementor-widget-icon-box animated fadeInUp\" data-id=\"ff78ad8\" data-element_type=\"widget\" data-settings=\"{&quot;_animation&quot;:&quot;fadeInUp&quot;,&quot;_animation_delay&quot;:100}\" data-widget_type=\"icon-box.default\">\n<div class=\"elementor-widget-container\">\n<div class=\"elementor-icon-box-wrapper\">\n<div class=\"elementor-icon-box-content\">\n<h6 class=\"elementor-icon-box-title\">Perfecto para conectividad m\u00f3vil<\/h6>\n<p><img loading=\"lazy\" decoding=\"async\" class=\"alignnone wp-image-9990\" src=\"https:\/\/www.creavaltec.com\/inicio\/wp-content\/uploads\/2024\/06\/Descripcion_Amplimax-3-300x186.jpg\" alt=\"\" width=\"426\" height=\"264\" srcset=\"https:\/\/www.creavaltec.com\/inicio\/wp-content\/uploads\/2024\/06\/Descripcion_Amplimax-3-300x186.jpg 300w, https:\/\/www.creavaltec.com\/inicio\/wp-content\/uploads\/2024\/06\/Descripcion_Amplimax-3-768x475.jpg 768w, https:\/\/www.creavaltec.com\/inicio\/wp-content\/uploads\/2024\/06\/Descripcion_Amplimax-3-570x353.jpg 570w, https:\/\/www.creavaltec.com\/inicio\/wp-content\/uploads\/2024\/06\/Descripcion_Amplimax-3-64x40.jpg 64w, https:\/\/www.creavaltec.com\/inicio\/wp-content\/uploads\/2024\/06\/Descripcion_Amplimax-3.jpg 970w\" sizes=\"(max-width: 426px) 100vw, 426px\" \/><\/p>\n<\/div>\n<\/div>\n<\/div>\n<\/div>\n<\/div>\n<\/div>\n<div class=\"elementor-column elementor-col-33 elementor-inner-column elementor-element elementor-element-536e726\" style=\"text-align: center;\" data-id=\"536e726\" data-element_type=\"column\">\n<div class=\"elementor-widget-wrap elementor-element-populated\">\n<div class=\"elementor-element elementor-element-40d2c9d animated-fast elementor-view-default elementor-position-top elementor-mobile-position-top elementor-widget elementor-widget-icon-box animated fadeInUp\" data-id=\"40d2c9d\" data-element_type=\"widget\" data-settings=\"{&quot;_animation&quot;:&quot;fadeInUp&quot;,&quot;_animation_delay&quot;:100}\" data-widget_type=\"icon-box.default\">\n<div class=\"elementor-widget-container\">\n<div class=\"elementor-icon-box-wrapper\">\n<div class=\"elementor-icon-box-content\">\n<h4 class=\"elementor-icon-box-title\">Puedes averiguar cual el mejor operador en la regi\u00f3n<\/h4>\n<\/div>\n<\/div>\n<\/div>\n<\/div>\n<\/div>\n<\/div>\n<div class=\"elementor-column elementor-col-33 elementor-inner-column elementor-element elementor-element-4221f2a\" data-id=\"4221f2a\" data-element_type=\"column\">\n<div class=\"elementor-widget-wrap elementor-element-populated\">\n<div class=\"elementor-element elementor-element-2a67405 animated-fast elementor-position-top elementor-view-default elementor-mobile-position-top elementor-widget elementor-widget-icon-box animated fadeInUp\" data-id=\"2a67405\" data-element_type=\"widget\" data-settings=\"{&quot;_animation&quot;:&quot;fadeInUp&quot;,&quot;_animation_delay&quot;:100}\" data-widget_type=\"icon-box.default\">\n<div class=\"elementor-widget-container\">\n<div class=\"elementor-icon-box-wrapper\">\n<div class=\"elementor-icon-box-content\">\n<h6 class=\"elementor-icon-box-title\" style=\"text-align: center;\">Dise\u00f1ado para ser instalado en exteriores<\/h6>\n<\/div>\n<\/div>\n<\/div>\n<\/div>\n<\/div>\n<\/div>\n<\/div>\n<\/section>\n<\/div>\n<\/div>\n<\/div>\n<\/div>\n","protected":false},"excerpt":{"rendered":"<h4><span style=\"color: #008000;\">Amplimax es una soluci\u00f3n de largo alcance para \u00e1reas sin se\u00f1al de Internet y telefon\u00eda fija, que captura la se\u00f1al de operadoras celulares de las torres a kil\u00f3metros de distancia y permite a las personas conectarse dondequiera que est\u00e9n: en las monta\u00f1as, en la granja, en la carretera, en la isla, en la oficina (como Internet sin interrupciones) y en muchas otras situaciones.<\/span><\/h4>\n<p>&nbsp;<\/p>\n<h4>Incluye:<\/h4>\n<h5><span style=\"color: #008000;\">1 Amplimax<\/span><\/h5>\n","protected":false},"featured_media":10336,"comment_status":"closed","ping_status":"closed","template":"","meta":{"site-sidebar-layout":"default","site-content-layout":"default","ast-site-content-layout":"","site-content-style":"default","site-sidebar-style":"default","ast-global-header-display":"","ast-banner-title-visibility":"","ast-main-header-display":"","ast-hfb-above-header-display":"","ast-hfb-below-header-display":"","ast-hfb-mobile-header-display":"","site-post-title":"","ast-breadcrumbs-content":"","ast-featured-img":"","footer-sml-layout":"","theme-transparent-header-meta":"default","adv-header-id-meta":"","stick-header-meta":"","header-above-stick-meta":"","header-main-stick-meta":"","header-below-stick-meta":"","astra-migrate-meta-layouts":"default","ast-page-background-enabled":"default","ast-page-background-meta":{"desktop":{"background-color":"","background-image":"","background-repeat":"repeat","background-position":"center center","background-size":"auto","background-attachment":"scroll","background-type":"","background-media":"","overlay-type":"","overlay-color":"","overlay-opacity":"","overlay-gradient":""},"tablet":{"background-color":"","background-image":"","background-repeat":"repeat","background-position":"center center","background-size":"auto","background-attachment":"scroll","background-type":"","background-media":"","overlay-type":"","overlay-color":"","overlay-opacity":"","overlay-gradient":""},"mobile":{"background-color":"","background-image":"","background-repeat":"repeat","background-position":"center center","background-size":"auto","background-attachment":"scroll","background-type":"","background-media":"","overlay-type":"","overlay-color":"","overlay-opacity":"","overlay-gradient":""}},"ast-content-background-meta":{"desktop":{"background-color":"var(--ast-global-color-5)","background-image":"","background-repeat":"repeat","background-position":"center center","background-size":"auto","background-attachment":"scroll","background-type":"","background-media":"","overlay-type":"","overlay-color":"","overlay-opacity":"","overlay-gradient":""},"tablet":{"background-color":"var(--ast-global-color-5)","background-image":"","background-repeat":"repeat","background-position":"center center","background-size":"auto","background-attachment":"scroll","background-type":"","background-media":"","overlay-type":"","overlay-color":"","overlay-opacity":"","overlay-gradient":""},"mobile":{"background-color":"var(--ast-global-color-5)","background-image":"","background-repeat":"repeat","background-position":"center center","background-size":"auto","background-attachment":"scroll","background-type":"","background-media":"","overlay-type":"","overlay-color":"","overlay-opacity":"","overlay-gradient":""}}},"product_brand":[],"product_cat":[69],"product_tag":[],"class_list":{"0":"post-10334","1":"product","2":"type-product","3":"status-publish","4":"has-post-thumbnail","6":"product_cat-centrales-telefonicas","7":"desktop-align-left","8":"tablet-align-left","9":"mobile-align-left","11":"first","12":"instock","13":"sale","14":"taxable","15":"shipping-taxable","16":"purchasable","17":"product-type-simple"},"jetpack_sharing_enabled":true,"_links":{"self":[{"href":"https:\/\/www.creavaltec.com\/inicio\/wp-json\/wp\/v2\/product\/10334","targetHints":{"allow":["GET"]}}],"collection":[{"href":"https:\/\/www.creavaltec.com\/inicio\/wp-json\/wp\/v2\/product"}],"about":[{"href":"https:\/\/www.creavaltec.com\/inicio\/wp-json\/wp\/v2\/types\/product"}],"replies":[{"embeddable":true,"href":"https:\/\/www.creavaltec.com\/inicio\/wp-json\/wp\/v2\/comments?post=10334"}],"version-history":[{"count":1,"href":"https:\/\/www.creavaltec.com\/inicio\/wp-json\/wp\/v2\/product\/10334\/revisions"}],"predecessor-version":[{"id":10335,"href":"https:\/\/www.creavaltec.com\/inicio\/wp-json\/wp\/v2\/product\/10334\/revisions\/10335"}],"wp:featuredmedia":[{"embeddable":true,"href":"https:\/\/www.creavaltec.com\/inicio\/wp-json\/wp\/v2\/media\/10336"}],"wp:attachment":[{"href":"https:\/\/www.creavaltec.com\/inicio\/wp-json\/wp\/v2\/media?parent=10334"}],"wp:term":[{"taxonomy":"product_brand","embeddable":true,"href":"https:\/\/www.creavaltec.com\/inicio\/wp-json\/wp\/v2\/product_brand?post=10334"},{"taxonomy":"product_cat","embeddable":true,"href":"https:\/\/www.creavaltec.com\/inicio\/wp-json\/wp\/v2\/product_cat?post=10334"},{"taxonomy":"product_tag","embeddable":true,"href":"https:\/\/www.creavaltec.com\/inicio\/wp-json\/wp\/v2\/product_tag?post=10334"}],"curies":[{"name":"wp","href":"https:\/\/api.w.org\/{rel}","templated":true}]}}