{"id":10247,"date":"2024-07-18T13:56:28","date_gmt":"2024-07-18T18:56:28","guid":{"rendered":"https:\/\/www.creavaltec.com\/inicio\/?post_type=product&#038;p=10247"},"modified":"2026-04-07T14:14:51","modified_gmt":"2026-04-07T19:14:51","slug":"kit-ups-gnb-1500va-con-2-baterias-12v-18ah-para-respaldo-de-energia","status":"publish","type":"product","link":"https:\/\/www.creavaltec.com\/inicio\/tienda\/kit-ups-gnb-1500va-con-2-baterias-12v-18ah-para-respaldo-de-energia\/","title":{"rendered":"KIT UPS GNB 1500VA CON 2 BATERIAS 12V-18AH PARA RESPALDO DE ENERGIA"},"content":{"rendered":"<div class=\"mt2 mb2 \">\n<div class=\"grid-container \">\n<div class=\"block-mini-banner is-product-page\" data-ga-name=\"section-mini-banner\">\n<div class=\"grid-x grid-container align-middle\">\n<div class=\"cell media-cell medium-6 medium-order-2 large-offset-1\">\n<div class=\"block-mini-banner__media\">\n<figure class=\"text-center object-fit--contain\"><img decoding=\"async\" class=\"aligncenter\" src=\"https:\/\/backend.intelbras.com\/sites\/default\/files\/styles\/large\/public\/2021-10\/FlyerDigital_GNB_1000_01-19_01_2.jpg\" alt=\"FlyerDigital_GNB_1000_01-19_01_1.jpg\" \/><\/figure>\n<\/div>\n<\/div>\n<div class=\"cell medium-auto medium-order-1\" style=\"text-align: center;\">\n<div class=\"block-mini-banner__content\">\n<div class=\"mt2 mb2 \">\n<h2 class=\"weight--small-300 weight--large-200 block-mini-banner__title h3\">Desempe\u00f1o en la medida cierta<\/h2>\n<\/div>\n<div class=\"text text--300\">\n<div class=\"block-template overflow-hidden\">\n<p>El GNB 1500 permite apertura y cierre de portones electr\u00f3nicos deslizantes, basculantes, pivotantes, puertas de acero y barrera de control de acceso, incluso en caso de ca\u00edda de energ\u00eda.<\/p>\n<\/div>\n<\/div>\n<\/div>\n<\/div>\n<\/div>\n<\/div>\n<\/div>\n<\/div>\n<div class=\"mt2 mb2 \" style=\"text-align: center;\">\n<div class=\"grid-container \">\n<div class=\"block-mini-banner is-product-page\" data-ga-name=\"section-mini-banner\">\n<div class=\"grid-x grid-container align-middle\">\n<div class=\"cell media-cell medium-6\">\n<div class=\"block-mini-banner__media\">\n<figure class=\"text-center object-fit--contain\"><img decoding=\"async\" src=\"https:\/\/backend.intelbras.com\/sites\/default\/files\/styles\/large\/public\/2021-10\/FlyerDigital_GNB_1500_01-19_02_0.jpg\" alt=\"FlyerDigital_GNB_1500_01-19_02.jpg \" \/><\/figure>\n<\/div>\n<\/div>\n<div class=\"cell medium-auto\">\n<div class=\"block-mini-banner__content\">\n<div class=\"mt2 mb2 \">\n<h2 class=\"weight--small-300 weight--large-200 block-mini-banner__title h3\">M\u00e1s protecci\u00f3n para sus equipos<\/h2>\n<\/div>\n<div class=\"text text--300\">\n<div class=\"block-template overflow-hidden\">\n<p>Son 6 niveles de protecci\u00f3n que proporcionan m\u00e1s seguridad a los equipos, protegiendo contras las oscilaciones y fallas de la red el\u00e9ctrica.<\/p>\n<\/div>\n<\/div>\n<\/div>\n<\/div>\n<\/div>\n<\/div>\n<\/div>\n<\/div>\n<div class=\"mt2 mb2 \" style=\"text-align: center;\">\n<div class=\"grid-container \">\n<div class=\"block-mini-banner is-product-page\" data-ga-name=\"section-mini-banner\">\n<div class=\"grid-x grid-container align-middle\">\n<div class=\"cell media-cell medium-6 medium-order-2 large-offset-1\">\n<div class=\"block-mini-banner__media\">\n<figure class=\"text-center object-fit--contain\"><img fetchpriority=\"high\" decoding=\"async\" class=\"alignnone wp-image-10668\" src=\"https:\/\/www.creavaltec.com\/inicio\/wp-content\/uploads\/2023\/11\/GNB-300x72.jpeg\" alt=\"\" width=\"509\" height=\"122\" srcset=\"https:\/\/www.creavaltec.com\/inicio\/wp-content\/uploads\/2023\/11\/GNB-300x72.jpeg 300w, https:\/\/www.creavaltec.com\/inicio\/wp-content\/uploads\/2023\/11\/GNB-570x137.jpeg 570w, https:\/\/www.creavaltec.com\/inicio\/wp-content\/uploads\/2023\/11\/GNB-64x15.jpeg 64w, https:\/\/www.creavaltec.com\/inicio\/wp-content\/uploads\/2023\/11\/GNB.jpeg 662w\" sizes=\"(max-width: 509px) 100vw, 509px\" \/><\/figure>\n<\/div>\n<\/div>\n<div class=\"cell medium-auto medium-order-1\">\n<div class=\"block-mini-banner__content\">\n<div class=\"mt2 mb2 \">\n<h2 class=\"weight--small-300 weight--large-200 block-mini-banner__title h3\">Expansi\u00f3n para bater\u00eda externa<\/h2>\n<\/div>\n<div class=\"text text--300\">\n<div class=\"block-template overflow-hidden\">\n<p>Con cable integrado para conexi\u00f3n de 2 bater\u00eda externas 12V en serie (24V), usted determina el tiempo de autonom\u00eda, en ciclos, de su port\u00f3n electr\u00f3nico.<\/p>\n<\/div>\n<\/div>\n<\/div>\n<\/div>\n<\/div>\n<\/div>\n<\/div>\n<\/div>\n<div class=\"mt2 mb2 \">\n<div class=\"grid-container \">\n<div class=\"block-mini-banner is-product-page\" data-ga-name=\"section-mini-banner\">\n<div class=\"grid-x grid-container align-middle\">\n<div class=\"cell media-cell medium-6\" style=\"text-align: center;\">\n<div class=\"block-mini-banner__media\">\n<figure class=\"text-center object-fit--contain\"><img decoding=\"async\" src=\"https:\/\/backend.intelbras.com\/sites\/default\/files\/styles\/large\/public\/2021-10\/FlyerDigital_GNB_1500_01-19_01_0.jpg\" alt=\"FlyerDigital_GNB_1500_01-19_01.jpg \" \/><\/figure>\n<\/div>\n<\/div>\n<div class=\"cell medium-auto\">\n<div class=\"block-mini-banner__content\">\n<div class=\"mt2 mb2 \" style=\"text-align: center;\">\n<h2 class=\"weight--small-300 weight--large-200 block-mini-banner__title h3\">Restart autom\u00e1tico<\/h2>\n<\/div>\n<div class=\"text text--300\">\n<div class=\"block-template overflow-hidden\">\n<p style=\"text-align: center;\">Con esta funcionalidad, el nobreak reinicia autom\u00e1ticamente cuando la red el\u00e9ctrica vuelve a la normalidad, incluso si la bater\u00eda est\u00e1 descargada<\/p>\n<\/div>\n<\/div>\n<\/div>\n<\/div>\n<\/div>\n<\/div>\n<\/div>\n<\/div>\n","protected":false},"excerpt":{"rendered":"<h4><span style=\"color: #008000;\">El GNB 1500 VA posee cable para bater\u00eda externa y sirve para portones de medio flujo. Para energizar motores de hasta 3\/4 HP<\/span><\/h4>\n<p>&nbsp;<\/p>\n<h4><span style=\"color: #008000;\">Combo Incluye<\/span><\/h4>\n<div class=\"text text--300\">\n<h5>1 UPS GNB 1500VA<br \/>\n2 BATERIAS 12V-18AH<\/h5>\n<\/div>\n","protected":false},"featured_media":10252,"comment_status":"closed","ping_status":"closed","template":"","meta":{"site-sidebar-layout":"default","site-content-layout":"default","ast-site-content-layout":"default","site-content-style":"default","site-sidebar-style":"default","ast-global-header-display":"","ast-banner-title-visibility":"","ast-main-header-display":"","ast-hfb-above-header-display":"","ast-hfb-below-header-display":"","ast-hfb-mobile-header-display":"","site-post-title":"","ast-breadcrumbs-content":"","ast-featured-img":"","footer-sml-layout":"","theme-transparent-header-meta":"default","adv-header-id-meta":"","stick-header-meta":"","header-above-stick-meta":"","header-main-stick-meta":"","header-below-stick-meta":"","astra-migrate-meta-layouts":"set","ast-page-background-enabled":"default","ast-page-background-meta":{"desktop":{"background-color":"","background-image":"","background-repeat":"repeat","background-position":"center center","background-size":"auto","background-attachment":"scroll","background-type":"","background-media":"","overlay-type":"","overlay-color":"","overlay-opacity":"","overlay-gradient":""},"tablet":{"background-color":"","background-image":"","background-repeat":"repeat","background-position":"center center","background-size":"auto","background-attachment":"scroll","background-type":"","background-media":"","overlay-type":"","overlay-color":"","overlay-opacity":"","overlay-gradient":""},"mobile":{"background-color":"","background-image":"","background-repeat":"repeat","background-position":"center center","background-size":"auto","background-attachment":"scroll","background-type":"","background-media":"","overlay-type":"","overlay-color":"","overlay-opacity":"","overlay-gradient":""}},"ast-content-background-meta":{"desktop":{"background-color":"var(--ast-global-color-5)","background-image":"","background-repeat":"repeat","background-position":"center center","background-size":"auto","background-attachment":"scroll","background-type":"","background-media":"","overlay-type":"","overlay-color":"","overlay-opacity":"","overlay-gradient":""},"tablet":{"background-color":"var(--ast-global-color-5)","background-image":"","background-repeat":"repeat","background-position":"center center","background-size":"auto","background-attachment":"scroll","background-type":"","background-media":"","overlay-type":"","overlay-color":"","overlay-opacity":"","overlay-gradient":""},"mobile":{"background-color":"var(--ast-global-color-5)","background-image":"","background-repeat":"repeat","background-position":"center center","background-size":"auto","background-attachment":"scroll","background-type":"","background-media":"","overlay-type":"","overlay-color":"","overlay-opacity":"","overlay-gradient":""}}},"product_brand":[],"product_cat":[222],"product_tag":[],"class_list":{"0":"post-10247","1":"product","2":"type-product","3":"status-publish","4":"has-post-thumbnail","6":"product_cat-motor_automatizador","7":"desktop-align-left","8":"tablet-align-left","9":"mobile-align-left","11":"first","12":"instock","13":"taxable","14":"shipping-taxable","15":"purchasable","16":"product-type-woosb"},"jetpack_sharing_enabled":true,"_links":{"self":[{"href":"https:\/\/www.creavaltec.com\/inicio\/wp-json\/wp\/v2\/product\/10247","targetHints":{"allow":["GET"]}}],"collection":[{"href":"https:\/\/www.creavaltec.com\/inicio\/wp-json\/wp\/v2\/product"}],"about":[{"href":"https:\/\/www.creavaltec.com\/inicio\/wp-json\/wp\/v2\/types\/product"}],"replies":[{"embeddable":true,"href":"https:\/\/www.creavaltec.com\/inicio\/wp-json\/wp\/v2\/comments?post=10247"}],"version-history":[{"count":5,"href":"https:\/\/www.creavaltec.com\/inicio\/wp-json\/wp\/v2\/product\/10247\/revisions"}],"predecessor-version":[{"id":10253,"href":"https:\/\/www.creavaltec.com\/inicio\/wp-json\/wp\/v2\/product\/10247\/revisions\/10253"}],"wp:featuredmedia":[{"embeddable":true,"href":"https:\/\/www.creavaltec.com\/inicio\/wp-json\/wp\/v2\/media\/10252"}],"wp:attachment":[{"href":"https:\/\/www.creavaltec.com\/inicio\/wp-json\/wp\/v2\/media?parent=10247"}],"wp:term":[{"taxonomy":"product_brand","embeddable":true,"href":"https:\/\/www.creavaltec.com\/inicio\/wp-json\/wp\/v2\/product_brand?post=10247"},{"taxonomy":"product_cat","embeddable":true,"href":"https:\/\/www.creavaltec.com\/inicio\/wp-json\/wp\/v2\/product_cat?post=10247"},{"taxonomy":"product_tag","embeddable":true,"href":"https:\/\/www.creavaltec.com\/inicio\/wp-json\/wp\/v2\/product_tag?post=10247"}],"curies":[{"name":"wp","href":"https:\/\/api.w.org\/{rel}","templated":true}]}}